{"id":14935,"date":"2016-12-14T09:26:21","date_gmt":"2016-12-14T14:26:21","guid":{"rendered":"http:\/\/52.229.127.56\/?page_id=14935\/"},"modified":"2016-12-14T09:26:21","modified_gmt":"2016-12-14T14:26:21","slug":"nous-joindre","status":"publish","type":"page","link":"https:\/\/www.ottawahospital.on.ca\/fr\/services-cliniques\/deptpgrmcs\/programmes\/loisirs-therapeutiques\/nous-joindre\/","title":{"rendered":"Nous Joindre"},"content":{"rendered":"<h2>Centre de r\u00e9adaptation de L\u2019H\u00f4pital d\u2019Ottawa<\/h2>\n<p>Les services des Loisirs th\u00e9rapeutiques sont offerts aux patients hospitalis\u00e9s et aux patients externes du Centre de r\u00e9adaptation. Votre physiatre peut faire pour vous une demande de consultation pour obtenir des conseils individuels en mati\u00e8re de loisirs.<\/p>\n<p>T\u00e9l. 613-737-8899, poste 75319<br \/>\nT\u00e9l\u00e9c. : 613-737-7056<\/p>\n<h2>Programme \u00ab On avance \u00bb<\/h2>\n<p>Les services des Loisirs th\u00e9rapeutiques sont offerts aux patients externes du Programme d\u2019intervention au premier \u00e9pisode de psychose (programme\u00a0On\u00a0avance). Votre clinicien primaire ou votre psychiatre peut faire pour vous une demande de consultation pour obtenir des conseils individuels en mati\u00e8re de loisirs.<\/p>\n<p>T\u00e9l. : 613-737-8899, poste 73015<br \/>\nT\u00e9l\u00e9copieur : 613-737-8313<\/p>\n<h2>Placement des \u00e9tudiants<\/h2>\n<p>Veuillez communiquer avec Caryn Johnston au\u00a0:<\/p>\n<p>T\u00e9l. : 613-737-8899, poste 75413<br \/>\nT\u00e9l\u00e9c. : 613-737-7056<\/p>\n","protected":false},"excerpt":{"rendered":"<p>Centre de r\u00e9adaptation de L\u2019H\u00f4pital d\u2019Ottawa Les services des Loisirs th\u00e9rapeutiques sont offerts aux patients hospitalis\u00e9s et aux patients externes du Centre de r\u00e9adaptation. Votre physiatre peut faire pour vous une demande de consultation pour obtenir des conseils individuels en mati\u00e8re de loisirs. T\u00e9l. 613-737-8899, poste 75319 T\u00e9l\u00e9c. : 613-737-7056 Programme \u00ab On avance \u00bb [&hellip;]<\/p>\n","protected":false},"author":25,"featured_media":0,"parent":14878,"menu_order":5,"comment_status":"closed","ping_status":"closed","template":"","meta":{"_acf_changed":false,"_mc_calendar":[],"footnotes":""},"class_list":["post-14935","page","type-page","status-publish","hentry"],"acf":[],"wps_subtitle":"","_links":{"self":[{"href":"https:\/\/www.ottawahospital.on.ca\/fr\/wp-json\/wp\/v2\/pages\/14935","targetHints":{"allow":["GET"]}}],"collection":[{"href":"https:\/\/www.ottawahospital.on.ca\/fr\/wp-json\/wp\/v2\/pages"}],"about":[{"href":"https:\/\/www.ottawahospital.on.ca\/fr\/wp-json\/wp\/v2\/types\/page"}],"author":[{"embeddable":true,"href":"https:\/\/www.ottawahospital.on.ca\/fr\/wp-json\/wp\/v2\/users\/25"}],"replies":[{"embeddable":true,"href":"https:\/\/www.ottawahospital.on.ca\/fr\/wp-json\/wp\/v2\/comments?post=14935"}],"version-history":[{"count":0,"href":"https:\/\/www.ottawahospital.on.ca\/fr\/wp-json\/wp\/v2\/pages\/14935\/revisions"}],"up":[{"embeddable":true,"href":"https:\/\/www.ottawahospital.on.ca\/fr\/wp-json\/wp\/v2\/pages\/14878"}],"wp:attachment":[{"href":"https:\/\/www.ottawahospital.on.ca\/fr\/wp-json\/wp\/v2\/media?parent=14935"}],"curies":[{"name":"wp","href":"https:\/\/api.w.org\/{rel}","templated":true}]}}