{"id":14931,"date":"2016-12-14T09:25:13","date_gmt":"2016-12-14T14:25:13","guid":{"rendered":"http:\/\/52.229.127.56\/?page_id=14931\/"},"modified":"2016-12-14T09:25:13","modified_gmt":"2016-12-14T14:25:13","slug":"devenir-therapeute-en-loisirs","status":"publish","type":"page","link":"https:\/\/www.ottawahospital.on.ca\/fr\/services-cliniques\/deptpgrmcs\/programmes\/loisirs-therapeutiques\/devenir-therapeute-en-loisirs\/","title":{"rendered":"Devenir th\u00e9rapeute en loisirs"},"content":{"rendered":"<p>Les th\u00e9rapeutes en loisirs jouent un r\u00f4le important dans l\u2019am\u00e9lioration de la qualit\u00e9 de vie des personnes qui ont des limitations physiques, cognitives, \u00e9motionnelles ou sociales.<\/p>\n<p>Ils aident ces personnes \u00e0 maintenir ou \u00e0 am\u00e9liorer leurs comp\u00e9tences et leurs connaissances afin d\u2019\u00eatre le plus autonome possible, prendre plaisir \u00e0 faire des activit\u00e9s et participer pleinement \u00e0 la vie sociale, dans la mesure du possible.<\/p>\n<h2>Pour en savoir plus, visitez les sites Web suivants :<\/h2>\n<ul>\n<li><a href=\"https:\/\/www.trontario.org\/\" target=\"_blank\">Therapeutic Recreation Ontario &#8211; www.trontario.org<\/a> (en anglais seulement)<\/li>\n<li><a href=\"https:\/\/www.canadian-tr.org\/\" target=\"_blank\">\u00a0Association canadienne de loisir th\u00e9rapeutique &#8211; www.canadian-tr.org<\/a> (en anglais seulement)<\/li>\n<li><a href=\"https:\/\/tro-er.com\" target=\"_blank\">Therapeutic Recreation Ontario (r\u00e9gion de l\u2019Est de l\u2019Ontario) https:\/\/tro-er.com<\/a> (en anglais seulement)<\/li>\n<\/ul>\n<p><img decoding=\"async\" class=\"aligncenter size-full wp-image-14929 img-responsive\" src=\"\/wp-content\/uploads\/2016\/12\/patients-stadium.jpg\" alt=\"patients-stadium\" width=\"252\" height=\"189\" \/><\/p>\n","protected":false},"excerpt":{"rendered":"<p>Les th\u00e9rapeutes en loisirs jouent un r\u00f4le important dans l\u2019am\u00e9lioration de la qualit\u00e9 de vie des personnes qui ont des limitations physiques, cognitives, \u00e9motionnelles ou sociales. Ils aident ces personnes \u00e0 maintenir ou \u00e0 am\u00e9liorer leurs comp\u00e9tences et leurs connaissances afin d\u2019\u00eatre le plus autonome possible, prendre plaisir \u00e0 faire des activit\u00e9s et participer pleinement [&hellip;]<\/p>\n","protected":false},"author":25,"featured_media":0,"parent":14878,"menu_order":4,"comment_status":"closed","ping_status":"closed","template":"","meta":{"_acf_changed":false,"_mc_calendar":[],"footnotes":""},"class_list":["post-14931","page","type-page","status-publish","hentry"],"acf":[],"wps_subtitle":"","_links":{"self":[{"href":"https:\/\/www.ottawahospital.on.ca\/fr\/wp-json\/wp\/v2\/pages\/14931","targetHints":{"allow":["GET"]}}],"collection":[{"href":"https:\/\/www.ottawahospital.on.ca\/fr\/wp-json\/wp\/v2\/pages"}],"about":[{"href":"https:\/\/www.ottawahospital.on.ca\/fr\/wp-json\/wp\/v2\/types\/page"}],"author":[{"embeddable":true,"href":"https:\/\/www.ottawahospital.on.ca\/fr\/wp-json\/wp\/v2\/users\/25"}],"replies":[{"embeddable":true,"href":"https:\/\/www.ottawahospital.on.ca\/fr\/wp-json\/wp\/v2\/comments?post=14931"}],"version-history":[{"count":0,"href":"https:\/\/www.ottawahospital.on.ca\/fr\/wp-json\/wp\/v2\/pages\/14931\/revisions"}],"up":[{"embeddable":true,"href":"https:\/\/www.ottawahospital.on.ca\/fr\/wp-json\/wp\/v2\/pages\/14878"}],"wp:attachment":[{"href":"https:\/\/www.ottawahospital.on.ca\/fr\/wp-json\/wp\/v2\/media?parent=14931"}],"curies":[{"name":"wp","href":"https:\/\/api.w.org\/{rel}","templated":true}]}}