{"id":14926,"date":"2016-12-14T09:17:54","date_gmt":"2016-12-14T14:17:54","guid":{"rendered":"http:\/\/52.229.127.56\/?page_id=14926\/"},"modified":"2016-12-14T09:17:54","modified_gmt":"2016-12-14T14:17:54","slug":"avantages","status":"publish","type":"page","link":"https:\/\/www.ottawahospital.on.ca\/fr\/services-cliniques\/deptpgrmcs\/programmes\/loisirs-therapeutiques\/avantages\/","title":{"rendered":"Avantages"},"content":{"rendered":"<div id=\"attachment_14923\" style=\"width: 230px\" class=\"wp-caption alignright\"><img decoding=\"async\" aria-describedby=\"caption-attachment-14923\" class=\"wp-image-14923 size-full img-responsive text-center\" src=\"\/wp-content\/uploads\/2016\/12\/szwueiqy4651522499376338043.jpg\" alt=\"steve-verner\" width=\"220\" height=\"180\" \/><p id=\"caption-attachment-14923\" class=\"wp-caption-text\">Steve Verner, patient<\/p><\/div>\n<p>Voici quelques-uns des commentaires re\u00e7us au sujet du r\u00f4le positif que les loisirs th\u00e9rapeutiques ont jou\u00e9 dans l\u2019am\u00e9lioration de la qualit\u00e9 de vie des patients.<\/p>\n<p>J\u2019ai pass\u00e9 plusieurs mois au Centre de r\u00e9adaptation apr\u00e8s \u00eatre devenu quadripl\u00e9gique \u00e0 la suite d\u2019un accident en parachute. Les Loisirs th\u00e9rapeutiques m\u2019ont donn\u00e9 la chance de faire du vol \u00e0 voile. J\u2019avais des larmes qui ruisselaient sur mes joues. J\u2019\u00e9tais tellement heureux de voler \u00e0 nouveau dans les airs. J\u2019ai aussi essay\u00e9 le v\u00e9lo \u00e0 main et j\u2019ai ador\u00e9. Je m\u2019en suis achet\u00e9 un et j\u2019ai particip\u00e9 \u00e0 la Course de l\u2019Arm\u00e9e du Canada la saison pass\u00e9e. J\u2019ai rencontr\u00e9 l\u2019\u00e9quipe de rugby en fauteuil roulant et j\u2019ai m\u00eame eu l\u2019occasion d\u2019essayer ce sport avec l\u2019\u00e9quipement sp\u00e9cialis\u00e9. Maintenant, je fais partie de l\u2019\u00e9quipe. Les th\u00e9rapeutes en loisirs m\u2019ont donn\u00e9 la possibilit\u00e9 de faire entre autres ces activit\u00e9s, qui m\u2019ont vraiment pr\u00e9par\u00e9 \u00e0 vivre pleinement.<\/p>\n<p><img decoding=\"async\" class=\"size-full wp-image-14924 alignleft img-responsive\" src=\"\/wp-content\/uploads\/2016\/12\/dlkpanlj8890957954793321544.gif\" alt=\"canoe\" width=\"172\" height=\"214\" \/>J\u2019appr\u00e9cie vraiment ce que ma th\u00e9rapeute en loisirs a fait pour moi. J\u2019avais le moral bas l\u2019automne dernier, je me sentais inutile. J\u2019en ai parl\u00e9 \u00e0 Cindy et ce qu\u2019elle m\u2019a dit a \u00e9t\u00e9 la cl\u00e9. Elle m\u2019a parl\u00e9 du programme Paddle All et comment cela pourrait m\u2019aider. J\u2019ai \u00e9t\u00e9 int\u00e9ress\u00e9 par le programme et je m\u2019y suis inscrit. Elle a vis\u00e9 en plein dans le mille parce que ce programme donne un sens \u00e0 ma vie. Dans le cadre du programme, je vais me joindre \u00e0 une \u00e9quipe comp\u00e9titive et j\u2019esp\u00e8re me rendre en finale provinciale. Je vais travailler avec l\u2019\u00e9quipe et m\u2019entra\u00eener \u00e0 un haut niveau, et avec un peu de chance, \u00e0 l\u2019\u00e9chelle nationale. <em>Rob Wein, patient<\/em><\/p>\n<p>\u00ab Les loisirs th\u00e9rapeutiques aident \u00e0 \u00e9quilibrer les choses et nous fait voir la \u2018personne\u2019 au-del\u00e0 du patient. \u00bb <em>Gina Dor\u00e9, ergoth\u00e9rapeute<\/em><\/p>\n<p>\u00ab Les th\u00e9rapeutes en loisirs ont une grande influence sur la qualit\u00e9 de vie des patients. Leurs interventions favorisent l\u2019autonomie en encourageant les relations interpersonnelles ainsi que la socialisation, et la confiance en soi en d\u00e9veloppant les habilit\u00e9s physiques et cognitives des patients. \u00bb <em>Rachel\u00a0Gervais, chef de l\u2019Ergoth\u00e9rapie et des Loisirs th\u00e9rapeutiques<\/em><\/p>\n<p>\u00ab Il est vraiment remarquable de constater le vaste \u00e9ventail de domaines dans lesquels vous guidez les patients. Le Centre de r\u00e9adaptation est tr\u00e8s privil\u00e9gi\u00e9 de pouvoir compter sur les Loisirs th\u00e9rapeutiques pour nous \u00e9veiller \u00e0 la multitude de possibilit\u00e9s qui s\u2019offrent aux personnes atteintes d\u2019incapacit\u00e9 pour qu\u2019elles s\u2019int\u00e8grent graduellement dans leur collectivit\u00e9. \u00bb <em>Gayle\u00a0Greene, anciennement gestionnaire clinique au Centre de r\u00e9adaptation<\/em><\/p>\n","protected":false},"excerpt":{"rendered":"<p>Voici quelques-uns des commentaires re\u00e7us au sujet du r\u00f4le positif que les loisirs th\u00e9rapeutiques ont jou\u00e9 dans l\u2019am\u00e9lioration de la qualit\u00e9 de vie des patients. J\u2019ai pass\u00e9 plusieurs mois au Centre de r\u00e9adaptation apr\u00e8s \u00eatre devenu quadripl\u00e9gique \u00e0 la suite d\u2019un accident en parachute. Les Loisirs th\u00e9rapeutiques m\u2019ont donn\u00e9 la chance de faire du vol [&hellip;]<\/p>\n","protected":false},"author":25,"featured_media":0,"parent":14878,"menu_order":3,"comment_status":"closed","ping_status":"closed","template":"","meta":{"_acf_changed":false,"_mc_calendar":[],"footnotes":""},"class_list":["post-14926","page","type-page","status-publish","hentry"],"acf":[],"wps_subtitle":"","_links":{"self":[{"href":"https:\/\/www.ottawahospital.on.ca\/fr\/wp-json\/wp\/v2\/pages\/14926","targetHints":{"allow":["GET"]}}],"collection":[{"href":"https:\/\/www.ottawahospital.on.ca\/fr\/wp-json\/wp\/v2\/pages"}],"about":[{"href":"https:\/\/www.ottawahospital.on.ca\/fr\/wp-json\/wp\/v2\/types\/page"}],"author":[{"embeddable":true,"href":"https:\/\/www.ottawahospital.on.ca\/fr\/wp-json\/wp\/v2\/users\/25"}],"replies":[{"embeddable":true,"href":"https:\/\/www.ottawahospital.on.ca\/fr\/wp-json\/wp\/v2\/comments?post=14926"}],"version-history":[{"count":0,"href":"https:\/\/www.ottawahospital.on.ca\/fr\/wp-json\/wp\/v2\/pages\/14926\/revisions"}],"up":[{"embeddable":true,"href":"https:\/\/www.ottawahospital.on.ca\/fr\/wp-json\/wp\/v2\/pages\/14878"}],"wp:attachment":[{"href":"https:\/\/www.ottawahospital.on.ca\/fr\/wp-json\/wp\/v2\/media?parent=14926"}],"curies":[{"name":"wp","href":"https:\/\/api.w.org\/{rel}","templated":true}]}}