{"id":14914,"date":"2016-12-14T09:08:29","date_gmt":"2016-12-14T14:08:29","guid":{"rendered":"http:\/\/52.229.127.56\/?page_id=14914\/"},"modified":"2016-12-23T09:27:31","modified_gmt":"2016-12-23T14:27:31","slug":"missionbuts","status":"publish","type":"page","link":"https:\/\/www.ottawahospital.on.ca\/fr\/services-cliniques\/deptpgrmcs\/programmes\/loisirs-therapeutiques\/missionbuts\/","title":{"rendered":"Mission\/Buts"},"content":{"rendered":"<h2>Mission<\/h2>\n<p>Le Service des loisirs th\u00e9rapeutiques est l\u00e0 pour r\u00e9pondre aux besoins des patients en mati\u00e8re de loisirs. Nous offrons un large \u00e9ventail de programmes et de services r\u00e9cr\u00e9atifs qui favorisent une approche globale de la gu\u00e9rison. Nous favorisons le bien-\u00eatre des patients en leur offrant des conseils et des renseignements utiles et en les encourageant \u00e0 participer \u00e0 des activit\u00e9s. Nous leur pr\u00e9sentons aussi de nouvelles m\u00e9thodes cr\u00e9atives de participer \u00e0 des activit\u00e9s diff\u00e9rentes qui leur permettront d\u2019avoir des loisirs agr\u00e9ables et enrichissants.<\/p>\n<h2><img decoding=\"async\" class=\"size-full wp-image-14912 alignright img-responsive\" src=\"\/wp-content\/uploads\/2016\/12\/slqgnpot820853467537089913.jpg\" alt=\"pilot\" width=\"241\" height=\"181\" \/>Objectifs<\/h2>\n<ol>\n<li>Offrir des loisirs constructifs, agr\u00e9ables et cr\u00e9atifs.<\/li>\n<li>Favoriser un \u00e9tat d\u2019esprit propice \u00e0 la gu\u00e9rison mentale et physique.<\/li>\n<li>Am\u00e9liorer le moral et encourager un sentiment de bien-\u00eatre et d\u2019int\u00e9r\u00eat envers la vie.<\/li>\n<li>Aider les patients \u00e0 d\u00e9velopper des relations sociales saines et un sentiment d\u2019acceptation.<\/li>\n<li>Aider les patients \u00e0 accepter leurs incapacit\u00e9s et \u00e0 voir positivement leurs forces et leurs capacit\u00e9s.<\/li>\n<\/ol>\n<p><img decoding=\"async\" class=\"size-full wp-image-14911 alignleft img-responsive\" src=\"\/wp-content\/uploads\/2016\/12\/yhoanolo543906707848249271.jpg\" alt=\"pilot-plane\" width=\"210\" height=\"154\" \/><\/p>\n","protected":false},"excerpt":{"rendered":"<p>Mission Le Service des loisirs th\u00e9rapeutiques est l\u00e0 pour r\u00e9pondre aux besoins des patients en mati\u00e8re de loisirs. Nous offrons un large \u00e9ventail de programmes et de services r\u00e9cr\u00e9atifs qui favorisent une approche globale de la gu\u00e9rison. Nous favorisons le bien-\u00eatre des patients en leur offrant des conseils et des renseignements utiles et en les [&hellip;]<\/p>\n","protected":false},"author":25,"featured_media":0,"parent":14878,"menu_order":1,"comment_status":"closed","ping_status":"closed","template":"","meta":{"_acf_changed":false,"_mc_calendar":[],"footnotes":""},"class_list":["post-14914","page","type-page","status-publish","hentry"],"acf":[],"wps_subtitle":"","_links":{"self":[{"href":"https:\/\/www.ottawahospital.on.ca\/fr\/wp-json\/wp\/v2\/pages\/14914","targetHints":{"allow":["GET"]}}],"collection":[{"href":"https:\/\/www.ottawahospital.on.ca\/fr\/wp-json\/wp\/v2\/pages"}],"about":[{"href":"https:\/\/www.ottawahospital.on.ca\/fr\/wp-json\/wp\/v2\/types\/page"}],"author":[{"embeddable":true,"href":"https:\/\/www.ottawahospital.on.ca\/fr\/wp-json\/wp\/v2\/users\/25"}],"replies":[{"embeddable":true,"href":"https:\/\/www.ottawahospital.on.ca\/fr\/wp-json\/wp\/v2\/comments?post=14914"}],"version-history":[{"count":0,"href":"https:\/\/www.ottawahospital.on.ca\/fr\/wp-json\/wp\/v2\/pages\/14914\/revisions"}],"up":[{"embeddable":true,"href":"https:\/\/www.ottawahospital.on.ca\/fr\/wp-json\/wp\/v2\/pages\/14878"}],"wp:attachment":[{"href":"https:\/\/www.ottawahospital.on.ca\/fr\/wp-json\/wp\/v2\/media?parent=14914"}],"curies":[{"name":"wp","href":"https:\/\/api.w.org\/{rel}","templated":true}]}}