{"id":14886,"date":"2016-12-12T17:36:18","date_gmt":"2016-12-12T22:36:18","guid":{"rendered":"http:\/\/52.229.127.56\/?page_id=14886\/"},"modified":"2022-01-24T15:34:38","modified_gmt":"2022-01-24T20:34:38","slug":"jai-un-rendez-vous","status":"publish","type":"page","link":"https:\/\/www.ottawahospital.on.ca\/fr\/jai-un-rendez-vous\/","title":{"rendered":"J&rsquo;ai un rendez-vous"},"content":{"rendered":"<p>Pour nous aider \u00e0 offrir d&rsquo;excellents soins tout en veillant \u00e0 la s\u00e9curit\u00e9 des patients, il y a certaines choses que vous devez savoir avant de venir \u00e0 l&rsquo;h\u00f4pital.<\/p>\n<h2>Renseignements utiles si vous avez un rendez-vous \u00e0 l&rsquo;H\u00f4pital :<\/h2>\n<p><strong>Lavez-vous les mains<br \/>\n<\/strong>Quand vous arriverez \u00e0 l\u2019un de nos trois campus (Civic, G\u00e9n\u00e9ral ou Riverside), vous verrez des distributrices de d\u00e9sinfectant pour les mains. N&rsquo;oubliez pas de les utiliser pour vous nettoyer les mains quand vous entrez \u00e0 l&rsquo;h\u00f4pital.<\/p>\n<p><strong>Aucun produit parfum\u00e9<br \/>\n<\/strong>Les produits parfum\u00e9s et autres substances qui peuvent causent des r\u00e9actions allergiques sont interdits \u00e0 l&rsquo;h\u00f4pital. Pour le bien-\u00eatre de nos patients, visiteurs, employ\u00e9s et b\u00e9n\u00e9voles, veuillez vous abstenir de mettre du parfum, de la lotion apr\u00e8s-rasage ou tout autre produit parfum\u00e9 quand vous venez \u00e0 l\u2019h\u00f4pital.<\/p>\n<p><strong>Restrictions applicables aux cas de COVID-19 confirm\u00e9s ou soup\u00e7onn\u00e9s<br \/>\n<\/strong>Tous les h\u00f4pitaux, y compris L\u2019H\u00f4pital d\u2019Ottawa, sont des <a href=\"https:\/\/www.santepubliqueottawa.ca\/fr\/public-health-topics\/information-for-those-who-test-positive-for-covid-19-and-high-risk-contacts.aspx\" target=\"_blank\" rel=\"noopener\">milieux \u00e0 risque tr\u00e8s \u00e9lev\u00e9<\/a>. Par mesure de s\u00e9curit\u00e9 et pour prot\u00e9ger la sant\u00e9 des patients, du personnel et des visiteurs, toute personne atteinte de la COVID-19 ou qui en pr\u00e9sente des sympt\u00f4mes <strong>doit attendre 10&nbsp;jours avant de pouvoir venir \u00e0 l\u2019H\u00f4pital<\/strong>.<\/p>\n<p>M\u00eame si vous devez vous isoler pendant 5&nbsp;jours seulement, <a href=\"https:\/\/www.santepubliqueottawa.ca\/fr\/public-health-topics\/information-for-those-who-test-positive-for-covid-19-and-high-risk-contacts.aspx\" target=\"_blank\" rel=\"noopener\">comme pr\u00e9conis\u00e9 par Sant\u00e9 publique Ottawa<\/a>, \u00e9vitez de venir \u00e0 l\u2019H\u00f4pital pendant 10&nbsp;jours.<\/p>\n<ul>\n<li>Si vous avez re\u00e7u un r\u00e9sultat positif au test de d\u00e9pistage de la COVID-19, vous devez attendre 10&nbsp;jours \u00e0 partir de la date du test avant de venir \u00e0 l\u2019H\u00f4pital.<\/li>\n<li>Si vous avez des sympt\u00f4mes de la COVID-19, mais que vous ne pouvez pas passer un test de d\u00e9pistage, vous devez attendre 10&nbsp;jours \u00e0 partir de la date d\u2019apparition des sympt\u00f4mes avant de venir \u00e0 l\u2019H\u00f4pital.<\/li>\n<\/ul>\n<p>Consultez les conditions d\u2019isolement de Sant\u00e9 publique Ottawa avant de venir \u00e0 l\u2019H\u00f4pital. Ces mesures s\u2019appliquent \u00e0 <u>tout le monde<\/u> \u2013 peu importe l\u2019\u00e2ge ou le statut vaccinal \u2013, y compris les patients (sauf ceux ayant besoin de soins urgents), les partenaires de soins essentiels et le personnel.<\/p>\n<p>Si vous avez un cas de COVID-19 confirm\u00e9 ou soup\u00e7onn\u00e9 et que vous avez besoin d\u2019un traitement pour vos sympt\u00f4mes, allez \u00e0 l\u2019<a href=\"https:\/\/www.ottawahospital.on.ca\/fr\/patients-et-visiteurs\/directions-et-plans-des-campus\/plans-des-campus\/\">Urgence<\/a> des campus Civic ou G\u00e9n\u00e9ral.<\/p>\n<p>Si vous avez un rendez-vous m\u00e9dical pr\u00e9vu \u00e0 l\u2019H\u00f4pital durant la p\u00e9riode de 10&nbsp;jours suivant l&rsquo;apparition de sympt\u00f4mes ou l\u2019obtention d\u2019un r\u00e9sultat positif au test de d\u00e9pistage de la COVID-19, communiquez avec le bureau concern\u00e9 pour faire reporter votre rendez-vous.<\/p>\n<p>Si vous \u00eates un employ\u00e9, communiquez avec votre leader pour conna\u00eetre la marche \u00e0 suivre et la date de votre retour au travail.<\/p>\n<p><strong>Violence en milieu de travail<br \/>\n<\/strong>Nous ne tol\u00e9rons pas les gestes agressifs ou les menaces envers nos employ\u00e9s, nos m\u00e9decins et nos b\u00e9n\u00e9voles. Si cela se produit, la S\u00e9curit\u00e9 en sera avis\u00e9e et interviendra.<\/p>\n<div class=\"row\">\n<div class=\"col-md-4\">\n<ul>\n<li><a title=\"Comment se rendre\" href=\"\/fr\/patients-et-visiteurs\/directions-et-plans-des-campus\/comment-se-rendre\/\">Comment se rendre<\/a><\/li>\n<li><a title=\"Plans des campus\" href=\"\/fr\/patients-et-visiteurs\/directions-et-plans-des-campus\/plans-des-campus\/\">Plans des campus<\/a><\/li>\n<li><a title=\"Stationnement\" href=\"\/fr\/patients-et-visiteurs\/directions-et-plans-des-campus\/stationnement\/\">Stationnement<\/a><\/li>\n<li><a title=\"Construction\" href=\"\/fr\/patients-et-visiteurs\/directions-et-plans-des-campus\/construction\/\">Construction<\/a><\/li>\n<li><a href=\"\/fr\/patients-et-visiteurs\/sejour-a-lhopital\/logement-externe\/\">Logement externe<\/a><\/li>\n<\/ul>\n<\/div>\n<div class=\"col-md-4\">\n<ul>\n<li><a title=\"Accessibilit\u00e9\" href=\"\/fr\/patients-et-visiteurs\/accessibilite\/\">Accessibilit\u00e9<\/a><\/li>\n<li><a title=\"Services offerts sur les campus\" href=\"\/fr\/patients-et-visiteurs\/services-offerts-sur-les-campus\/\">Services offerts sur les campus<\/a><\/li>\n<li><a title=\"Soutien et suivi\" href=\"\/fr\/patients-et-visiteurs\/soutien-et-suivi\/\">Soutien et suivi<\/a><\/li>\n<li><a title=\"Notre promesse\" href=\"\/fr\/about-us\/notre-promesse\/\">Notre promesse<\/a><\/li>\n<li><a title=\"Calculateurs sant\u00e9\" href=\"\/fr\/patients-et-visiteurs\/calculateurs-sante\/\">Calculateurs sant\u00e9<\/a><\/li>\n<\/ul>\n<\/div>\n<div class=\"col-md-4\">\n<ul>\n<li><a title=\"Archives m\u00e9dicales\" href=\"\/fr\/patients-et-visiteurs\/archives-medicales\/\">Archives m\u00e9dicales<\/a><\/li>\n<li><a title=\"Droits et responsabilit\u00e9s\" href=\"\/fr\/patients-et-visiteurs\/droits-et-responsabilites\/\">Droits et responsabilit\u00e9s<\/a><\/li>\n<li><a title=\"Repr\u00e9sentation des patients\" href=\"\/fr\/patients-et-visiteurs\/relations-avec-les-patients\/\">Relations avec les patients<\/a><\/li>\n<li><a title=\"Protection des renseignements personnels\" href=\"\/fr\/patients-et-visiteurs\/protection-des-renseignements-personnels\/\">Protection des renseignements personnels<\/a><\/li>\n<li><a href=\"https:\/\/www.ottawahospital.on.ca\/fr\/patients-et-visiteurs\/visites-a-lhopital\/information-pour-les-fumeurs\/\">Information pour les fumeurs<\/a><\/li>\n<\/ul>\n<\/div>\n<\/div>\n<div class=\"contact-text-inner toh-blue\">\n<p class=\"contact-text\">Des questions au sujet des soins donn\u00e9s \u00e0 l\u2019H\u00f4pital? Communiquez avec<\/p>\n<p><a class=\"email-btn\" title=\"Service des relations avec les patients\" href=\"\/fr\/patients-et-visiteurs\/relations-avec-les-patients\/\">Relations avec les patients<\/a><\/p>\n<\/div>\n","protected":false},"excerpt":{"rendered":"<p>Pour nous aider \u00e0 offrir d&rsquo;excellents soins tout en veillant \u00e0 la s\u00e9curit\u00e9 des patients, il y a certaines choses que vous devez savoir avant de venir \u00e0 l&rsquo;h\u00f4pital. Renseignements utiles si vous avez un rendez-vous \u00e0 l&rsquo;H\u00f4pital : Lavez-vous les mains Quand vous arriverez \u00e0 l\u2019un de nos trois campus (Civic, G\u00e9n\u00e9ral ou Riverside), [&hellip;]<\/p>\n","protected":false},"author":25,"featured_media":0,"parent":0,"menu_order":0,"comment_status":"closed","ping_status":"closed","template":"","meta":{"_acf_changed":false,"_mc_calendar":[],"footnotes":""},"class_list":["post-14886","page","type-page","status-publish","hentry"],"acf":[],"wps_subtitle":"","_links":{"self":[{"href":"https:\/\/www.ottawahospital.on.ca\/fr\/wp-json\/wp\/v2\/pages\/14886","targetHints":{"allow":["GET"]}}],"collection":[{"href":"https:\/\/www.ottawahospital.on.ca\/fr\/wp-json\/wp\/v2\/pages"}],"about":[{"href":"https:\/\/www.ottawahospital.on.ca\/fr\/wp-json\/wp\/v2\/types\/page"}],"author":[{"embeddable":true,"href":"https:\/\/www.ottawahospital.on.ca\/fr\/wp-json\/wp\/v2\/users\/25"}],"replies":[{"embeddable":true,"href":"https:\/\/www.ottawahospital.on.ca\/fr\/wp-json\/wp\/v2\/comments?post=14886"}],"version-history":[{"count":0,"href":"https:\/\/www.ottawahospital.on.ca\/fr\/wp-json\/wp\/v2\/pages\/14886\/revisions"}],"wp:attachment":[{"href":"https:\/\/www.ottawahospital.on.ca\/fr\/wp-json\/wp\/v2\/media?parent=14886"}],"curies":[{"name":"wp","href":"https:\/\/api.w.org\/{rel}","templated":true}]}}