{"id":14878,"date":"2016-12-12T15:57:53","date_gmt":"2016-12-12T20:57:53","guid":{"rendered":"http:\/\/52.229.127.56\/?page_id=14878\/"},"modified":"2016-12-12T15:57:53","modified_gmt":"2016-12-12T20:57:53","slug":"loisirs-therapeutiques","status":"publish","type":"page","link":"https:\/\/www.ottawahospital.on.ca\/fr\/services-cliniques\/deptpgrmcs\/programmes\/loisirs-therapeutiques\/","title":{"rendered":"Loisirs th\u00e9rapeutiques"},"content":{"rendered":"<h2><img decoding=\"async\" class=\"size-full wp-image-14876 alignright img-responsive\" src=\"\/wp-content\/uploads\/2016\/12\/Sergio.jpg\" alt=\"Sergio\" width=\"189\" height=\"260\" \/>Bienvenue au Service des loisirs th\u00e9rapeutiques<\/h2>\n<p>Au Service des loisirs th\u00e9rapeutiques, nous croyons qu\u2019une bonne qualit\u00e9 de vie est essentielle aux personnes qui vivent de grands bouleversements en raison d\u2019une maladie ou d\u2019une blessure.<\/p>\n<p>Nous nous effor\u00e7ons d\u2019aider les gens \u00e0 trouver de nouvelles possibilit\u00e9s et \u00e0 d\u00e9couvrir des fa\u00e7ons de vivre pleinement une vie satisfaisante.<\/p>\n<p>Nous offrons un large \u00e9ventail de programmes et de services r\u00e9cr\u00e9atifs en proposant de nouvelles activit\u00e9s et en aidant les patients \u00e0 explorer des fa\u00e7ons cr\u00e9atives de passer du bon temps faisont des activit\u00e9s familiale. Par exemple, nous pourrions proposer \u00e0 certains une initiation \u00e0 la voile et, \u00e0 d\u2019autres, des solutions qui leur permettraient de recommencer \u00e0 p\u00eacher apr\u00e8s une blessure. Nos clients peuvent aussi essayer le basket-ball en fauteuil roulant, le ski assis ou le v\u00e9lo adapt\u00e9.<\/p>\n","protected":false},"excerpt":{"rendered":"<p>Bienvenue au Service des loisirs th\u00e9rapeutiques Au Service des loisirs th\u00e9rapeutiques, nous croyons qu\u2019une bonne qualit\u00e9 de vie est essentielle aux personnes qui vivent de grands bouleversements en raison d\u2019une maladie ou d\u2019une blessure. Nous nous effor\u00e7ons d\u2019aider les gens \u00e0 trouver de nouvelles possibilit\u00e9s et \u00e0 d\u00e9couvrir des fa\u00e7ons de vivre pleinement une vie [&hellip;]<\/p>\n","protected":false},"author":25,"featured_media":0,"parent":7866,"menu_order":26,"comment_status":"closed","ping_status":"closed","template":"","meta":{"_acf_changed":false,"_mc_calendar":[],"footnotes":""},"class_list":["post-14878","page","type-page","status-publish","hentry"],"acf":[],"wps_subtitle":"","_links":{"self":[{"href":"https:\/\/www.ottawahospital.on.ca\/fr\/wp-json\/wp\/v2\/pages\/14878","targetHints":{"allow":["GET"]}}],"collection":[{"href":"https:\/\/www.ottawahospital.on.ca\/fr\/wp-json\/wp\/v2\/pages"}],"about":[{"href":"https:\/\/www.ottawahospital.on.ca\/fr\/wp-json\/wp\/v2\/types\/page"}],"author":[{"embeddable":true,"href":"https:\/\/www.ottawahospital.on.ca\/fr\/wp-json\/wp\/v2\/users\/25"}],"replies":[{"embeddable":true,"href":"https:\/\/www.ottawahospital.on.ca\/fr\/wp-json\/wp\/v2\/comments?post=14878"}],"version-history":[{"count":0,"href":"https:\/\/www.ottawahospital.on.ca\/fr\/wp-json\/wp\/v2\/pages\/14878\/revisions"}],"up":[{"embeddable":true,"href":"https:\/\/www.ottawahospital.on.ca\/fr\/wp-json\/wp\/v2\/pages\/7866"}],"wp:attachment":[{"href":"https:\/\/www.ottawahospital.on.ca\/fr\/wp-json\/wp\/v2\/media?parent=14878"}],"curies":[{"name":"wp","href":"https:\/\/api.w.org\/{rel}","templated":true}]}}