{"id":14844,"date":"2016-12-12T13:36:35","date_gmt":"2016-12-12T18:36:35","guid":{"rendered":"http:\/\/52.229.122.34\/?page_id=14844\/"},"modified":"2025-09-19T09:42:57","modified_gmt":"2025-09-19T13:42:57","slug":"ressources","status":"publish","type":"page","link":"https:\/\/www.ottawahospital.on.ca\/fr\/services-cliniques\/deptpgrmcs\/programmes\/clinique-de-gestion-du-poids\/ressources\/","title":{"rendered":"Ressources"},"content":{"rendered":"<p><img decoding=\"async\" class=\"img-responsive alignnone wp-image-56855 size-full\" src=\"https:\/\/www.ottawahospital.on.ca\/wp-content\/uploads\/2020\/11\/Resources.jpg\" alt=\"Patient enjoying time outdoors with family supports.\" width=\"768\" height=\"330\" srcset=\"https:\/\/www.ottawahospital.on.ca\/wp-content\/uploads\/2020\/11\/Resources.jpg 768w, https:\/\/www.ottawahospital.on.ca\/wp-content\/uploads\/2020\/11\/Resources-600x258.jpg 600w, https:\/\/www.ottawahospital.on.ca\/wp-content\/uploads\/2020\/11\/Resources-300x129.jpg 300w\" sizes=\"(max-width: 768px) 100vw, 768px\" \/><\/p>\n<h2>Ressources pour les patients<\/h2>\n<div id=\"accordion\" class=\"panel-group\">\n<div class=\"panel panel-default\">\n<div class=\"panel-heading\">\n<h3 class=\"panel-title\"><a href=\"#collapse1\" data-toggle=\"collapse\" data-parent=\"#accordion\">Clinique de gestion du poids et Centre d\u2019excellence en soins bariatriques<\/a><\/h3>\n<\/div>\n<div id=\"collapse1\" class=\"panel-collapse collapse\">\n<div class=\"panel-body\">\n<ul>\n<li><a href=\"https:\/\/www.ottawahospital.on.ca\/en\/documents\/2024\/08\/guide-daccompagnement-chirurgie-bariatrique.pdf\">Your Guide to Bariatric Surgery<\/a><\/li>\n<li><a href=\"\/wp-content\/uploads\/2020\/10\/Vitamin-and-Mineral-Supplements-for-Life-WCAG.pdf\" data-wplink-edit=\"true\">Suppl\u00e9ments de vitamines et de min\u00e9raux<\/a> (en anglais seulement)<\/li>\n<li><a href=\"\/wp-content\/uploads\/2020\/10\/Protein-WCAG.pdf\">Prot\u00e9ines<\/a> (en anglais seulement)<\/li>\n<li><a href=\"\/wp-content\/uploads\/2020\/10\/Carbohydrates-WCAG.pdf\">Glucides<\/a> (en anglais seulement)<\/li>\n<li><a href=\"\/wp-content\/uploads\/2020\/10\/Fibre-WCAG.pdf\">Fibres<\/a> (en anglais seulement)<\/li>\n<li><a href=\"\/wp-content\/uploads\/2020\/10\/Snack-and-Meal-Ideas-WCAG.pdf\">Id\u00e9es de collations et de repas<\/a> (en anglais seulement)<\/li>\n<\/ul>\n<\/div>\n<\/div>\n<\/div>\n<div class=\"panel panel-default\">\n<div class=\"panel-heading\">\n<h3 class=\"panel-title\"><a href=\"#collapse2\" data-toggle=\"collapse\" data-parent=\"#accordion\">G\u00e9n\u00e9rales sur la chirurgie bariatrique<\/a><\/h3>\n<\/div>\n<div id=\"collapse2\" class=\"panel-collapse collapse\">\n<div class=\"panel-body\">\n<ul>\n<li><a href=\"https:\/\/ontariobariatricnetwork.ca\/\">R\u00e9seau bariatrique de l\u2019Ontario<\/a><\/li>\n<li><a href=\"https:\/\/obesitycanada.ca\/fr\/gestion-de-lobesite\/chirurgies-bariatriques\/\">Ob\u00e9sit\u00e9 Canada<\/a><\/li>\n<li><a href=\"https:\/\/www.obesityaction.org\/obesity-treatments\/what-is-obesity-treatment\/bariatric-surgery-and-devices\/\">Obesity Action Coalition<\/a> (en anglais seulement)<\/li>\n<li>Seamless\u00a0MD \u2013 disponible 30 jours avant la chirurgie (organis\u00e9 par le Centre d\u2019excellence en soins bariatriques de L\u2019H\u00f4pital d\u2019Ottawa)<\/li>\n<\/ul>\n<\/div>\n<\/div>\n<\/div>\n<div class=\"panel panel-default\">\n<div class=\"panel-heading\">\n<h3 class=\"panel-title\"><a href=\"#collapse3\" data-toggle=\"collapse\" data-parent=\"#accordion\"> L\u2019ob\u00e9sit\u00e9<\/a><\/h3>\n<\/div>\n<div id=\"collapse3\" class=\"panel-collapse collapse\">\n<div class=\"panel-body\">\n<ul>\n<li><a href=\"https:\/\/obesitycanada.ca\/fr\/gestion-de-lobesite\/chirurgies-bariatriques\/\">Ob\u00e9sit\u00e9 Canada<\/a><\/li>\n<li><a href=\"https:\/\/youtu.be\/JRFDWWx7WEM\">Science of Obesity<\/a> (en anglais seulement)<\/li>\n<li><a href=\"https:\/\/youtube.com\/watch?v=H89QQfXtc-k\">Beyond Weight: \u201cPoodle Science\u201d<\/a> (en anglais seulement)<\/li>\n<li><a href=\"https:\/\/obesitycanada.ca\/fr\/category\/blog-weight-of-living-fr\/\">Bloque Poids de la vie<\/a><\/li>\n<li><a href=\"https:\/\/youtu.be\/VEJ6c5emPE8\">The GateKeeper, The GoGetter &amp; The Sleepy Executive<\/a> (en anglais seulement)<\/li>\n<\/ul>\n<\/div>\n<\/div>\n<\/div>\n<div class=\"panel panel-default\">\n<div class=\"panel-heading\">\n<h3 class=\"panel-title\"><a href=\"#collapse4\" data-toggle=\"collapse\" data-parent=\"#accordion\">Nutrition<\/a><\/h3>\n<\/div>\n<div id=\"collapse4\" class=\"panel-collapse collapse\">\n<div class=\"panel-body\">\n<h4>Nutrition g\u00e9n\u00e9rale<\/h4>\n<ul>\n<li><a href=\"https:\/\/dietitians.ca\/\">Di\u00e9t\u00e9tistes du Canada<\/a><\/li>\n<li><a href=\"https:\/\/www.unlockfood.ca\/fr\/default.aspx?aliaspath=%2fen%2fdefault\">D\u00e9couvrez les aliments<\/a><\/li>\n<li><a href=\"https:\/\/guide-alimentaire.canada.ca\/fr\/\">Guide alimentaire canadien<\/a><\/li>\n<\/ul>\n<h4>Recettes<\/h4>\n<ul>\n<li><a href=\"https:\/\/www.unlockfood.ca\/fr\/default.aspx?aliaspath=%2fen%2fdefault\">D\u00e9couvrez les aliments<\/a><\/li>\n<li><a href=\"https:\/\/www.cookspiration.com\/home.aspx\">Cuisinid\u00e9es<\/a> \u2013 (\u00e9galement disponible sous forme d\u2019application)<\/li>\n<\/ul>\n<h4>Outils pour consigner ce que vous mangez<\/h4>\n<ul>\n<li>My Fitness Pal \u2013 disponible sous forme d\u2019application<\/li>\n<li>Baritastic \u2013 disponible sous forme d\u2019application<\/li>\n<\/ul>\n<h4>Trouver une di\u00e9t\u00e9tiste professionnelle en milieu communautaire<\/h4>\n<ul>\n<li><a href=\"https:\/\/bookadietitian.ca\/\">Programme de di\u00e9t\u00e9tistes, Loblaws<\/a> (en anglais seulement)<\/li>\n<li><a href=\"https:\/\/www1.shoppersdrugmart.ca\/en\/health-and-pharmacy\/dietitian-services\">Services de di\u00e9t\u00e9tistes, Shoppers Drug Mart<\/a> (en anglais seulement)\n<ul>\n<li>T\u00e9l\u00e9phone\u00a0: 1-844-668-6012<\/li>\n<li>Courriel\u00a0: <a href=\"mailto:deititians@shoppersdrugmart.ca\">deititians@shoppersdrugmart.ca<\/a><\/li>\n<\/ul>\n<\/li>\n<li><a href=\"https:\/\/leafwmc.com\/\">Clinique de gestion du poids LEAF<\/a> (en anglais seulement)<\/li>\n<li><a href=\"https:\/\/sustainbariatricnutrition.com\/\">Sustain Bariatric Nutrition<\/a> (en anglais seulement)<\/li>\n<li><a href=\"https:\/\/www.bariatricsurgerynutrition.com\/accueil\">Nutrition Chirurgie bariatrique<\/a><\/li>\n<li>Di\u00e9t\u00e9tistes des \u00e9quipes de sant\u00e9 familiale<\/li>\n<li>Di\u00e9t\u00e9tistes des centres de sant\u00e9 communautaires<\/li>\n<li>Programmes et r\u00e9gimes d\u2019aide aux employ\u00e9s<\/li>\n<li>R\u00e9gimes d\u2019avantages sociaux (pourraient couvrir les services d\u2019une di\u00e9t\u00e9tiste)<\/li>\n<\/ul>\n<\/div>\n<\/div>\n<\/div>\n<div class=\"panel panel-default\">\n<div class=\"panel-heading\">\n<h3 class=\"panel-title\"><a href=\"#collapse5\" data-toggle=\"collapse\" data-parent=\"#accordion\">Sant\u00e9 mentale<\/a><\/h3>\n<\/div>\n<div id=\"collapse5\" class=\"panel-collapse collapse\">\n<div class=\"panel-body\">\n<ul>\n<li>Services de crise en sant\u00e9 mentale \u2013 613-722-6914 ou 1-866-996-0991<\/li>\n<li>Centre de d\u00e9tresse d\u2019Ottawa \u2013 613-238-3311<\/li>\n<li><a href=\"https:\/\/www.bigwhitewall.ca\/\">Big White Wall<\/a> (en anglais seulement)<\/li>\n<li><a href=\"https:\/\/www.leroyal.ca\/\">Le Royal<\/a><\/li>\n<li><a href=\"https:\/\/www.camh.ca\/fr\">Centre de toxicomanie et de sant\u00e9 mentale<\/a><\/li>\n<li><em>Mind Over Mood: Change how you feel by changing the way you think<\/em> \u2013 Dennis Greenberger et Christine Padesky<\/li>\n<\/ul>\n<h4>Toxicomanie<\/h4>\n<ul>\n<li><a href=\"https:\/\/montfortrenaissance.ca\/programmes-et-services\/services-en-toxicomanie\/service-dacces-au-retablissement-sar\/\">Services d\u2019acc\u00e8s au r\u00e9tablissement, anciennement Services d\u2019acc\u00e8s et d\u2019aiguillage en toxicomanie d\u2019Ottawa <\/a><\/li>\n<li><a href=\"https:\/\/rideauwood.org\/\">Rideauwood Addictions and Family Services<\/a> (en anglais seulement)<\/li>\n<li><a href=\"https:\/\/www.shchc.ca\/fr\/programs\/fr\/amhs\">Centre de sant\u00e9 communautaire C\u00f4te-de-Sable<\/a><\/li>\n<\/ul>\n<h4>Ressources en changement du comportement<\/h4>\n<ul>\n<li><em>Healthy Habits Suck: How to Get Off the Couch and Live a Healthy Life\u2026 <\/em><em>Even If You Don\u2019t Want To<\/em> \u2013 Dayna Lee-Baggley<\/li>\n<li><em>The Diet Trap: Feed Your Psychological Needs and End the Weight Loss Struggle Using Acceptance and Commitment Therapy<\/em> \u2013 Jason Lillis, Jo Anne Dahl et Sandra M. Weineland<\/li>\n<\/ul>\n<h4>Ressources pour une image positive du corps<\/h4>\n<ul>\n<li><a href=\"https:\/\/daremag.ca\/\">Dare Magazine Canada<\/a> (en anglais seulement)<\/li>\n<li>Manuels en ligne (en anglais seulement)\n<ul>\n<li><a href=\"https:\/\/comh.ca\/selfcare\"><em>Antidepressant Skills Workbook<\/em><\/a> par D. Bilsker et R. Paterson<\/li>\n<li><a href=\"https:\/\/comh.ca\/pchc\"><em>Positive Coping with Health Conditions<\/em><\/a><\/li>\n<li><a href=\"https:\/\/www.cci.health.wa.gov.au\/\">The Centre for Clinical Intervention<\/a><\/li>\n<li><a href=\"https:\/\/www.get.gg\/docs\/CDATWorkBook.pdf\"><em>Substance Misuse Workbook\u201d<\/em><\/a><\/li>\n<\/ul>\n<\/li>\n<li>Cours en ligne (en anglais seulement)\n<ul>\n<li><a href=\"https:\/\/palousemindfulness.com\/\">Mindfulness Based Stress Reduction (cours d\u2019autoapprentissage)<\/a><\/li>\n<\/ul>\n<\/li>\n<\/ul>\n<h4>Autres ressources<\/h4>\n<ul>\n<li><a href=\"https:\/\/ottawa-psychologists.org\/fr\/\">Acad\u00e9mie de psychologie d\u2019Ottawa<\/a><\/li>\n<li><a href=\"https:\/\/www.coalitionottawa.ca\/fr\/accueil.aspx\">Coalition des centres de ressources et de sant\u00e9 communautaires d\u2019Ottawa<\/a><\/li>\n<li><a href=\"https:\/\/www.anxietycanada.com\/\">Anxiety Canada<\/a> (en anglais seulement)<\/li>\n<li><a href=\"https:\/\/familyservicesottawa.org\/fr\/\">Services \u00e0 la famille<\/a><\/li>\n<li><a href=\"https:\/\/connexionottawa.com\/\">Connexion Ottawa<\/a><\/li>\n<li><a href=\"https:\/\/www.livinglifetothefull.ca\/\">CMHA Living Life to the Full<\/a> (en anglais seulement)<\/li>\n<li><a href=\"https:\/\/www.sleepeducation.org\/\">Sleep Education<\/a> (en anglais seulement)<\/li>\n<\/ul>\n<\/div>\n<\/div>\n<\/div>\n<\/div>\n","protected":false},"excerpt":{"rendered":"<p>Ressources pour les patients Clinique de gestion du poids et Centre d\u2019excellence en soins bariatriques Your Guide to Bariatric Surgery Suppl\u00e9ments de vitamines et de min\u00e9raux (en anglais seulement) Prot\u00e9ines (en anglais seulement) Glucides (en anglais seulement) Fibres (en anglais seulement) Id\u00e9es de collations et de repas (en anglais seulement) G\u00e9n\u00e9rales sur la chirurgie bariatrique [&hellip;]<\/p>\n","protected":false},"author":25,"featured_media":0,"parent":14807,"menu_order":5,"comment_status":"closed","ping_status":"closed","template":"","meta":{"_acf_changed":false,"_mc_calendar":[],"footnotes":""},"class_list":["post-14844","page","type-page","status-publish","hentry"],"acf":[],"wps_subtitle":"","_links":{"self":[{"href":"https:\/\/www.ottawahospital.on.ca\/fr\/wp-json\/wp\/v2\/pages\/14844","targetHints":{"allow":["GET"]}}],"collection":[{"href":"https:\/\/www.ottawahospital.on.ca\/fr\/wp-json\/wp\/v2\/pages"}],"about":[{"href":"https:\/\/www.ottawahospital.on.ca\/fr\/wp-json\/wp\/v2\/types\/page"}],"author":[{"embeddable":true,"href":"https:\/\/www.ottawahospital.on.ca\/fr\/wp-json\/wp\/v2\/users\/25"}],"replies":[{"embeddable":true,"href":"https:\/\/www.ottawahospital.on.ca\/fr\/wp-json\/wp\/v2\/comments?post=14844"}],"version-history":[{"count":0,"href":"https:\/\/www.ottawahospital.on.ca\/fr\/wp-json\/wp\/v2\/pages\/14844\/revisions"}],"up":[{"embeddable":true,"href":"https:\/\/www.ottawahospital.on.ca\/fr\/wp-json\/wp\/v2\/pages\/14807"}],"wp:attachment":[{"href":"https:\/\/www.ottawahospital.on.ca\/fr\/wp-json\/wp\/v2\/media?parent=14844"}],"curies":[{"name":"wp","href":"https:\/\/api.w.org\/{rel}","templated":true}]}}