{"id":14807,"date":"2016-12-12T12:57:43","date_gmt":"2016-12-12T17:57:43","guid":{"rendered":"http:\/\/52.229.122.34\/?page_id=14807\/"},"modified":"2026-02-12T16:07:59","modified_gmt":"2026-02-12T21:07:59","slug":"clinique-de-gestion-du-poids","status":"publish","type":"page","link":"https:\/\/www.ottawahospital.on.ca\/fr\/services-cliniques\/deptpgrmcs\/programmes\/clinique-de-gestion-du-poids\/","title":{"rendered":"Clinique de gestion du poids"},"content":{"rendered":"\n<figure class=\"wp-block-image\"><img decoding=\"async\" width=\"768\" height=\"330\" src=\"https:\/\/www.ottawahospital.on.ca\/wp-content\/uploads\/2020\/11\/Home-Page.jpg\" alt=\"Our clinic is located at The Ottawa Hospital, Civic Campus\" class=\"wp-image-56863\" srcset=\"https:\/\/www.ottawahospital.on.ca\/wp-content\/uploads\/2020\/11\/Home-Page.jpg 768w, https:\/\/www.ottawahospital.on.ca\/wp-content\/uploads\/2020\/11\/Home-Page-600x258.jpg 600w, https:\/\/www.ottawahospital.on.ca\/wp-content\/uploads\/2020\/11\/Home-Page-300x129.jpg 300w\" sizes=\"(max-width: 768px) 100vw, 768px\" \/><\/figure>\n\n\n\n<p><\/p>\n\n\n\n<div class=\"text-box-bkg\">\n<p>Depuis 1992, l\u2019\u00e9quipe de la Clinique de gestion du poids et du Centre d\u2019excellence en soins bariatriques de L\u2019H\u00f4pital d\u2019Ottawa fournit des soins de calibre mondial aux patients aux prises avec l\u2019ob\u00e9sit\u00e9.<\/p>\n<p><a class=\"read-more\" href=\"https:\/\/www.ottawahospital.on.ca\/fr\/services-cliniques\/deptpgrmcs\/programmes\/clinique-de-gestion-du-poids\/a-propos-de-la-clinique\/\">\u00bb En savoir plus<\/a><\/p>\n<\/div>\n\n\n\n<div style=\"height:20px\" aria-hidden=\"true\" class=\"wp-block-spacer\"><\/div>\n\n\n\n<div class=\"wp-block-stackable-button-group stk-block-button-group stk-block stk-8f7f49c\" data-block-id=\"8f7f49c\"><div class=\"stk-row stk-inner-blocks has-text-align-center stk-block-content stk-button-group\">\n<div class=\"wp-block-stackable-button stk-block-button stk-block stk-a7f0f45\" data-block-id=\"a7f0f45\"><a class=\"stk-link stk-button stk--hover-effect-darken\" href=\"\"><span class=\"stk-button__inner-text\">Je suis un patient envisageant la chirurgie bariatrique<\/span><\/a><\/div>\n<\/div><\/div>\n\n\n\n<div class=\"wp-block-stackable-button-group stk-block-button-group stk-block stk-c586f59\" data-block-id=\"c586f59\"><div class=\"stk-row stk-inner-blocks has-text-align-center stk-block-content stk-button-group\">\n<div class=\"wp-block-stackable-button stk-block-button has-text-align-center stk-block stk-5b69b7c\" data-block-id=\"5b69b7c\"><style>.stk-5b69b7c {align-items:flex-start !important;display:flex !important;}<\/style><a class=\"stk-link stk-button stk--hover-effect-darken\" href=\"\"><span class=\"stk-button__inner-text\">\u00a0Je suis un professionnel de la sant\u00e9 voulant envoyer une demande de consultation<\/span><\/a><\/div>\n<\/div><\/div>\n\n\n\n<div style=\"height:20px\" aria-hidden=\"true\" class=\"wp-block-spacer\"><\/div>\n\n\n\n<div class=\"toh-row-content\">\n<div class=\"col-sm-6 col-md-6 mb-4\">\n<div class=\"toh-card h-100\">\n<div class=\"toh-card-inner\">\n<figure><img decoding=\"async\" class=\"attachment-full wp-post-image alignnone\" title=\"Photo : Ob\u00e9sit\u00e9 Canada\" src=\"\/wp-content\/uploads\/2020\/10\/Landing-page-programs-wmc.jpg\" alt=\"Patients building healthy lifestyle habits by enjoying a walk along the river. \" width=\"409\" height=\"226\"><\/figure><div class=\"img-responsive card-img-top\"><\/div>\n<div class=\"toh-card-body\">\n<h5 class=\"toh-card-title\"><a href=\"https:\/\/www.ottawahospital.on.ca\/fr\/services-cliniques\/deptpgrmcs\/programmes\/clinique-de-gestion-du-poids\/programmes\/\" rel=\"bookmark\">Nos programmes<\/a><\/h5>\n<div class=\"toh-card-text\">\n<p>Les programmes de la Clinique de gestion du poids misent sur vos points forts pour surmonter vos difficult\u00e9s afin de vous aider \u00e0 atteindre votre poids id\u00e9al, c\u2019est-\u00e0-dire le poids que vous pouvez atteindre en ayant une vie saine.<\/p>\n<\/div>\n<\/div>\n<p><!--card-body--><\/p>\n<\/div>\n<\/div>\n<p><!--card--><\/p>\n<\/div>\n<div class=\"col-sm-6 col-md-6 mb-4\">\n<div class=\"toh-card h-100\">\n<div class=\"toh-card-inner\">\n<figure><img decoding=\"async\" class=\"attachment-full size-full wp-post-image\" src=\"\/wp-content\/uploads\/2020\/10\/Landing-page-scheduling.jpg\" alt=\"Calendar\"><\/figure><div class=\"img-responsive card-img-top\"><\/div>\n<div class=\"toh-card-body\">\n<h5 class=\"toh-card-title\"><a href=\"https:\/\/www.ottawahospital.on.ca\/fr\/services-cliniques\/deptpgrmcs\/programmes\/clinique-de-gestion-du-poids\/horaire-des-groupes-de-soutien\/\" rel=\"bookmark\">Horaire des groupes de soutien<\/a><\/h5>\n<div class=\"toh-card-text\">\n<p>Revenez nous voir bient\u00f4t! Vu la pand\u00e9mie de COVID-19, nous sommes pass\u00e9s en mode virtuel pour mieux vous servir.<\/p>\n<\/div>\n<\/div>\n<p><!--card-body--><\/p>\n<\/div>\n<\/div>\n<p><!--card--><\/p>\n<\/div>\n<\/div>\n\n\n\n<div class=\"card\">\n<h2 class=\"card-header h2-mock\">Nous joindre<\/h2>\n<div class=\"card-body\">\n<p><strong>Heures d\u2019ouverture : <\/strong>du lundi au vendredi, de 8 h \u00e0 16 h<\/p>\n<hr>\n<p><strong>Adresse :<\/strong><br>Clinique de gestion du poids et Centre d\u2019excellence en soins bariatriques<br>L\u2019H\u00f4pital d\u2019Ottawa \u2013 Campus Civic<br>Pavillon Maurice Grimes, 3e \u00e9tage<br>1053, avenue Carling<br>Ottawa, ON K1Y 4E9<\/p>\n<hr>\n<p>T\u00e9l. : 613 761-5101<br>T\u00e9l\u00e9c. : 613 761-5343<\/p>\n<hr>\n<p><a href=\"https:\/\/www.ottawahospital.on.ca\/fr\/patients-et-visiteurs\/directions-et-plans-des-campus\/\"><strong>Comment se rendre \u00e0 l\u2019H\u00f4pital et plans des campus<\/strong><\/a><\/p>\n<\/div>\n<\/div>\n\n\n","protected":false},"excerpt":{"rendered":"<p>Depuis 1992, l\u2019\u00e9quipe de la Clinique de gestion du poids et du Centre d\u2019excellence en soins bariatriques de L\u2019H\u00f4pital d\u2019Ottawa fournit des soins de calibre mondial aux patients aux prises avec l\u2019ob\u00e9sit\u00e9. \u00bb En savoir plus Je suis un patient envisageant la chirurgie bariatrique \u00a0Je suis un professionnel de la sant\u00e9 voulant envoyer une demande [&hellip;]<\/p>\n","protected":false},"author":25,"featured_media":0,"parent":7866,"menu_order":29,"comment_status":"closed","ping_status":"closed","template":"","meta":{"_acf_changed":false,"_mc_calendar":[],"footnotes":""},"class_list":["post-14807","page","type-page","status-publish","hentry"],"acf":[],"wps_subtitle":"","_links":{"self":[{"href":"https:\/\/www.ottawahospital.on.ca\/fr\/wp-json\/wp\/v2\/pages\/14807","targetHints":{"allow":["GET"]}}],"collection":[{"href":"https:\/\/www.ottawahospital.on.ca\/fr\/wp-json\/wp\/v2\/pages"}],"about":[{"href":"https:\/\/www.ottawahospital.on.ca\/fr\/wp-json\/wp\/v2\/types\/page"}],"author":[{"embeddable":true,"href":"https:\/\/www.ottawahospital.on.ca\/fr\/wp-json\/wp\/v2\/users\/25"}],"replies":[{"embeddable":true,"href":"https:\/\/www.ottawahospital.on.ca\/fr\/wp-json\/wp\/v2\/comments?post=14807"}],"version-history":[{"count":0,"href":"https:\/\/www.ottawahospital.on.ca\/fr\/wp-json\/wp\/v2\/pages\/14807\/revisions"}],"up":[{"embeddable":true,"href":"https:\/\/www.ottawahospital.on.ca\/fr\/wp-json\/wp\/v2\/pages\/7866"}],"wp:attachment":[{"href":"https:\/\/www.ottawahospital.on.ca\/fr\/wp-json\/wp\/v2\/media?parent=14807"}],"curies":[{"name":"wp","href":"https:\/\/api.w.org\/{rel}","templated":true}]}}