{"id":14805,"date":"2016-12-12T12:55:53","date_gmt":"2016-12-12T17:55:53","guid":{"rendered":"http:\/\/52.229.122.34\/?page_id=14805\/"},"modified":"2020-11-04T09:00:12","modified_gmt":"2020-11-04T14:00:12","slug":"programmes","status":"publish","type":"page","link":"https:\/\/www.ottawahospital.on.ca\/fr\/services-cliniques\/deptpgrmcs\/programmes\/clinique-de-gestion-du-poids\/programmes\/","title":{"rendered":"Programmes"},"content":{"rendered":"<p><img decoding=\"async\" class=\"alignnone wp-image-56850 size-full\" src=\"https:\/\/www.ottawahospital.on.ca\/wp-content\/uploads\/2020\/11\/Our-Programs.jpg\" alt=\"Our programs facilitate healthy and positive lifestyle through collaborative care.\" width=\"768\" height=\"330\" srcset=\"https:\/\/www.ottawahospital.on.ca\/wp-content\/uploads\/2020\/11\/Our-Programs.jpg 768w, https:\/\/www.ottawahospital.on.ca\/wp-content\/uploads\/2020\/11\/Our-Programs-600x258.jpg 600w, https:\/\/www.ottawahospital.on.ca\/wp-content\/uploads\/2020\/11\/Our-Programs-300x129.jpg 300w\" sizes=\"(max-width: 768px) 100vw, 768px\" \/><\/p>\n<div id=\"accordion\" class=\"panel-group\">\n<div class=\"panel panel-default\">\n<div class=\"panel-heading\">\n<h4 class=\"panel-title\"><a href=\"#collapse1\" data-toggle=\"collapse\" data-parent=\"#accordion\">Programme m\u00e9dical<\/a><\/h4>\n<\/div>\n<div id=\"collapse1\" class=\"panel-collapse collapse\">\n<div class=\"panel-body\">\n<p>Il s\u2019agit d\u2019un programme de deux ans en trois phases \u2013 phase active, phase de maintien et phase de consolidation.<\/p>\n<p>Le programme est actuellement offert en mode virtuel. Les s\u00e9ances de groupe en personne reprendront en fonction des directives du minist\u00e8re de la Sant\u00e9.<\/p>\n<table class=\"responsible table table-striped\">\n<thead>\n<tr>\n<th><strong>Phase<\/strong><\/th>\n<th><strong>Description<\/strong><\/th>\n<\/tr>\n<\/thead>\n<tbody>\n<tr>\n<td>Phase active<br \/>\n0 \u2012 6 mois<\/td>\n<td>S\u00e9ances de groupe hebdomadaires de 90 minutes. Durant les 24 semaines de cette phase du programme, vous prendrez un substitut de repas (Optifast 900) sous supervision m\u00e9dicale pendant 6 \u00e0 12 semaines, selon vos besoins.<\/td>\n<\/tr>\n<tr>\n<td>Phase de maintien<br \/>\n6 \u2013 12 mois<\/td>\n<td>Vous pourrez participer \u00e0 des groupes de soutien et vous serez suivi par un m\u00e9decin de la clinique.<\/td>\n<\/tr>\n<tr>\n<td>Phase de consolidation<br \/>\n12 \u2013 24 mois<\/td>\n<td>Vous commencerez votre transition vers le soutien communautaire pour la gestion continue de votre poids. Vous pouvez continuer de participer aux groupes de soutien et d\u2019\u00eatre suivi par un m\u00e9decin de la clinique.<\/td>\n<\/tr>\n<\/tbody>\n<\/table>\n<p><strong>Le programme m\u00e9dical vous aidera \u00e0 :<\/strong><\/p>\n<ul>\n<li>reconna\u00eetre et modifier les comportements qui contribuent \u00e0 votre prise de poids<\/li>\n<li>comprendre pourquoi il est difficile de changer son comportement<\/li>\n<li>prendre conscience des raisons autres que la faim pour lesquelles vous mangez<\/li>\n<li>mieux planifier vos repas et prendre note de ce que vous mangez<\/li>\n<li>d\u00e9couvrir les bienfaits de l\u2019activit\u00e9 physique<\/li>\n<li>r\u00e9soudre des probl\u00e8mes touchant l\u2019alimentation, l\u2019exercice, le stress et la gestion du temps.<\/li>\n<\/ul>\n<p><strong>Phase active du programme m\u00e9dical\u00a0:<\/strong><\/p>\n<ul>\n<li>24 s\u00e9ances de groupe hebdomadaires.<\/li>\n<li>Votre engagement de 90 minutes par semaine pour les 24 s\u00e9ances hebdomadaires.<\/li>\n<li>S\u00e9ances de groupe anim\u00e9es par une di\u00e9t\u00e9tiste professionnelle, une travailleuse sociale ou un sp\u00e9cialiste de la psychologie du comportement et un sp\u00e9cialiste de l\u2019exercice.<\/li>\n<li>Supervision r\u00e9guli\u00e8re par un m\u00e9decin sp\u00e9cialis\u00e9 en m\u00e9decine bariatrique.<\/li>\n<li>Prises de sang et \u00e9lectrocardiogramme avant de commencer le programme et des prises de sang r\u00e9guli\u00e8res au cours du programme<\/li>\n<li>Surveillance de l\u2019\u00e9volution du poids, mais aussi d\u2019autres indicateurs de la sant\u00e9 comme la qualit\u00e9 de vie, la mobilit\u00e9, la pression (tension art\u00e9rielle), la glyc\u00e9mie (taux de sucre dans le sang) et le taux de cholest\u00e9rol.<\/li>\n<\/ul>\n<p>Pour en savoir davantage sur le programme m\u00e9dical, consultez le site Web du <a href=\"https:\/\/www.ontariobariatricnetwork.ca\/our-programs\/medical-program#tabs-4\"><strong>r\u00e9seau bariatrique de l\u2019Ontario<\/strong><\/a>.<\/p>\n<\/div>\n<\/div>\n<\/div>\n<div class=\"panel panel-default\">\n<div class=\"panel-heading\">\n<h4 class=\"panel-title\"><a href=\"#collapse2\" data-toggle=\"collapse\" data-parent=\"#accordion\">Programme de chirurgie<\/a><\/h4>\n<\/div>\n<div id=\"collapse2\" class=\"panel-collapse collapse\">\n<div class=\"panel-body\">\n<p>La chirurgie vous aide \u00e0 g\u00e9rer votre poids \u00e0 long terme lorsqu\u2019elle est jumel\u00e9e \u00e0 la modification de votre style de vie. \u00c0 notre clinique, nous pratiquons la d\u00e9rivation gastrique de Roux-en-Y, la gastrectomie en manchon et la commutation duod\u00e9nale. Votre chirurgien discutera avec vous de l\u2019intervention la mieux indiqu\u00e9e dans votre cas.<\/p>\n<p>Gastric Banding is not covered by the Ministry of Health and is not offered at our centre.<\/p>\n<p>Les patients du programme passeront des \u00e9valuations compl\u00e8tes en mati\u00e8re de sant\u00e9, de comportement et de nutrition pour d\u00e9terminer leur niveau de pr\u00e9paration \u00e0 la chirurgie bariatrique. Les patients peuvent aussi devoir passer des \u00e9valuations psychologiques, psychiatriques ou sociales. Les patients doivent s\u2019attendre \u00e0 modifier consid\u00e9rablement leurs habitudes de vie pour se pr\u00e9parer \u00e0 la chirurgie bariatrique.<\/p>\n<p><strong>La chirurgie bariatrique peut vous aider \u00e0\u00a0:<\/strong><\/p>\n<ul>\n<li>g\u00e9rer des probl\u00e8mes chroniques comme le diab\u00e8te, l\u2019hypertension, un taux \u00e9lev\u00e9 de cholest\u00e9rol, l\u2019apn\u00e9e du sommeil et l\u2019ob\u00e9sit\u00e9<\/li>\n<li>am\u00e9liorer votre qualit\u00e9 de vie.<\/li>\n<\/ul>\n<p><strong>Processus de recommandation\u00a0:<\/strong><\/p>\n<ul>\n<li><a href=\"https:\/\/www.ontariobariatricnetwork.ca\/referring-physicians\"><strong>Votre m\u00e9decin ou infirmi\u00e8re praticienne peut vous recommander<\/strong><\/a><strong> au programme <\/strong>par l\u2019entremise du portail du registre du r\u00e9seau bariatrique de l\u2019Ontario<\/li>\n<\/ul>\n<p>Pour en savoir davantage sur les types de chirurgies, consultez <strong>le <\/strong><a href=\"https:\/\/www.ontariobariatricnetwork.ca\/our-programs\/surgical-program#tabs-5\"><strong>site Web du r\u00e9seau bariatrique de l\u2019Ontario<\/strong><\/a>.<\/p>\n<h3>Parcours du patient<\/h3>\n<ul>\n<li><a href=\"\/wp-content\/uploads\/2020\/10\/Surgical-Pathway-Before-Surgery-WCAG.pdf\">Parcours avant la chirurgie<\/a><\/li>\n<li><a href=\"\/wp-content\/uploads\/2020\/10\/Surgical-Pathway-After-Surgery-WCAG.pdf\">Parcours apr\u00e8s la chirurgie<\/a><\/li>\n<\/ul>\n<\/div>\n<\/div>\n<\/div>\n<\/div>\n","protected":false},"excerpt":{"rendered":"<p>Programme m\u00e9dical Il s\u2019agit d\u2019un programme de deux ans en trois phases \u2013 phase active, phase de maintien et phase de consolidation. Le programme est actuellement offert en mode virtuel. Les s\u00e9ances de groupe en personne reprendront en fonction des directives du minist\u00e8re de la Sant\u00e9. Phase Description Phase active 0 \u2012 6 mois S\u00e9ances [&hellip;]<\/p>\n","protected":false},"author":25,"featured_media":0,"parent":14807,"menu_order":3,"comment_status":"closed","ping_status":"closed","template":"","meta":{"_acf_changed":false,"_mc_calendar":[],"footnotes":""},"class_list":["post-14805","page","type-page","status-publish","hentry"],"acf":[],"wps_subtitle":"","_links":{"self":[{"href":"https:\/\/www.ottawahospital.on.ca\/fr\/wp-json\/wp\/v2\/pages\/14805","targetHints":{"allow":["GET"]}}],"collection":[{"href":"https:\/\/www.ottawahospital.on.ca\/fr\/wp-json\/wp\/v2\/pages"}],"about":[{"href":"https:\/\/www.ottawahospital.on.ca\/fr\/wp-json\/wp\/v2\/types\/page"}],"author":[{"embeddable":true,"href":"https:\/\/www.ottawahospital.on.ca\/fr\/wp-json\/wp\/v2\/users\/25"}],"replies":[{"embeddable":true,"href":"https:\/\/www.ottawahospital.on.ca\/fr\/wp-json\/wp\/v2\/comments?post=14805"}],"version-history":[{"count":0,"href":"https:\/\/www.ottawahospital.on.ca\/fr\/wp-json\/wp\/v2\/pages\/14805\/revisions"}],"up":[{"embeddable":true,"href":"https:\/\/www.ottawahospital.on.ca\/fr\/wp-json\/wp\/v2\/pages\/14807"}],"wp:attachment":[{"href":"https:\/\/www.ottawahospital.on.ca\/fr\/wp-json\/wp\/v2\/media?parent=14805"}],"curies":[{"name":"wp","href":"https:\/\/api.w.org\/{rel}","templated":true}]}}