{"id":14800,"date":"2016-12-12T12:54:04","date_gmt":"2016-12-12T17:54:04","guid":{"rendered":"http:\/\/52.229.122.34\/?page_id=14800\/"},"modified":"2021-09-08T12:20:11","modified_gmt":"2021-09-08T16:20:11","slug":"notre-equipe","status":"publish","type":"page","link":"https:\/\/www.ottawahospital.on.ca\/fr\/services-cliniques\/deptpgrmcs\/programmes\/clinique-de-gestion-du-poids\/notre-equipe\/","title":{"rendered":"Notre \u00e9quipe"},"content":{"rendered":"<p><img decoding=\"async\" class=\"img-responsive alignnone wp-image-56599 size-full\" title=\"Photo : Ob\u00e9sit\u00e9 Canada\" src=\"https:\/\/www.ottawahospital.on.ca\/wp-content\/uploads\/2020\/10\/Meet-the-Team-1.jpg\" alt=\"Patient working collaboratively with provider to assess needs and treatment goals.\" width=\"768\" height=\"330\" srcset=\"https:\/\/www.ottawahospital.on.ca\/wp-content\/uploads\/2020\/10\/Meet-the-Team-1.jpg 768w, https:\/\/www.ottawahospital.on.ca\/wp-content\/uploads\/2020\/10\/Meet-the-Team-1-600x258.jpg 600w, https:\/\/www.ottawahospital.on.ca\/wp-content\/uploads\/2020\/10\/Meet-the-Team-1-300x129.jpg 300w\" sizes=\"(max-width: 768px) 100vw, 768px\" \/><br \/>\nAfin de fournir les meilleurs soins possible \u00e0 nos patients, la Clinique de gestion du poids a mis sur pied une \u00e9quipe interdisciplinaire compos\u00e9e d\u2019experts en gestion du poids de diverses disciplines de la sant\u00e9.<\/p>\n<p>Notre \u00e9quipe comprend des chirurgiens, des m\u00e9decins sp\u00e9cialis\u00e9s en m\u00e9decine interne, un psychiatre, un psychologue, des infirmi\u00e8res praticiennes, des infirmi\u00e8res autoris\u00e9es, des di\u00e9t\u00e9tistes professionnelles, des travailleuses sociales, des sp\u00e9cialistes de la psychologie du comportement, des sp\u00e9cialistes de l\u2019exercice, des commis administratifs, un gestionnaire clinique et, surtout, <strong>VOUS<\/strong>. \u00c0 notre clinique, nous fournissons des soins centr\u00e9s sur le patient qui sont fond\u00e9s sur des pratiques exemplaires dans le domaine de l\u2019ob\u00e9sit\u00e9 et sur les normes les plus \u00e9lev\u00e9es. Nous consultons aussi d\u2019autres services de l\u2019H\u00f4pital (Cardiologie, Clinique de la thrombose, Endocrinologie et Anesth\u00e9siologie) lorsque nos patients ont besoin d\u2019une \u00e9valuation plus sp\u00e9cialis\u00e9e. Notre \u00e9quipe se r\u00e9unit r\u00e9guli\u00e8rement pour examiner les cas, r\u00e9aliser des projets d\u2019am\u00e9lioration de la qualit\u00e9 et examiner les recherches r\u00e9centes afin de fournir des soins r\u00e9pondant aux normes les plus \u00e9lev\u00e9es.<\/p>\n","protected":false},"excerpt":{"rendered":"<p>Afin de fournir les meilleurs soins possible \u00e0 nos patients, la Clinique de gestion du poids a mis sur pied une \u00e9quipe interdisciplinaire compos\u00e9e d\u2019experts en gestion du poids de diverses disciplines de la sant\u00e9. Notre \u00e9quipe comprend des chirurgiens, des m\u00e9decins sp\u00e9cialis\u00e9s en m\u00e9decine interne, un psychiatre, un psychologue, des infirmi\u00e8res praticiennes, des infirmi\u00e8res [&hellip;]<\/p>\n","protected":false},"author":25,"featured_media":0,"parent":14807,"menu_order":2,"comment_status":"closed","ping_status":"closed","template":"","meta":{"_acf_changed":false,"_mc_calendar":[],"footnotes":""},"class_list":["post-14800","page","type-page","status-publish","hentry"],"acf":[],"wps_subtitle":"","_links":{"self":[{"href":"https:\/\/www.ottawahospital.on.ca\/fr\/wp-json\/wp\/v2\/pages\/14800","targetHints":{"allow":["GET"]}}],"collection":[{"href":"https:\/\/www.ottawahospital.on.ca\/fr\/wp-json\/wp\/v2\/pages"}],"about":[{"href":"https:\/\/www.ottawahospital.on.ca\/fr\/wp-json\/wp\/v2\/types\/page"}],"author":[{"embeddable":true,"href":"https:\/\/www.ottawahospital.on.ca\/fr\/wp-json\/wp\/v2\/users\/25"}],"replies":[{"embeddable":true,"href":"https:\/\/www.ottawahospital.on.ca\/fr\/wp-json\/wp\/v2\/comments?post=14800"}],"version-history":[{"count":0,"href":"https:\/\/www.ottawahospital.on.ca\/fr\/wp-json\/wp\/v2\/pages\/14800\/revisions"}],"up":[{"embeddable":true,"href":"https:\/\/www.ottawahospital.on.ca\/fr\/wp-json\/wp\/v2\/pages\/14807"}],"wp:attachment":[{"href":"https:\/\/www.ottawahospital.on.ca\/fr\/wp-json\/wp\/v2\/media?parent=14800"}],"curies":[{"name":"wp","href":"https:\/\/api.w.org\/{rel}","templated":true}]}}