{"id":14795,"date":"2016-12-12T12:51:20","date_gmt":"2016-12-12T17:51:20","guid":{"rendered":"http:\/\/52.229.122.34\/?page_id=14795\/"},"modified":"2020-11-09T11:06:40","modified_gmt":"2020-11-09T16:06:40","slug":"centre-dexcellence-en-soins-bariatriques","status":"publish","type":"page","link":"https:\/\/www.ottawahospital.on.ca\/fr\/services-cliniques\/deptpgrmcs\/programmes\/clinique-de-gestion-du-poids\/a-propos-de-la-clinique\/centre-dexcellence-en-soins-bariatriques\/","title":{"rendered":"Centre d\u2019excellence en soins bariatriques"},"content":{"rendered":"<p>La Clinique de gestion du poids de L\u2019H\u00f4pital d\u2019Ottawa a \u00e9t\u00e9 d\u00e9sign\u00e9e comme centre d\u2019excellence en soins bariatriques et fait partie du r\u00e9seau bariatrique de l\u2019Ontario. Le minist\u00e8re de la Sant\u00e9 et des Soins de longue dur\u00e9e (MSSLD) a cr\u00e9\u00e9 ce r\u00e9seau dans le cadre d\u2019une initiative de sant\u00e9 visant \u00e0 r\u00e9duire l\u2019ob\u00e9sit\u00e9 et les comorbidit\u00e9s li\u00e9es au surpoids au sein de la population ontarienne.<\/p>\n<p>Le MSSLD a cr\u00e9\u00e9 le r\u00e9seau bariatrique de l\u2019Ontario afin d\u2019am\u00e9liorer l\u2019accessibilit\u00e9 des traitements contre l\u2019ob\u00e9sit\u00e9 et le cheminement des patients, de r\u00e9duire le nombre de personnes atteintes de maladies li\u00e9es \u00e0 l\u2019ob\u00e9sit\u00e9 et de normaliser les soins bariatriques dans toute la province.<\/p>\n<h2>Qu\u2019est-ce qu\u2019un centre d\u2019excellence en soins bariatriques?<\/h2>\n<p>Quelques h\u00f4pitaux de la province ont \u00e9t\u00e9 d\u00e9sign\u00e9s comme centres d\u2019excellence en soins bariatriques au sein du r\u00e9seau bariatrique de l\u2019Ontario.\u00a0Pour recevoir cette d\u00e9signation, les centres doivent r\u00e9pondre aux crit\u00e8res suivants\u00a0:<\/p>\n<ul>\n<li>Se trouver dans un h\u00f4pital universitaire afin d\u2019appuyer la recherche visant \u00e0 \u00e9tablir des pratiques exemplaires en mati\u00e8re de gestion de l\u2019ob\u00e9sit\u00e9.<\/li>\n<li>\u00catre r\u00e9partis dans toute la province afin que des soins de sant\u00e9 \u00e9quivalents soient offerts aux r\u00e9sidants de l\u2019Ontario qui ont besoin de services de gestion du poids et du mode de vie.<\/li>\n<li>\u00catre dot\u00e9s d\u2019une \u00e9quipe de chirurgiens chevronn\u00e9s comptant au moins deux chirurgiens bariatriques.<\/li>\n<li>Disposer d\u2019une \u00e9quipe interdisciplinaire charg\u00e9e d\u2019\u00e9valuer les patients et d\u2019en faire le suivi.<\/li>\n<li>Disposer de l\u2019\u00e9quipement et des locaux n\u00e9cessaires pour soigner la population n\u00e9cessitant leurs services.<\/li>\n<li>Pouvoir ex\u00e9cuter au moins 100\u00a0chirurgies par ann\u00e9e.<\/li>\n<\/ul>\n<p>Pour obtenir des pr\u00e9cisions sur le r\u00e9seau bariatrique de l\u2019Ontario ou sur les centres d\u2019excellence en soins bariatriques, allez au <a href=\"https:\/\/www.OntarioBariatricNetwork.ca\">www.OntarioBariatricNetwork.ca<\/a>.<\/p>\n","protected":false},"excerpt":{"rendered":"<p>La Clinique de gestion du poids de L\u2019H\u00f4pital d\u2019Ottawa a \u00e9t\u00e9 d\u00e9sign\u00e9e comme centre d\u2019excellence en soins bariatriques et fait partie du r\u00e9seau bariatrique de l\u2019Ontario. Le minist\u00e8re de la Sant\u00e9 et des Soins de longue dur\u00e9e (MSSLD) a cr\u00e9\u00e9 ce r\u00e9seau dans le cadre d\u2019une initiative de sant\u00e9 visant \u00e0 r\u00e9duire l\u2019ob\u00e9sit\u00e9 et les [&hellip;]<\/p>\n","protected":false},"author":25,"featured_media":0,"parent":14790,"menu_order":1,"comment_status":"closed","ping_status":"closed","template":"","meta":{"_acf_changed":false,"_mc_calendar":[],"footnotes":""},"class_list":["post-14795","page","type-page","status-publish","hentry"],"acf":[],"wps_subtitle":"","_links":{"self":[{"href":"https:\/\/www.ottawahospital.on.ca\/fr\/wp-json\/wp\/v2\/pages\/14795","targetHints":{"allow":["GET"]}}],"collection":[{"href":"https:\/\/www.ottawahospital.on.ca\/fr\/wp-json\/wp\/v2\/pages"}],"about":[{"href":"https:\/\/www.ottawahospital.on.ca\/fr\/wp-json\/wp\/v2\/types\/page"}],"author":[{"embeddable":true,"href":"https:\/\/www.ottawahospital.on.ca\/fr\/wp-json\/wp\/v2\/users\/25"}],"replies":[{"embeddable":true,"href":"https:\/\/www.ottawahospital.on.ca\/fr\/wp-json\/wp\/v2\/comments?post=14795"}],"version-history":[{"count":0,"href":"https:\/\/www.ottawahospital.on.ca\/fr\/wp-json\/wp\/v2\/pages\/14795\/revisions"}],"up":[{"embeddable":true,"href":"https:\/\/www.ottawahospital.on.ca\/fr\/wp-json\/wp\/v2\/pages\/14790"}],"wp:attachment":[{"href":"https:\/\/www.ottawahospital.on.ca\/fr\/wp-json\/wp\/v2\/media?parent=14795"}],"curies":[{"name":"wp","href":"https:\/\/api.w.org\/{rel}","templated":true}]}}