{"id":14790,"date":"2016-12-12T12:47:19","date_gmt":"2016-12-12T17:47:19","guid":{"rendered":"http:\/\/52.229.122.34\/?page_id=14790\/"},"modified":"2020-11-04T09:06:52","modified_gmt":"2020-11-04T14:06:52","slug":"a-propos-de-la-clinique","status":"publish","type":"page","link":"https:\/\/www.ottawahospital.on.ca\/fr\/services-cliniques\/deptpgrmcs\/programmes\/clinique-de-gestion-du-poids\/a-propos-de-la-clinique\/","title":{"rendered":"\u00c0 propos de la Clinique"},"content":{"rendered":"<p><img decoding=\"async\" class=\"img-responsive alignnone wp-image-56422 size-full\" src=\"https:\/\/www.ottawahospital.on.ca\/wp-content\/uploads\/2020\/10\/WMC-home-banner-building.jpg\" alt=\"A view of the Bariatric Centre of Excellence (BCOE) at The Ottawa Hospital, Civic Campus.\" width=\"768\" height=\"330\" srcset=\"https:\/\/www.ottawahospital.on.ca\/wp-content\/uploads\/2020\/10\/WMC-home-banner-building.jpg 768w, https:\/\/www.ottawahospital.on.ca\/wp-content\/uploads\/2020\/10\/WMC-home-banner-building-600x258.jpg 600w, https:\/\/www.ottawahospital.on.ca\/wp-content\/uploads\/2020\/10\/WMC-home-banner-building-300x129.jpg 300w\" sizes=\"(max-width: 768px) 100vw, 768px\" \/><\/p>\n<p>Depuis 1992, l\u2019\u00e9quipe de la Clinique de gestion du poids et du Centre d\u2019excellence en soins bariatriques de L\u2019H\u00f4pital d\u2019Ottawa fournit des soins de calibre mondial aux patients aux prises avec l\u2019ob\u00e9sit\u00e9. L\u2019un des premiers programmes sous supervision m\u00e9dicale au Canada, notre clinique est d\u00e9sign\u00e9e comme \u00e9tant un centre d\u2019excellence en soins bariatriques et aide les patients \u00e0 am\u00e9liorer leur sant\u00e9 et leur mieux-\u00eatre. Un financement du minist\u00e8re de la Sant\u00e9 nous permet d\u2019effectuer plus de 500 chirurgies bariatriques chaque ann\u00e9e et d\u2019offrir nos programmes m\u00e9dicaux \u00e0 plusieurs centaines de patients. Nous sommes d\u00e9termin\u00e9s \u00e0 offrir \u00e0 chaque patient des soins de calibre mondial et des services exceptionnels avec une compassion digne des personnes qui nous sont ch\u00e8res.<\/p>\n","protected":false},"excerpt":{"rendered":"<p>Depuis 1992, l\u2019\u00e9quipe de la Clinique de gestion du poids et du Centre d\u2019excellence en soins bariatriques de L\u2019H\u00f4pital d\u2019Ottawa fournit des soins de calibre mondial aux patients aux prises avec l\u2019ob\u00e9sit\u00e9. L\u2019un des premiers programmes sous supervision m\u00e9dicale au Canada, notre clinique est d\u00e9sign\u00e9e comme \u00e9tant un centre d\u2019excellence en soins bariatriques et aide [&hellip;]<\/p>\n","protected":false},"author":25,"featured_media":0,"parent":14807,"menu_order":1,"comment_status":"closed","ping_status":"closed","template":"","meta":{"_acf_changed":false,"_mc_calendar":[],"footnotes":""},"class_list":["post-14790","page","type-page","status-publish","hentry"],"acf":[],"wps_subtitle":"","_links":{"self":[{"href":"https:\/\/www.ottawahospital.on.ca\/fr\/wp-json\/wp\/v2\/pages\/14790","targetHints":{"allow":["GET"]}}],"collection":[{"href":"https:\/\/www.ottawahospital.on.ca\/fr\/wp-json\/wp\/v2\/pages"}],"about":[{"href":"https:\/\/www.ottawahospital.on.ca\/fr\/wp-json\/wp\/v2\/types\/page"}],"author":[{"embeddable":true,"href":"https:\/\/www.ottawahospital.on.ca\/fr\/wp-json\/wp\/v2\/users\/25"}],"replies":[{"embeddable":true,"href":"https:\/\/www.ottawahospital.on.ca\/fr\/wp-json\/wp\/v2\/comments?post=14790"}],"version-history":[{"count":0,"href":"https:\/\/www.ottawahospital.on.ca\/fr\/wp-json\/wp\/v2\/pages\/14790\/revisions"}],"up":[{"embeddable":true,"href":"https:\/\/www.ottawahospital.on.ca\/fr\/wp-json\/wp\/v2\/pages\/14807"}],"wp:attachment":[{"href":"https:\/\/www.ottawahospital.on.ca\/fr\/wp-json\/wp\/v2\/media?parent=14790"}],"curies":[{"name":"wp","href":"https:\/\/api.w.org\/{rel}","templated":true}]}}