{"id":14496,"date":"2016-12-09T13:46:51","date_gmt":"2016-12-09T18:46:51","guid":{"rendered":"http:\/\/52.229.122.34\/?page_id=14496\/"},"modified":"2016-12-09T13:46:51","modified_gmt":"2016-12-09T18:46:51","slug":"dre-elaine-jolly-fondatrice-du-centre","status":"publish","type":"page","link":"https:\/\/www.ottawahospital.on.ca\/fr\/services-cliniques\/deptpgrmcs\/programmes\/centre-de-sante-pour-les-femmes-shirley-e-greenberg\/dre-elaine-jolly-fondatrice-du-centre\/","title":{"rendered":"Dre Elaine Jolly, fondatrice du Centre"},"content":{"rendered":"<p>La D<sup>re<\/sup> Elaine Jolly a obtenu son premier dipl\u00f4me en m\u00e9decine \u00e0 l&rsquo;Universit\u00e9 Queen&rsquo;s de Kingston (Ontario). Elle fait ses \u00e9tudes sup\u00e9rieures \u00e0 Denver, \u00e0 Ottawa et \u00e0 Halifax.<\/p>\n<p>Elle a mis sur pied le premier programme d&rsquo;endocrinologie de la reproduction et de traitement de l&rsquo;infertilit\u00e9 \u00e0 Ottawa, permettant ainsi \u00e0 des couples sans enfants de l&rsquo;Est ontarien d&rsquo;acc\u00e9der aux techniques de pointe. Elle est une sommit\u00e9 dans la collectivit\u00e9. Elle s&rsquo;est d\u00e9vou\u00e9e sans rel\u00e2che pour favoriser la sant\u00e9 des femmes\u00a0: elle a cr\u00e9\u00e9 le premier service clinique de gyn\u00e9cologie pour les enfants et les adolescents au Centre hospitalier pour enfants de l&rsquo;est de l&rsquo;Ontario et le service de contraception et de planification familiale \u00e0 l&rsquo;H\u00f4pital G\u00e9n\u00e9ral d&rsquo;Ottawa. Elle est aussi l&rsquo;un des piliers du premier programme de soins p\u00e9rinataux et de grossesse \u00e0 risque \u00e9lev\u00e9 de l&rsquo;Est de l&rsquo;Ontario.<\/p>\n<p>En 1986, la D<sup>re<\/sup> Jolly a mis sur pied la premi\u00e8re initiative de promotion de la sant\u00e9 des femmes d&rsquo;\u00e2ge m\u00fbr en Ontario pour offrir aux femmes m\u00e9nopaus\u00e9es des services essentiels complets dans un cadre multidisciplinaire.<\/p>\n<p>La D<sup>re<\/sup> Jolly est une formatrice bien connue, qui fa\u00e7onne d&rsquo;ailleurs les opinions dans son domaine. Il arrive tr\u00e8s souvent que les m\u00e9dias et la presse non scientifique citent ses propos ou sollicitent une entrevue. Elle est professeure d&rsquo;obst\u00e9trique et de gyn\u00e9cologie \u00e0 l&rsquo;Universit\u00e9 d&rsquo;Ottawa et a re\u00e7u le Prix d&rsquo;excellence de la facult\u00e9 de m\u00e9decine.<\/p>\n<p>C&rsquo;est un m\u00e9decin exemplaire, qui fait autorit\u00e9 au Canada pour les questions li\u00e9es \u00e0 la sant\u00e9 des femmes. La formation des \u00e9tudiants \u00e0 tous les niveaux lui tient \u00e9galement \u00e0 c\u0153ur. Elle a donn\u00e9 plus de 500\u00a0pr\u00e9sentations scientifiques. La F\u00e9d\u00e9ration des femmes m\u00e9decins du Canada a soulign\u00e9 son excellence clinique en 2000 en lui remettant le prix d&rsquo;excellence en sant\u00e9 de la reproduction.<\/p>\n<p>La D<sup>re<\/sup> Jolly est engag\u00e9e dans la promotion de la sant\u00e9 et la pr\u00e9vention des maladies dans l&rsquo;int\u00e9r\u00eat des femmes et des m\u00e9decins canadiens. Le 14\u00a0avril\u00a01999, elle a \u00e9t\u00e9 nomm\u00e9e offici\u00e8re de l&rsquo;Ordre du Canada en reconnaissance de sa contribution \u00e0 la sant\u00e9 des femmes.<\/p>\n<p>En janvier 2001, elle a fond\u00e9 le Conseil de sant\u00e9 pour les femmes d&rsquo;Ottawa. Il s&rsquo;agit d&rsquo;un groupe de \u00ab\u00a0pionni\u00e8res\u00a0\u00bb de la collectivit\u00e9 qui ont jou\u00e9 un r\u00f4le pr\u00e9pond\u00e9rant pour accro\u00eetre la sensibilisation, ont exerc\u00e9 un lobbying intensif et amass\u00e9 des fonds, toujours au profit de la sant\u00e9 des femmes.<\/p>\n<p>En septembre 2003, elle a re\u00e7u le prix d&rsquo;excellence en enseignement des soins aux consommateurs remis par la North American Menopause Society. On voulait souligner sa contribution importante \u00e0 l&rsquo;am\u00e9lioration de la qualit\u00e9 de vie des femmes m\u00e9nopaus\u00e9es.<\/p>\n<p>En janvier 2005, le Centre de sant\u00e9 pour les femmes Shirley-E.-Greenberg a officiellement vu le jour \u00e0 L&rsquo;H\u00f4pital d&rsquo;Ottawa. La D<sup>re<\/sup> Jolly est la premi\u00e8re directrice m\u00e9dicale de ce centre unique et int\u00e9gr\u00e9.<\/p>\n","protected":false},"excerpt":{"rendered":"<p>La Dre Elaine Jolly a obtenu son premier dipl\u00f4me en m\u00e9decine \u00e0 l&rsquo;Universit\u00e9 Queen&rsquo;s de Kingston (Ontario). Elle fait ses \u00e9tudes sup\u00e9rieures \u00e0 Denver, \u00e0 Ottawa et \u00e0 Halifax. Elle a mis sur pied le premier programme d&rsquo;endocrinologie de la reproduction et de traitement de l&rsquo;infertilit\u00e9 \u00e0 Ottawa, permettant ainsi \u00e0 des couples sans enfants [&hellip;]<\/p>\n","protected":false},"author":25,"featured_media":0,"parent":14473,"menu_order":1,"comment_status":"closed","ping_status":"closed","template":"","meta":{"_acf_changed":false,"_mc_calendar":[],"footnotes":""},"class_list":["post-14496","page","type-page","status-publish","hentry"],"acf":[],"wps_subtitle":"","_links":{"self":[{"href":"https:\/\/www.ottawahospital.on.ca\/fr\/wp-json\/wp\/v2\/pages\/14496","targetHints":{"allow":["GET"]}}],"collection":[{"href":"https:\/\/www.ottawahospital.on.ca\/fr\/wp-json\/wp\/v2\/pages"}],"about":[{"href":"https:\/\/www.ottawahospital.on.ca\/fr\/wp-json\/wp\/v2\/types\/page"}],"author":[{"embeddable":true,"href":"https:\/\/www.ottawahospital.on.ca\/fr\/wp-json\/wp\/v2\/users\/25"}],"replies":[{"embeddable":true,"href":"https:\/\/www.ottawahospital.on.ca\/fr\/wp-json\/wp\/v2\/comments?post=14496"}],"version-history":[{"count":0,"href":"https:\/\/www.ottawahospital.on.ca\/fr\/wp-json\/wp\/v2\/pages\/14496\/revisions"}],"up":[{"embeddable":true,"href":"https:\/\/www.ottawahospital.on.ca\/fr\/wp-json\/wp\/v2\/pages\/14473"}],"wp:attachment":[{"href":"https:\/\/www.ottawahospital.on.ca\/fr\/wp-json\/wp\/v2\/media?parent=14496"}],"curies":[{"name":"wp","href":"https:\/\/api.w.org\/{rel}","templated":true}]}}