{"id":14473,"date":"2016-12-09T13:16:35","date_gmt":"2016-12-09T18:16:35","guid":{"rendered":"http:\/\/52.229.122.34\/?page_id=14473\/"},"modified":"2024-01-25T10:52:49","modified_gmt":"2024-01-25T15:52:49","slug":"centre-de-sante-pour-les-femmes-shirley-e-greenberg","status":"publish","type":"page","link":"https:\/\/www.ottawahospital.on.ca\/fr\/services-cliniques\/deptpgrmcs\/programmes\/centre-de-sante-pour-les-femmes-shirley-e-greenberg\/","title":{"rendered":"Centre de sant\u00e9 pour les femmes Shirley-E.-Greenberg"},"content":{"rendered":"<p><img decoding=\"async\" class=\"img-responsive alignnone wp-image-49592 size-full\" src=\"https:\/\/www.ottawahospital.on.ca\/wp-content\/uploads\/2019\/09\/banner-home.jpg\" alt=\"\" width=\"740\" height=\"330\" \/><\/p>\n<p>Le Centre de sant\u00e9 pour les femmes Shirley-E.-Greenberg est situ\u00e9 au Campus Riverside de L\u2019H\u00f4pital d\u2019Ottawa.<\/p>\n<p>Notre \u00e9quipe de professionnels chevronn\u00e9s fournit des soins aux femmes ayant des besoins complexes en gyn\u00e9cologie.<\/p>\n<p class=\"mock\">Nous nous engageons \u00e0 am\u00e9liorer la qualit\u00e9 de vie des femmes en leur offrant d\u2019excellents soins cliniques et en misant sur la recherche, l\u2019enseignement et l\u2019innovation.<\/p>\n<div class=\"card\">\n<h2 class=\"card-header h2-mock\">Prise de rendez-vous<\/h2>\n<div class=\"card-body\">\n<p>Nous offrons de nombreux programmes sp\u00e9cialis\u00e9s, dont la plupart exigent une demande de consultation de la part de votre m\u00e9decin de famille, de votre infirmi\u00e8re praticienne ou d\u2019un autre sp\u00e9cialiste.<\/p>\n<p>Comme nos services s\u2019adressent aux femmes ayant des besoins complexes en gyn\u00e9cologie, nous n\u2019acceptons pas les demandes de consultation pour des examens m\u00e9dicaux annuels de routine.<\/p>\n<hr \/>\n<p><strong>Heures d\u2019ouverture : <\/strong>Du lundi au vendredi, de 8 h \u00e0 16 h<\/p>\n<hr \/>\n<p><strong>Emplacement :<\/strong><br \/>\nL\u2019H\u00f4pital d\u2019Ottawa \u2013 Campus Riverside<br \/>\n7e \u00e9tage<br \/>\n1967, promenade Riverside<br \/>\nOttawa, ON K1H 7W9<\/p>\n<hr \/>\n<p><strong>Coordonn\u00e9es pour questions g\u00e9n\u00e9rales : 613-738-8400, poste 81725; t\u00e9l\u00e9copieur : 613-738-8524<\/strong><\/p>\n<\/div>\n<\/div>\n<h2>\u00c0 propos de nous<\/h2>\n<p><img decoding=\"async\" class=\"img-responsive alignnone wp-image-49484 size-full\" src=\"https:\/\/www.ottawahospital.on.ca\/wp-content\/uploads\/2019\/09\/History-banner.jpg\" alt=\"\" width=\"740\" height=\"330\" \/><\/p>\n<p>Le Centre de sant\u00e9 pour les femmes Shirley-E.-Greenberg a ouvert ses portes en 2005 gr\u00e2ce au g\u00e9n\u00e9reux soutien de notre m\u00e9c\u00e8ne, Shirley E. Greenberg, et \u00e0 la vision et au leadership de la Dre Elaine Jolly, fondatrice et premi\u00e8re directrice m\u00e9dicale du Centre.<\/p>\n<p>La Dre Jolly est reconnue \u00e0 l\u2019\u00e9chelle internationale \u00e0 titre de sp\u00e9cialiste de la sant\u00e9 des femmes. En tant qu\u2019enseignante, chercheuse et leader d\u2019opinion au Canada, elle a milit\u00e9 inlassablement pour les femmes.<\/p>\n<p>Mme Greenberg d\u00e9fend avec ferveur les int\u00e9r\u00eats des femmes depuis bien des ann\u00e9es. Dans le cadre de son engagement constant \u00e0 am\u00e9liorer la vie des femmes, elle continue de s\u2019int\u00e9resser et de participer activement aux activit\u00e9s et \u00e0 la croissance du Centre.<\/p>\n<div class=\"alert alert-info disclaimer\" role=\"alert\">Ce site Web utilise le f\u00e9minin, mais inclut toute personne, y compris les personnes transgenres qui ne s\u2019identifient peut-\u00eatre pas \u00e0 une femme. Le personnel du Centre de sant\u00e9 pour les femmes Shirley-E.-Greenberg s\u2019engage \u00e0 respecter les droits de toutes les personnes \u00e0 qui le site Web s\u2019adresse, incluant les personnes transgenres, de genre non binaire et intersexu\u00e9es.<\/div>\n","protected":false},"excerpt":{"rendered":"<p>Le Centre de sant\u00e9 pour les femmes Shirley-E.-Greenberg est situ\u00e9 au Campus Riverside de L\u2019H\u00f4pital d\u2019Ottawa. Notre \u00e9quipe de professionnels chevronn\u00e9s fournit des soins aux femmes ayant des besoins complexes en gyn\u00e9cologie. Nous nous engageons \u00e0 am\u00e9liorer la qualit\u00e9 de vie des femmes en leur offrant d\u2019excellents soins cliniques et en misant sur la recherche, [&hellip;]<\/p>\n","protected":false},"author":25,"featured_media":0,"parent":7866,"menu_order":28,"comment_status":"closed","ping_status":"closed","template":"","meta":{"_acf_changed":false,"_mc_calendar":[],"footnotes":""},"class_list":["post-14473","page","type-page","status-publish","hentry"],"acf":[],"wps_subtitle":"","_links":{"self":[{"href":"https:\/\/www.ottawahospital.on.ca\/fr\/wp-json\/wp\/v2\/pages\/14473","targetHints":{"allow":["GET"]}}],"collection":[{"href":"https:\/\/www.ottawahospital.on.ca\/fr\/wp-json\/wp\/v2\/pages"}],"about":[{"href":"https:\/\/www.ottawahospital.on.ca\/fr\/wp-json\/wp\/v2\/types\/page"}],"author":[{"embeddable":true,"href":"https:\/\/www.ottawahospital.on.ca\/fr\/wp-json\/wp\/v2\/users\/25"}],"replies":[{"embeddable":true,"href":"https:\/\/www.ottawahospital.on.ca\/fr\/wp-json\/wp\/v2\/comments?post=14473"}],"version-history":[{"count":0,"href":"https:\/\/www.ottawahospital.on.ca\/fr\/wp-json\/wp\/v2\/pages\/14473\/revisions"}],"up":[{"embeddable":true,"href":"https:\/\/www.ottawahospital.on.ca\/fr\/wp-json\/wp\/v2\/pages\/7866"}],"wp:attachment":[{"href":"https:\/\/www.ottawahospital.on.ca\/fr\/wp-json\/wp\/v2\/media?parent=14473"}],"curies":[{"name":"wp","href":"https:\/\/api.w.org\/{rel}","templated":true}]}}