{"id":14438,"date":"2016-12-09T12:32:45","date_gmt":"2016-12-09T17:32:45","guid":{"rendered":"http:\/\/52.229.122.34\/?page_id=14438\/"},"modified":"2025-06-23T10:40:58","modified_gmt":"2025-06-23T14:40:58","slug":"programme-de-soins-aux-victimes-dagression-sexuelle-ou-dabus-par-un-partenaire","status":"publish","type":"page","link":"https:\/\/www.ottawahospital.on.ca\/fr\/services-cliniques\/deptpgrmcs\/programmes\/programme-de-soins-aux-victimes-dagression-sexuelle-ou-dabus-par-un-partenaire\/","title":{"rendered":"Programme de soins aux victimes d&rsquo;agression sexuelle ou d&rsquo;abus par un partenaire"},"content":{"rendered":"<div class=\"contact-text-inner toh-blue\">\n<p class=\"contact-text\">Si vous souhaitez nous recommander un patient, veuillez remplir une demande de consultation. Veuillez nous envoyer le <a href=\"https:\/\/www.ottawahospital.on.ca\/en\/documents\/2021\/03\/sapacp-referral-form-en.pdf\" target=\"_blank\" rel=\"noopener noreferrer\">formulaire d\u00fbment<\/a> rempli par t\u00e9l\u00e9copieur au 613 761-4985.<\/p>\n<p class=\"contact-text\">Nous prot\u00e9geons la confidentialit\u00e9 de nos t\u00e9l\u00e9copies. Si le patient a d\u00e9j\u00e0 quitt\u00e9 l\u2019h\u00f4pital, veuillez nous fournir ses coordonn\u00e9es s\u00e9curitaires pour que nous puissions lui donner un rendez-vous.<\/p>\n<\/div>\n<p>Le <a href=\"https:\/\/www.sadvtreatmentcentres.ca\/\">R\u00e9seau ontarien des centres de traitement en cas d\u2019agression sexuelle ou de violence familiale<\/a> est form\u00e9 de professionnels de la sant\u00e9 sp\u00e9cialis\u00e9s et disponibles sur place, 24\u00a0heures sur 24, 365\u00a0jours par an. Il offre de fa\u00e7on priv\u00e9e et confidentielle des soins m\u00e9dicaux tenant compte des traumatismes \u00e0 toute personne de 16\u00a0ans ou plus victime d\u2019agression sexuelle ou d\u2019abus par un partenaire dans la grande r\u00e9gion d\u2019Ottawa.<\/p>\n<p>En plus des soins de courte dur\u00e9e offerts 24 heures sur 24, et 7 jours sur 7, nous proposons des services complets dans une clinique externe. Nous offrons des services externes avec ou sans recommandation d\u2019un professionnel de la sant\u00e9 ou d\u2019un partenaire communautaire. T\u00e9l\u00e9copiez votre demande de consultation au <strong>613\u00a0761-4985<\/strong>\u00a0ou appelez au\u00a0<strong>613-798-5555, poste\u00a013770<\/strong>, pour prendre un rendez-vous.<\/p>\n<p>Depuis la cr\u00e9ation du Programme de soins aux victimes d\u2019agression sexuelle ou d\u2019abus par un partenaire au sein du Campus Civic de L\u2019H\u00f4pital d\u2019Ottawa en 1994, nous veillons \u00e0 r\u00e9pondre aux besoins sur le plan m\u00e9dical, \u00e9motionnel, social, m\u00e9dico-l\u00e9gal et juridique des personnes victimes d\u2019agression sexuelle ou d\u2019abus par un partenaire.<\/p>\n<div class=\"callout-text-inner toh-green\">\n<p>Le Programme de soins aux victimes d\u2019agression sexuelle ou d\u2019abus par un partenaire est associ\u00e9 au <a href=\"https:\/\/www.sadvtreatmentcentres.ca\/\">R\u00e9seau ontarien des centres de traitement en cas d\u2019agression sexuelle ou de violence familiale<\/a><\/p>\n<\/div>\n<p><strong>Qu\u2019est-ce qu\u2019une agression sexuelle ou un abus sexuel?<\/strong><\/p>\n<p>Il s\u2019agit de toute forme d\u2019activit\u00e9 sexuelle non souhait\u00e9e exerc\u00e9e de force sur une personne sans son consentement. Cela peut aller d\u2019attouchements sexuels non voulus \u00e0 des relations sexuelles forc\u00e9es. Habituellement, les personnes qui commettent ce type d\u2019agression connaissent leur victime. La plupart des agressions sexuelles sont commises \u00e0 l\u2019endroit des femmes, mais les hommes en sont parfois aussi victimes.<\/p>\n<p><strong>Qu\u2019est-ce qu\u2019un abus par un partenaire?<\/strong><\/p>\n<p>Connu aussi sous le nom de violence conjugale, l\u2019abus par un partenaire est un crime au Canada. Il est principalement commis par un homme contre une femme, mais peut aussi \u00eatre commis par une femme contre un homme, ou alors entre partenaires du m\u00eame sexe. L\u2019abus par un partenaire existe au sein de toutes les classes sociales, les religions, les races et les cultures. Il ne se manifeste pas toujours par de la violence physique. Il peut comprendre d\u2019autres formes de mauvais traitements et de cruaut\u00e9 comme des abus de nature \u00e9motionnelle, psychologique, financi\u00e8re, spirituelle et verbale.<\/p>\n<h2>Consultations virtuelles<\/h2>\n<p>Le Programme de soins aux victimes d\u2019agression sexuelle ou d\u2019abus par un partenaire offre plus de consultations virtuelles afin d\u2019am\u00e9liorer l\u2019acc\u00e8s des patients aux soins. Cela aidera les patients qui \u00e9prouvent des difficult\u00e9s \u00e0 venir \u00e0 leur rendez-vous de suivi \u00e0 l\u2019h\u00f4pital. Apr\u00e8s la premi\u00e8re visite en personne du patient, durant laquelle des examens m\u00e9dico-l\u00e9gaux peuvent \u00eatre r\u00e9alis\u00e9s, l\u2019\u00e9quipe de soins fera des suivis virtuels 48\u00a0h \u00e0 72\u00a0h plus tard, apr\u00e8s 4 \u00e0 6 semaines, et au bout de 3\u00a0mois. Ces consultations virtuelles peuvent se faire par vid\u00e9oconf\u00e9rence s\u00e9curis\u00e9e. Pour vous informer sur les consultations virtuelles, appelez au 613-798-5555, poste\u00a013770 ou \u00e9crivez \u00e0 <a href=\"mailto:sa_dv@toh.ca\">sa_dv@toh.ca<\/a>.<\/p>\n<h2>Nos services<\/h2>\n<p>Selon leurs besoins, les patients disposent d\u2019une vaste gamme de services.<\/p>\n<h3>Services de sant\u00e9<\/h3>\n<ul>\n<li>\u00e9valuation des blessures, documentation et traitement des blessures<\/li>\n<li>d\u00e9pistage des infections transmissibles sexuellement (ITS)<\/li>\n<li>contraception d\u2019urgence (Ella, IUD ou Plan B)<\/li>\n<li>test de grossesse<\/li>\n<li>traitement post-exposition contre le VIH (m\u00e9dicament pour la pr\u00e9vention du VIH \u00e0 prendre apr\u00e8s une possible exposition)<\/li>\n<li>immunisation contre l\u2019h\u00e9patite B et l\u2019h\u00e9patite A<\/li>\n<li>prise de photos des blessures \u00e0 des fins de documentation<\/li>\n<li>counseling en cas de crise<\/li>\n<li>planification de mesures de s\u00e9curit\u00e9<\/li>\n<li>\u00e9valuation des risques et des dangers<\/li>\n<li>recommandation pour des services de soutien post-traumatique (offert par nos partenaires communautaires, comme Services aux victimes d\u2019Ottawa)<\/li>\n<\/ul>\n<h3>Services de m\u00e9decine l\u00e9gale<\/h3>\n<ul>\n<li>collecte et conservation des preuves d\u2019agression \u00e0 l\u2019aide de la trousse m\u00e9dico-l\u00e9gale (avec ou sans la participation de la police)<\/li>\n<li>prise de photos des blessures \u00e0 des fins de documentation (avec ou sans la participation de la police)<\/li>\n<li>signalement anonyme \u00e0 la police<\/li>\n<\/ul>\n<h2>Clinique externe du Programme<\/h2>\n<p>Les victimes d\u2019agression sexuelle ou d\u2019abus par un partenaire peuvent \u00e9prouver de nombreuses s\u00e9quelles \u00e0 court et \u00e0 long terme. Votre consultation peut \u00eatre en personne, par t\u00e9l\u00e9phone ou par vid\u00e9oconf\u00e9rence selon vos besoins particuliers.<\/p>\n<p>En plus de la liste ci-dessus des services offerts 24\u00a0heures par jour, 7\u00a0jours sur 7, les soins de suivi \u00e0 notre clinique externe sp\u00e9cialis\u00e9e permettent de d\u00e9celer et de prendre en charge les s\u00e9quelles \u00e0 court et \u00e0 long terme. En voici quelques exemples\u00a0:<\/p>\n<ul>\n<li>renouvellement de prescription et gestion du traitement post-exposition au VIH<\/li>\n<li>\u00e9valuation des blessures par un m\u00e9decin (ou un autre professionnel de la sant\u00e9, au besoin)<\/li>\n<li>prise de photos des blessures \u00e0 des fins de documentation<\/li>\n<li>\u00e9valuation de la sant\u00e9 mentale et d\u00e9pistage de la d\u00e9pression et de l\u2019\u00e9tat de stress post-traumatique<\/li>\n<li>\u00e9valuation de suivi, tests et traitement des infections transmissibles sexuellement (p. ex. VHS, VPH, chlamydia, gonorrh\u00e9e, syphilis, trichomanie, h\u00e9patite B ou C et VIH)<\/li>\n<li>soins de sp\u00e9cialistes (par recommandation ou en collaboration), clinique sp\u00e9cialis\u00e9e dans les traumatismes cr\u00e2niens, orthop\u00e9die, oto-rhino-laryngologie, neurologie, etc.<\/li>\n<li>intervention en cas de crise et services de soutien communautaires.<\/li>\n<\/ul>\n<h2>Notre \u00e9quipe<\/h2>\n<p>Notre \u00e9quipe multidisciplinaire est sp\u00e9cialement form\u00e9e pour traiter des cas de traumatisme et peut donner des soins individualis\u00e9s dans une pi\u00e8ce priv\u00e9e, et ce, en toute confidentialit\u00e9. Nous offrons des soins empreints de compassion, et sans porter de jugement, \u00e0 toutes les personnes qui ont recours \u00e0 nos services et nous les encourageons \u00e0 prendre le contr\u00f4le de la situation. \u00c0 votre demande, vous recevrez nos soins dans l\u2019heure suivant votre arriv\u00e9e \u00e0 l\u2019Urgence du Campus Civic.<\/p>\n<p>Voici les professionnels de la sant\u00e9 d\u00e9sign\u00e9s du Programme qui sont dispos\u00e9s \u00e0 vous offrir et recommander des soins :<\/p>\n<h3>\u00c9quipe clinique<\/h3>\n<ul>\n<li>Directrice m\u00e9dicale, Renee Bradley<\/li>\n<li>Kaitlyn Maki, IA, coordonnatrice des soins<\/li>\n<li>Infirmi\u00e8res \u00e0 l\u2019Urgence sp\u00e9cialis\u00e9es en traumatologie et d\u00e9vou\u00e9es \u00e0 vos soins par l\u2019\u00e9ducation, notamment par le biais du R\u00e9seau ontarien des centres de traitement en cas d\u2019agression sexuelle ou de violence familiale<\/li>\n<li>Rashida Collins, travailleuse sociale<\/li>\n<li>\u00e9quipe de soins d\u2019urgence en tout temps<\/li>\n<\/ul>\n<div class=\"card\">\n<h2 class=\"card-header h2-mock\">Nous joindre<\/h2>\n<div class=\"card-body\">\n<p>Nous offrons des soins d\u2019urgence, 24 heures sur 24, 365 jours par an, aux personnes de la grande r\u00e9gion d\u2019Ottawa. Nous sommes situ\u00e9s \u00e0 l\u2019Urgence du Campus Civic de L\u2019H\u00f4pital d\u2019Ottawa.<\/p>\n<hr \/>\n<p>En cas d\u2019urgence o\u00f9 votre vie est en danger, composez le 911.<\/p>\n<hr \/>\n<p><strong>Emplacement :<\/strong><br \/>\nL\u2019H\u00f4pital d\u2019Ottawa \u2013 Campus Civic<br \/>\n1053, avenue Carling<br \/>\nOttawa ON K1Y 4EY<\/p>\n<hr \/>\n<p>T\u00e9l. : 613-798-5555, poste 13770<br \/>\nATS : 613-761-4140 (de 8 h \u00e0 16 h)<br \/>\nT\u00e9l\u00e9copieur : 613-761-4985<\/p>\n<hr \/>\n<p><strong>Remarque : Les professionnels de la sant\u00e9 qui ont des questions au sujet du programme peuvent aussi communiquer avec nous. Nous participons au projet de consultation \u00e9lectronique! <\/strong><\/p>\n<\/div>\n<\/div>\n<h2>Accessibilit\u00e9<\/h2>\n<ul>\n<li>Service ATS<\/li>\n<li>Services d\u2019interpr\u00e9tation (langue des signes ou autre langue)<\/li>\n<li>Installations accessibles en fauteuil roulant<\/li>\n<li>M\u00e9dicaments prophylactiques offerts gratuitement<\/li>\n<\/ul>\n","protected":false},"excerpt":{"rendered":"<p>Si vous souhaitez nous recommander un patient, veuillez remplir une demande de consultation. Veuillez nous envoyer le formulaire d\u00fbment rempli par t\u00e9l\u00e9copieur au 613 761-4985. Nous prot\u00e9geons la confidentialit\u00e9 de nos t\u00e9l\u00e9copies. Si le patient a d\u00e9j\u00e0 quitt\u00e9 l\u2019h\u00f4pital, veuillez nous fournir ses coordonn\u00e9es s\u00e9curitaires pour que nous puissions lui donner un rendez-vous. Le R\u00e9seau [&hellip;]<\/p>\n","protected":false},"author":25,"featured_media":0,"parent":7866,"menu_order":27,"comment_status":"closed","ping_status":"closed","template":"","meta":{"_acf_changed":false,"_mc_calendar":[],"footnotes":""},"class_list":["post-14438","page","type-page","status-publish","hentry"],"acf":[],"wps_subtitle":"","_links":{"self":[{"href":"https:\/\/www.ottawahospital.on.ca\/fr\/wp-json\/wp\/v2\/pages\/14438","targetHints":{"allow":["GET"]}}],"collection":[{"href":"https:\/\/www.ottawahospital.on.ca\/fr\/wp-json\/wp\/v2\/pages"}],"about":[{"href":"https:\/\/www.ottawahospital.on.ca\/fr\/wp-json\/wp\/v2\/types\/page"}],"author":[{"embeddable":true,"href":"https:\/\/www.ottawahospital.on.ca\/fr\/wp-json\/wp\/v2\/users\/25"}],"replies":[{"embeddable":true,"href":"https:\/\/www.ottawahospital.on.ca\/fr\/wp-json\/wp\/v2\/comments?post=14438"}],"version-history":[{"count":0,"href":"https:\/\/www.ottawahospital.on.ca\/fr\/wp-json\/wp\/v2\/pages\/14438\/revisions"}],"up":[{"embeddable":true,"href":"https:\/\/www.ottawahospital.on.ca\/fr\/wp-json\/wp\/v2\/pages\/7866"}],"wp:attachment":[{"href":"https:\/\/www.ottawahospital.on.ca\/fr\/wp-json\/wp\/v2\/media?parent=14438"}],"curies":[{"name":"wp","href":"https:\/\/api.w.org\/{rel}","templated":true}]}}