{"id":14397,"date":"2016-12-09T12:08:03","date_gmt":"2016-12-09T17:08:03","guid":{"rendered":"http:\/\/52.229.122.34\/?page_id=14397\/"},"modified":"2021-06-04T09:15:49","modified_gmt":"2021-06-04T13:15:49","slug":"ressources","status":"publish","type":"page","link":"https:\/\/www.ottawahospital.on.ca\/fr\/services-cliniques\/deptpgrmcs\/programmes\/soiree-dinformation-prenatale\/ressources\/","title":{"rendered":"Ressources"},"content":{"rendered":"<h2>Renseignements pour le patient<\/h2>\n<ul>\n<li><a href=\"\/fr\/documents\/2017\/01\/p585frenchnov2011.pdf\" target=\"_blank\" rel=\"noopener noreferrer\">Se pr\u00e9parer \u00e0 l\u2019accouchement : Guide pour mieux comprendre la p\u00e9riode du travail<\/a><\/li>\n<li><a href=\"\/fr\/documents\/2017\/01\/113848-p601-french-proof-1.pdf\" target=\"_blank\" rel=\"noopener noreferrer\">Pr\u00e9f\u00e9rences familiales pour la naissance<\/a><\/li>\n<li><a href=\"https:\/\/www.ottawahospital.on.ca\/wp-content\/uploads\/2018\/01\/cp18dfrendec2013-2.pdf\" target=\"_blank\" rel=\"noopener noreferrer\">Planification de votre accouchement par c\u00e9sarienne<\/a><\/li>\n<li><a href=\"\/fr\/documents\/2021\/05\/p711frenchdec2009-wcag.pdf\/\" target=\"_blank\" rel=\"noopener noreferrer\">Guide d\u2019alimentation pr\u00e9natale<\/a><\/li>\n<li><a href=\"https:\/\/www.ottawahospital.on.ca\/wp-content\/uploads\/2017\/12\/p256-french.pdf\" target=\"_blank\" rel=\"noopener noreferrer\">Approche nutritionnelle pour aider \u00e0 contr\u00f4ler les naus\u00e9es et les vomissements pendant la grossesse<\/a><\/li>\n<li><a href=\"\/fr\/documents\/2017\/01\/p515french.pdf\" target=\"_blank\" rel=\"noopener noreferrer\">Naus\u00e9e et vomissements durant la grossesse<\/a><\/li>\n<li><a href=\"\/fr\/documents\/2017\/01\/p274frenchjan2006.pdf\" target=\"_blank\" rel=\"noopener noreferrer\">Grandir ensemble durant la grossesse<\/a><\/li>\n<li><a href=\"\/fr\/documents\/2017\/01\/p334french.pdf\" target=\"_blank\" rel=\"noopener noreferrer\">Approche nutritionnelle pour grossesse multiple<\/a><\/li>\n<li><a href=\"\/fr\/documents\/2017\/01\/p351frenchaug2011.pdf\" target=\"_blank\" rel=\"noopener noreferrer\">Approche nutritionnelle pour augmenter votre apport en fer<\/a><\/li>\n<li><a href=\"\/fr\/documents\/2021\/05\/p392-fr-sept-2010-wcag.pdf\/\" target=\"_blank\" rel=\"noopener noreferrer\">Approche nutritionnelle pour augmenter votre apport en fibres<\/a><\/li>\n<li><a href=\"\/fr\/documents\/2017\/01\/p458frenchjune2009.pdf\" target=\"_blank\" rel=\"noopener noreferrer\">Approche nutritionnelle pour la consommation du poisson pendant la grossesse<\/a><\/li>\n<li><a href=\"\/fr\/documents\/2017\/01\/p576frenchmay2009.pdf\" target=\"_blank\" rel=\"noopener noreferrer\">Votre plan d\u2019activit\u00e9<\/a><\/li>\n<li><a href=\"\/fr\/documents\/2017\/01\/p578frenchaug2008.pdf\" target=\"_blank\" rel=\"noopener noreferrer\">Compter les mouvements de votre b\u00e9b\u00e9<\/a><\/li>\n<li><a href=\"\/fr\/documents\/2017\/01\/cp17bfrenchjune2008.pdf\" target=\"_blank\" rel=\"noopener noreferrer\">Information \u00e0 l\u2019intention de la nouvelle maman et de sa famille Accouchement vaginal<\/a><\/li>\n<li><a href=\"\/fr\/documents\/2021\/06\/cp18dfrendec2013-wcag.pdf\/\" target=\"_blank\" rel=\"noopener noreferrer\">Information \u00e0 l\u2019intention de la nouvelle maman et de sa famille Accouchement par c\u00e9sarienne<\/a><\/li>\n<li><a href=\"\/fr\/documents\/2017\/01\/p856frenchapril2010.pdf\" target=\"_blank\" rel=\"noopener noreferrer\">La deuxi\u00e8me nuit de b\u00e9b\u00e9<\/a><\/li>\n<li><a href=\"\/fr\/documents\/2017\/01\/p1009-french-may-2012.pdf\" target=\"_blank\" rel=\"noopener noreferrer\">Votre lait maternel contient tout ce dont votre b\u00e9b\u00e9 a besoin.<\/a><\/li>\n<li><a href=\"\/fr\/documents\/2017\/01\/p746french.pdf\" target=\"_blank\" rel=\"noopener noreferrer\">Compression du sein et massage du sein<\/a><\/li>\n<li><a href=\"\/fr\/documents\/2017\/01\/p855frenchapril2010.pdf\" target=\"_blank\" rel=\"noopener noreferrer\">Prise du sein pour la t\u00e9t\u00e9e (boire)<\/a><\/li>\n<li><a href=\"\/fr\/documents\/2017\/01\/p670french.pdf\" target=\"_blank\" rel=\"noopener noreferrer\">Allaitement des jumeaux<\/a><\/li>\n<li><a href=\"\/fr\/documents\/2017\/01\/p288frenchfeb2011.pdf\" target=\"_blank\" rel=\"noopener noreferrer\">Le streptocoque de groupe B<\/a><\/li>\n<li><a href=\"\/fr\/documents\/2017\/01\/p325frenchjan2011.pdf\" target=\"_blank\" rel=\"noopener noreferrer\">Version c\u00e9phalique externe (V.C.E.)<\/a><\/li>\n<\/ul>\n<h2>Liens<\/h2>\n<ul>\n<li><a href=\"https:\/\/www.serviceontario.ca\/\" target=\"_blank\" rel=\"noopener noreferrer\">\u00c9v\u00e9nements de la vie &#8211; Service d&rsquo;enregistrement des nouveau-n\u00e9s<\/a><\/li>\n<li><a href=\"https:\/\/www.serviceontario.ca\/\" target=\"_blank\" rel=\"noopener noreferrer\">Demande de certificat de naissance en ligne<\/a><\/li>\n<li><a href=\"https:\/\/www.midwiferygroupofottawa.com\/\" target=\"_blank\" rel=\"noopener noreferrer\">Sages Femmes d&rsquo;Ottawa<\/a><\/li>\n<li><a href=\"https:\/\/www.midwiferycollective.com\/\" target=\"_blank\" rel=\"noopener noreferrer\">Midwifery Collective of Ottawa<\/a><\/li>\n<\/ul>\n","protected":false},"excerpt":{"rendered":"<p>Renseignements pour le patient Se pr\u00e9parer \u00e0 l\u2019accouchement : Guide pour mieux comprendre la p\u00e9riode du travail Pr\u00e9f\u00e9rences familiales pour la naissance Planification de votre accouchement par c\u00e9sarienne Guide d\u2019alimentation pr\u00e9natale Approche nutritionnelle pour aider \u00e0 contr\u00f4ler les naus\u00e9es et les vomissements pendant la grossesse Naus\u00e9e et vomissements durant la grossesse Grandir ensemble durant la [&hellip;]<\/p>\n","protected":false},"author":25,"featured_media":0,"parent":14364,"menu_order":1,"comment_status":"closed","ping_status":"closed","template":"","meta":{"_acf_changed":false,"_mc_calendar":[],"footnotes":""},"class_list":["post-14397","page","type-page","status-publish","hentry"],"acf":[],"wps_subtitle":"","_links":{"self":[{"href":"https:\/\/www.ottawahospital.on.ca\/fr\/wp-json\/wp\/v2\/pages\/14397","targetHints":{"allow":["GET"]}}],"collection":[{"href":"https:\/\/www.ottawahospital.on.ca\/fr\/wp-json\/wp\/v2\/pages"}],"about":[{"href":"https:\/\/www.ottawahospital.on.ca\/fr\/wp-json\/wp\/v2\/types\/page"}],"author":[{"embeddable":true,"href":"https:\/\/www.ottawahospital.on.ca\/fr\/wp-json\/wp\/v2\/users\/25"}],"replies":[{"embeddable":true,"href":"https:\/\/www.ottawahospital.on.ca\/fr\/wp-json\/wp\/v2\/comments?post=14397"}],"version-history":[{"count":0,"href":"https:\/\/www.ottawahospital.on.ca\/fr\/wp-json\/wp\/v2\/pages\/14397\/revisions"}],"up":[{"embeddable":true,"href":"https:\/\/www.ottawahospital.on.ca\/fr\/wp-json\/wp\/v2\/pages\/14364"}],"wp:attachment":[{"href":"https:\/\/www.ottawahospital.on.ca\/fr\/wp-json\/wp\/v2\/media?parent=14397"}],"curies":[{"name":"wp","href":"https:\/\/api.w.org\/{rel}","templated":true}]}}