{"id":14364,"date":"2016-12-09T12:02:32","date_gmt":"2016-12-09T17:02:32","guid":{"rendered":"http:\/\/52.229.122.34\/?page_id=14364\/"},"modified":"2021-06-17T13:10:59","modified_gmt":"2021-06-17T17:10:59","slug":"soiree-dinformation-prenatale","status":"publish","type":"page","link":"https:\/\/www.ottawahospital.on.ca\/fr\/services-cliniques\/deptpgrmcs\/programmes\/soiree-dinformation-prenatale\/","title":{"rendered":"Soir\u00e9e d&rsquo;information pr\u00e9natale"},"content":{"rendered":"<blockquote><p>At The Ottawa Hospital we care for families right from the start.<\/p><\/blockquote>\n<div class=\"callout-text-inner toh-green\">\n<p class=\"callout-text\">Nos sessions sont pr\u00e9sentement en attente<\/p>\n<\/div>\n<p><!--<img decoding=\"async\" class=\" wp-image-14354 alignright img-responsive\" src=\"\/wp-content\/uploads\/2016\/12\/mombaby.jpg\" alt=\"mombaby\" width=\"128\" height=\"153\" \/>\n\u00c0 la s\u00e9ance d\u2019information pr\u00e9natale, vous verrez une pr\u00e9sentation PowerPoint sur ce \u00e0 quoi vous pouvez vous attendre durant votre s\u00e9jour \u00e0 L\u2019H\u00f4pital d\u2019Ottawa. La pr\u00e9sentation donne un aper\u00e7u g\u00e9n\u00e9ral de l\u2019Unit\u00e9 d\u2019\u00e9valuation obst\u00e9trique, de l\u2019Unit\u00e9 des naissances, de la Pouponni\u00e8re de soins sp\u00e9ciaux et de l\u2019Unit\u00e9 m\u00e8re-enfant. Apr\u00e8s la pr\u00e9sentation, vous aurez l\u2019occasion de poser des questions.\nAu plaisir de vous y voir!\n\n\n<div class=\"row\">\n\n\n<div class=\"col-md-6\">\n<strong>Campus Civic - Amphith\u00e9\u00e2tre\n<\/strong>19 h 30 - 20 h 45<strong>\n<\/strong>Aucune inscription n\u00e9cessaire.\n\n\n<ul>\n \t\n\n<li>Jeudi le 7 novembre, 2019<\/li>\n\n\n \t\n\n<li>Jeudi le 5 d\u00e9cembre, 2019<\/li>\n\n\n \t\n\n<li>Jeudi le 9 janvier, 2020<\/li>\n\n\n \t\n\n<li>Jeudi le 6 f\u00e9vrier, 2020<\/li>\n\n\n \t\n\n<li>Jeudi le 5 mars, 2020<\/li>\n\n\n \t\n\n<li>Mercredi le 8 avril, 2020<\/li>\n\n\n \t\n\n<li>Mercredi le 6 mai, 2020<\/li>\n\n\n \t\n\n<li>Jeudi le 4 juin, 2020<\/li>\n\n\n \t\n\n<li>Jeudi le 9 juillet, 2020<\/li>\n\n\n \t\n\n<li>Jeudi le 6 ao\u00fbt, 2020<\/li>\n\n\n \t\n\n<li>Jeudi le 3 septembre, 2020<\/li>\n\n\n \t\n\n<li>Jeudi le 1 octobre, 2020<\/li>\n\n\n \t\n\n<li>Jeudi le 5 novembre, 2020<\/li>\n\n\n \t\n\n<li>Jeudi le 3 d\u00e9cembre, 2020<\/li>\n\n\n<\/ul>\n\n\n<\/div>\n\n\n\n\n<div class=\"col-md-6\">\n<strong>Campus G\u00e9n\u00e9ral - Auditorium<\/strong>\n19 h 30 - 21 h 00\nInscription n\u00e9cessaire. (613-737-8012)\n\n\n<ul>\n \t\n\n<li>le 7 janvier, 2020<\/li>\n\n\n \t\n\n<li>le 21 janvier, 2020<\/li>\n\n\n \t\n\n<li>le 4 f\u00e9vrier, 2020<\/li>\n\n\n \t\n\n<li>le 18 f\u00e9vrier, 2020 (fran\u00e7ais)<\/li>\n\n\n \t\n\n<li>le 10 mars, 2020<\/li>\n\n\n \t\n\n<li>le 24 mars, 2020<\/li>\n\n\n \t\n\n<li>le 7 avril, 2020<\/li>\n\n\n \t\n\n<li>le 21 avril, 2020 (fran\u00e7ais)<\/li>\n\n\n \t\n\n<li>le 5 mai, 2020<\/li>\n\n\n \t\n\n<li>le 19 mai, 2020<\/li>\n\n\n \t\n\n<li>le 9 juin, 2020<\/li>\n\n\n \t\n\n<li>le 23 juin, 2020 (fran\u00e7ais)<\/li>\n\n\n \t\n\n<li>le 7 juillet, 2020<\/li>\n\n\n \t\n\n<li>le 21 juillet, 2020<\/li>\n\n\n \t\n\n<li>le 4 ao\u00fbt, 2020<\/li>\n\n\n \t\n\n<li>le 18 ao\u00fbt, 2020 (fran\u00e7ais)<\/li>\n\n\n \t\n\n<li>le 8 septembre, 2020<\/li>\n\n\n \t\n\n<li>le 22 septembre, 2020<\/li>\n\n\n \t\n\n<li>le 6 octobre, 2020<\/li>\n\n\n \t\n\n<li>le 20 octobre, 2020 (fran\u00e7ais)<\/li>\n\n\n \t\n\n<li>novembre, 2020<\/li>\n\n\n \t\n\n<li>le 17 novembre, 2020<\/li>\n\n\n \t\n\n<li>le 1 d\u00e9cembre<sup>t<\/sup>, 2020<\/li>\n\n\n \t\n\n<li>le 15 d\u00e9cembre, 2020 (fran\u00e7ais)<\/li>\n\n\n<\/ul>\n\n\n<\/div>\n\n\n<\/div>\n\n\n--><\/p>\n<h2>S\u00e9ance d\u2019information gratuite sur l\u2019allaitement pour les femmes enceintes (en anglais)<\/h2>\n<p>\u00cates-vous enceinte? Avez-vous des questions au sujet de l\u2019allaitement? Venez \u00e0 cette importante s\u00e9ance d\u2019information pour savoir o\u00f9 obtenir du soutien dans la r\u00e9gion d\u2019Ottawa. Vous apprendrez comment partir du bon pied et acquerrez des connaissances utiles sur l\u2019allaitement. Une consultante en lactation sera aussi sur place pour r\u00e9pondre \u00e0 vos questions. L&rsquo;allaitement exclusif est important pour que votre b\u00e9b\u00e9 ait une sant\u00e9 optimale et se d\u00e9veloppe bien. Assurez-vous d\u2019\u00eatre pr\u00eate avant l\u2019arriv\u00e9e de b\u00e9b\u00e9. Chaque maman recevra gratuitement une trousse d\u2019information utile et d\u00e9veloppera une confiance qui n\u2019a pas de prix!<\/p>\n<p>\u00c0 noter : <strong>Cette s\u00e9ance est offerte en fran\u00e7ais et en anglais<\/strong>. Inscription : par t\u00e9l\u00e9phone au 613-722-4000, poste 440, ou <a href=\"https:\/\/breastfeedingeducationsessions.eventbrite.ca\/\" target=\"_blank\" rel=\"noopener noreferrer\">en ligne<\/a>.<\/p>\n<p><strong>Pour obtenir de l\u2019information sur les cours similaires offerts dans la collectivit\u00e9, vous pouvez consulter les sites Web suivants :<\/strong><\/p>\n<ul>\n<li><strong>Sant\u00e9 publique Ottawa :<\/strong><br \/>\nPour plus d&rsquo;informations sur les programmes pr\u00e9nataux de SPO, pour s&rsquo;inscrire \u00e0 des cours en personne ou d&rsquo;acc\u00e9der \u00e0 la classe pr\u00e9natale en ligne s&rsquo;il vous pla\u00eet visitez le <a href=\"https:\/\/www.santepubliqueottawa.ca\/fr\/index.aspx\" target=\"_blank\" rel=\"noopener noreferrer\">site\u00a0<\/a>Pour parler \u00e0 une infirmi\u00e8re en sant\u00e9 publique, veuillez appeler la ligne d&rsquo;information sur la sant\u00e9 au 613-580-6744 ou par courriel \u00e0 <a href=\"mailto:healthsante@ottawa.ca\">healthsante@ottawa.ca<\/a><\/li>\n<li><strong>\u00c9ducation pr\u00e9natale Ontario : <\/strong><a href=\"https:\/\/www.educationprenataleontario.ca\/\" target=\"_blank\" rel=\"noopener noreferrer\">www.educationprenataleontario.ca<\/a><\/li>\n<li><strong>Ottawa Child Birth Education Association \u2013 Cours pr\u00e9nataux (grossesse multiple) :<\/strong><br \/>\n<a href=\"https:\/\/www.ottawacea.com\" target=\"_blank\" rel=\"noopener noreferrer\">www.ottawacea.com<\/a><br \/>\nVous pouvez vous inscrire en ligne ou par t\u00e9l\u00e9phone (613-860-2061).<\/li>\n<\/ul>\n<h2>Sage-femmes<\/h2>\n<ul>\n<li><a href=\"https:\/\/www.midwiferycollective.com\" target=\"_blank\" rel=\"noopener noreferrer\">www.midwiferycollective.com<\/a><\/li>\n<li><a href=\"https:\/\/www.ottawasouthmidwives.com\/\" target=\"_blank\" rel=\"noopener\">Ottawa South Midwives<\/a> (en anglais)<\/li>\n<li><a href=\"https:\/\/www.ottawavalleydoulas.com\" target=\"_blank\" rel=\"noopener noreferrer\">www.ottawavalleydoulas.com<\/a><\/li>\n<\/ul>\n","protected":false},"excerpt":{"rendered":"<p>At The Ottawa Hospital we care for families right from the start. Nos sessions sont pr\u00e9sentement en attente S\u00e9ance d\u2019information gratuite sur l\u2019allaitement pour les femmes enceintes (en anglais) \u00cates-vous enceinte? Avez-vous des questions au sujet de l\u2019allaitement? Venez \u00e0 cette importante s\u00e9ance d\u2019information pour savoir o\u00f9 obtenir du soutien dans la r\u00e9gion d\u2019Ottawa. Vous [&hellip;]<\/p>\n","protected":false},"author":25,"featured_media":0,"parent":7866,"menu_order":25,"comment_status":"closed","ping_status":"closed","template":"","meta":{"_acf_changed":false,"_mc_calendar":[],"footnotes":""},"class_list":["post-14364","page","type-page","status-publish","hentry"],"acf":[],"wps_subtitle":"","_links":{"self":[{"href":"https:\/\/www.ottawahospital.on.ca\/fr\/wp-json\/wp\/v2\/pages\/14364","targetHints":{"allow":["GET"]}}],"collection":[{"href":"https:\/\/www.ottawahospital.on.ca\/fr\/wp-json\/wp\/v2\/pages"}],"about":[{"href":"https:\/\/www.ottawahospital.on.ca\/fr\/wp-json\/wp\/v2\/types\/page"}],"author":[{"embeddable":true,"href":"https:\/\/www.ottawahospital.on.ca\/fr\/wp-json\/wp\/v2\/users\/25"}],"replies":[{"embeddable":true,"href":"https:\/\/www.ottawahospital.on.ca\/fr\/wp-json\/wp\/v2\/comments?post=14364"}],"version-history":[{"count":0,"href":"https:\/\/www.ottawahospital.on.ca\/fr\/wp-json\/wp\/v2\/pages\/14364\/revisions"}],"up":[{"embeddable":true,"href":"https:\/\/www.ottawahospital.on.ca\/fr\/wp-json\/wp\/v2\/pages\/7866"}],"wp:attachment":[{"href":"https:\/\/www.ottawahospital.on.ca\/fr\/wp-json\/wp\/v2\/media?parent=14364"}],"curies":[{"name":"wp","href":"https:\/\/api.w.org\/{rel}","templated":true}]}}