{"id":14110,"date":"2016-12-09T10:05:46","date_gmt":"2016-12-09T15:05:46","guid":{"rendered":"http:\/\/52.229.122.34\/?page_id=14110\/"},"modified":"2017-05-12T16:25:37","modified_gmt":"2017-05-12T20:25:37","slug":"diriger-un-patient","status":"publish","type":"page","link":"https:\/\/www.ottawahospital.on.ca\/fr\/services-cliniques\/diriger-un-patient\/","title":{"rendered":"Diriger un patient"},"content":{"rendered":"<h2>Diriger un patient<\/h2>\n<p>Si vous souhaitez recommander un de vos patients aupr\u00e8s d\u2019un service de L\u2019H\u00f4pital d\u2019Ottawa, veuillez consulter la page du service, du programme ou de la clinique en question afin de conna\u00eetre les exigences pr\u00e9cises. Cliquez sur le lien ci-dessous pour voir la liste compl\u00e8te des services, programmes et cliniques de l&rsquo;H\u00f4pital.<\/p>\n<p>Si vous connaissez le nom du m\u00e9decin auquel vous souhaitez recommander votre patient, vous pouvez consulter le r\u00e9pertoire des m\u00e9decins qui figure ci-dessous pour obtenir ses coordonn\u00e9es.<\/p>\n<p><a class=\"btn btn-default\" href=\"\/fr\/services-cliniques\/deptpgrmcs\/\">Trouver un service, un programme ou une clinique<\/a><span class=\"marginbottom10 clearblock\">&nbsp;<\/span><a class=\" btn btn-default\" href=\"\/fr\/services-cliniques\/repertoire-des-medecins\/\">Faites une recherche dans notre r\u00e9pertoire des m\u00e9decins<\/a><\/p>\n","protected":false},"excerpt":{"rendered":"<p>Diriger un patient Si vous souhaitez recommander un de vos patients aupr\u00e8s d\u2019un service de L\u2019H\u00f4pital d\u2019Ottawa, veuillez consulter la page du service, du programme ou de la clinique en question afin de conna\u00eetre les exigences pr\u00e9cises. Cliquez sur le lien ci-dessous pour voir la liste compl\u00e8te des services, programmes et cliniques de l&rsquo;H\u00f4pital. Si [&hellip;]<\/p>\n","protected":false},"author":25,"featured_media":0,"parent":56,"menu_order":8,"comment_status":"closed","ping_status":"closed","template":"","meta":{"_acf_changed":false,"_mc_calendar":[],"footnotes":""},"class_list":["post-14110","page","type-page","status-publish","hentry"],"acf":[],"wps_subtitle":"","_links":{"self":[{"href":"https:\/\/www.ottawahospital.on.ca\/fr\/wp-json\/wp\/v2\/pages\/14110","targetHints":{"allow":["GET"]}}],"collection":[{"href":"https:\/\/www.ottawahospital.on.ca\/fr\/wp-json\/wp\/v2\/pages"}],"about":[{"href":"https:\/\/www.ottawahospital.on.ca\/fr\/wp-json\/wp\/v2\/types\/page"}],"author":[{"embeddable":true,"href":"https:\/\/www.ottawahospital.on.ca\/fr\/wp-json\/wp\/v2\/users\/25"}],"replies":[{"embeddable":true,"href":"https:\/\/www.ottawahospital.on.ca\/fr\/wp-json\/wp\/v2\/comments?post=14110"}],"version-history":[{"count":0,"href":"https:\/\/www.ottawahospital.on.ca\/fr\/wp-json\/wp\/v2\/pages\/14110\/revisions"}],"up":[{"embeddable":true,"href":"https:\/\/www.ottawahospital.on.ca\/fr\/wp-json\/wp\/v2\/pages\/56"}],"wp:attachment":[{"href":"https:\/\/www.ottawahospital.on.ca\/fr\/wp-json\/wp\/v2\/media?parent=14110"}],"curies":[{"name":"wp","href":"https:\/\/api.w.org\/{rel}","templated":true}]}}