{"id":14062,"date":"2016-12-07T16:25:39","date_gmt":"2016-12-07T21:25:39","guid":{"rendered":"http:\/\/52.229.122.34\/?page_id=14062\/"},"modified":"2016-12-07T16:27:25","modified_gmt":"2016-12-07T21:27:25","slug":"dr-francois-raymond","status":"publish","type":"page","link":"https:\/\/www.ottawahospital.on.ca\/fr\/dr-francois-raymond\/","title":{"rendered":"Dr Fran\u00e7ois Raymond"},"content":{"rendered":"<div style=\"width: 154px\" class=\"wp-caption alignleft\"><img decoding=\"async\" class=\"img-responsive\" src=\"\/wp-content\/uploads\/2016\/12\/DrFrancoisRaymond.jpg\" alt=\"Dr Francois Raymond\" width=\"144\" height=\"180\" \/><p class=\"wp-caption-text\"><strong>Dr Fran\u00e7ois Raymond<\/strong> Vice-pr\u00e9sident, Association du personnel m\u00e9dical<\/p><\/div>\n<p>Le D<sup>r<\/sup> Fran\u00e7ois Raymond a obtenu son doctorat en m\u00e9decine de l\u2019Universit\u00e9 Laval, fait sa r\u00e9sidence en m\u00e9decine nucl\u00e9aire \u00e0 l\u2019Universit\u00e9 McGill, puis sa sursp\u00e9cialit\u00e9 \u00e0 l\u2019Universit\u00e9 Harvard.<\/p>\n<p>Le D<sup>r<\/sup> Raymond a \u00e9t\u00e9 co-directeur et directeur de la m\u00e9decine nucl\u00e9aire au Campus G\u00e9n\u00e9ral de L\u2019H\u00f4pital d\u2019Ottawa. Pendant une ann\u00e9e sabbatique, il a entrepris une sursp\u00e9cialisation en tomographie par \u00e9mission de positons (TEP) et en tomographie axiale (TDM) dans plusieurs villes d\u2019Europe. Gr\u00e2ce au g\u00e9n\u00e9reux don de 2 M$ de l\u2019organisme Les amis de L\u2019H\u00f4pital d\u2019Ottawa \u2013 Campus G\u00e9n\u00e9ral, il a fond\u00e9 et dirig\u00e9 l\u2019unit\u00e9 de TEP et d\u2019imagerie m\u00e9dicale en oncologie. Il a aussi \u00e9troitement collabor\u00e9 au d\u00e9veloppement de la TEP en Ontario et est membre fondateur de l\u2019Association des nucl\u00e9istes de l\u2019Ontario.<\/p>\n<p>Ses principaux champs d\u2019int\u00e9r\u00eats sont l\u2019utilisation et la conception de nouveaux traceurs radioactifs pour am\u00e9liorer la qualit\u00e9 des soins, notamment en canc\u00e9rologie et dans l\u2019\u00e9valuation de la d\u00e9mence.<\/p>\n<p><em>Les membres d\u2019office du Conseil des gouverneurs sont nomm\u00e9s pour aussi longtemps qu\u2019ils occupent le poste, au sein de L\u2019H\u00f4pital d\u2019Ottawa ou de tout autre organisme, qui leur permet de si\u00e9ger au Conseil conform\u00e9ment au r\u00e8glement administrative.<\/em><\/p>\n","protected":false},"excerpt":{"rendered":"<p>Le Dr Fran\u00e7ois Raymond a obtenu son doctorat en m\u00e9decine de l\u2019Universit\u00e9 Laval, fait sa r\u00e9sidence en m\u00e9decine nucl\u00e9aire \u00e0 l\u2019Universit\u00e9 McGill, puis sa sursp\u00e9cialit\u00e9 \u00e0 l\u2019Universit\u00e9 Harvard. Le Dr Raymond a \u00e9t\u00e9 co-directeur et directeur de la m\u00e9decine nucl\u00e9aire au Campus G\u00e9n\u00e9ral de L\u2019H\u00f4pital d\u2019Ottawa. Pendant une ann\u00e9e sabbatique, il a entrepris une sursp\u00e9cialisation [&hellip;]<\/p>\n","protected":false},"author":25,"featured_media":0,"parent":0,"menu_order":15,"comment_status":"closed","ping_status":"closed","template":"","meta":{"_acf_changed":false,"_mc_calendar":[],"footnotes":""},"class_list":["post-14062","page","type-page","status-publish","hentry"],"acf":[],"wps_subtitle":"","_links":{"self":[{"href":"https:\/\/www.ottawahospital.on.ca\/fr\/wp-json\/wp\/v2\/pages\/14062","targetHints":{"allow":["GET"]}}],"collection":[{"href":"https:\/\/www.ottawahospital.on.ca\/fr\/wp-json\/wp\/v2\/pages"}],"about":[{"href":"https:\/\/www.ottawahospital.on.ca\/fr\/wp-json\/wp\/v2\/types\/page"}],"author":[{"embeddable":true,"href":"https:\/\/www.ottawahospital.on.ca\/fr\/wp-json\/wp\/v2\/users\/25"}],"replies":[{"embeddable":true,"href":"https:\/\/www.ottawahospital.on.ca\/fr\/wp-json\/wp\/v2\/comments?post=14062"}],"version-history":[{"count":0,"href":"https:\/\/www.ottawahospital.on.ca\/fr\/wp-json\/wp\/v2\/pages\/14062\/revisions"}],"wp:attachment":[{"href":"https:\/\/www.ottawahospital.on.ca\/fr\/wp-json\/wp\/v2\/media?parent=14062"}],"curies":[{"name":"wp","href":"https:\/\/api.w.org\/{rel}","templated":true}]}}