{"id":14033,"date":"2016-12-07T15:43:16","date_gmt":"2016-12-07T20:43:16","guid":{"rendered":"http:\/\/52.229.122.34\/?page_id=14033\/"},"modified":"2021-06-09T09:35:54","modified_gmt":"2021-06-09T13:35:54","slug":"impliquez-vous","status":"publish","type":"page","link":"https:\/\/www.ottawahospital.on.ca\/fr\/services-cliniques\/deptpgrmcs\/programmes\/p-a-r-t-y-prevent-alcohol-and-risk-related-trauma-in-youth\/impliquez-vous\/","title":{"rendered":"Impliquez-vous!"},"content":{"rendered":"<p><img decoding=\"async\" class=\"aligncenter size-full wp-image-14030 img-responsive\" src=\"\/wp-content\/uploads\/2016\/12\/Pink.jpg\" alt=\"pink-bar\" width=\"100%\" height=\"25\" srcset=\"https:\/\/www.ottawahospital.on.ca\/wp-content\/uploads\/2016\/12\/Pink.jpg 745w, https:\/\/www.ottawahospital.on.ca\/wp-content\/uploads\/2016\/12\/Pink-600x20.jpg 600w, https:\/\/www.ottawahospital.on.ca\/wp-content\/uploads\/2016\/12\/Pink-300x10.jpg 300w\" sizes=\"(max-width: 745px) 100vw, 745px\" \/><\/p>\n<h2>Merci \u00e0 nos commanditaires<\/h2>\n<p>Nous tenons \u00e0 remercier les entreprises suivantes pour leur soutien au programme P.A.R.T.Y. Nous ne pouvions pas le faire sans eux.<br \/>\n<a href=\"https:\/\/nelligan.ca\/fr\/\" target=\"_blank\" rel=\"noopener\"><img decoding=\"async\" class=\"wp-image-14028 size-medium alignleft img-responsive\" src=\"\/wp-content\/uploads\/2016\/12\/NelliganObrienPayne-300x97.jpg\" alt=\"nelliganobrienpayne\" width=\"300\" height=\"97\" srcset=\"https:\/\/www.ottawahospital.on.ca\/wp-content\/uploads\/2016\/12\/NelliganObrienPayne-300x97.jpg 300w, https:\/\/www.ottawahospital.on.ca\/wp-content\/uploads\/2016\/12\/NelliganObrienPayne-600x193.jpg 600w, https:\/\/www.ottawahospital.on.ca\/wp-content\/uploads\/2016\/12\/NelliganObrienPayne-768x247.jpg 768w, https:\/\/www.ottawahospital.on.ca\/wp-content\/uploads\/2016\/12\/NelliganObrienPayne-1024x330.jpg 1024w, https:\/\/www.ottawahospital.on.ca\/wp-content\/uploads\/2016\/12\/NelliganObrienPayne.jpg 1050w\" sizes=\"(max-width: 300px) 100vw, 300px\" \/><\/a> <img decoding=\"async\" class=\"wp-image-14029 size-medium alignleft img-responsive\" src=\"\/wp-content\/uploads\/2016\/12\/MyersCorporateLogo-300x106.jpg\" alt=\"myerscorporatelogo\" width=\"300\" height=\"106\" srcset=\"https:\/\/www.ottawahospital.on.ca\/wp-content\/uploads\/2016\/12\/MyersCorporateLogo-300x106.jpg 300w, https:\/\/www.ottawahospital.on.ca\/wp-content\/uploads\/2016\/12\/MyersCorporateLogo-600x213.jpg 600w, https:\/\/www.ottawahospital.on.ca\/wp-content\/uploads\/2016\/12\/MyersCorporateLogo-768x272.jpg 768w, https:\/\/www.ottawahospital.on.ca\/wp-content\/uploads\/2016\/12\/MyersCorporateLogo-1024x363.jpg 1024w, https:\/\/www.ottawahospital.on.ca\/wp-content\/uploads\/2016\/12\/MyersCorporateLogo.jpg 1700w\" sizes=\"(max-width: 300px) 100vw, 300px\" \/><\/p>\n<div class=\"clearblock\"><\/div>\n<h2>Soutenez le programme P.A.R.T.Y.!<\/h2>\n<p><strong>Dons de v\u00eatements<\/strong><\/p>\n<p>Vous pouvez \u00e9galement nous aider en donnant des jeans et des t-shirts, de pr\u00e9f\u00e9rence de grande taille, pour nos simulations de r\u00e9animation d\u2019une victime de traumatisme. Des \u00e9tudiants du Coll\u00e8ge Algonquin se portent volontaires pour jouer le r\u00f4le de personnes bless\u00e9es et, \u00e0 partir d\u2019un sc\u00e9nario, simulent ce qui se passe lorsqu\u2019une personne bless\u00e9e se pr\u00e9sente \u00e0 l\u2019Urgence pour y recevoir des soins. Par cons\u00e9quent, les jeans et les t-shirts sont tach\u00e9s de faux sang et d\u00e9chir\u00e9s pendant la simulation. Nous avons donc besoin continuellement de jeans et de t-shirts.<\/p>\n<p>Pour faire un don de jeans et de t-shirts de grande taille pour adultes, veuillez communiquer avec la coordonnatrice du programme pour prendre les dispositions n\u00e9cessaires pour la collecte ou la livraison des v\u00eatements, au 613-798-5555, poste 19602, ou \u00e0 <a href=\"mailto:P.A.R.T.Y@lho.ca\">P.A.R.T.Y@lho.ca<\/a><\/p>\n<p>Merci!<\/p>\n","protected":false},"excerpt":{"rendered":"<p>Merci \u00e0 nos commanditaires Nous tenons \u00e0 remercier les entreprises suivantes pour leur soutien au programme P.A.R.T.Y. Nous ne pouvions pas le faire sans eux. Soutenez le programme P.A.R.T.Y.! Dons de v\u00eatements Vous pouvez \u00e9galement nous aider en donnant des jeans et des t-shirts, de pr\u00e9f\u00e9rence de grande taille, pour nos simulations de r\u00e9animation d\u2019une [&hellip;]<\/p>\n","protected":false},"author":25,"featured_media":0,"parent":13865,"menu_order":5,"comment_status":"closed","ping_status":"closed","template":"","meta":{"_acf_changed":false,"_mc_calendar":[],"footnotes":""},"class_list":["post-14033","page","type-page","status-publish","hentry"],"acf":[],"wps_subtitle":"","_links":{"self":[{"href":"https:\/\/www.ottawahospital.on.ca\/fr\/wp-json\/wp\/v2\/pages\/14033","targetHints":{"allow":["GET"]}}],"collection":[{"href":"https:\/\/www.ottawahospital.on.ca\/fr\/wp-json\/wp\/v2\/pages"}],"about":[{"href":"https:\/\/www.ottawahospital.on.ca\/fr\/wp-json\/wp\/v2\/types\/page"}],"author":[{"embeddable":true,"href":"https:\/\/www.ottawahospital.on.ca\/fr\/wp-json\/wp\/v2\/users\/25"}],"replies":[{"embeddable":true,"href":"https:\/\/www.ottawahospital.on.ca\/fr\/wp-json\/wp\/v2\/comments?post=14033"}],"version-history":[{"count":0,"href":"https:\/\/www.ottawahospital.on.ca\/fr\/wp-json\/wp\/v2\/pages\/14033\/revisions"}],"up":[{"embeddable":true,"href":"https:\/\/www.ottawahospital.on.ca\/fr\/wp-json\/wp\/v2\/pages\/13865"}],"wp:attachment":[{"href":"https:\/\/www.ottawahospital.on.ca\/fr\/wp-json\/wp\/v2\/media?parent=14033"}],"curies":[{"name":"wp","href":"https:\/\/api.w.org\/{rel}","templated":true}]}}