{"id":14025,"date":"2016-12-07T15:35:37","date_gmt":"2016-12-07T20:35:37","guid":{"rendered":"http:\/\/52.229.122.34\/?page_id=14025\/"},"modified":"2021-02-26T10:26:54","modified_gmt":"2021-02-26T15:26:54","slug":"liens","status":"publish","type":"page","link":"https:\/\/www.ottawahospital.on.ca\/fr\/services-cliniques\/deptpgrmcs\/programmes\/p-a-r-t-y-prevent-alcohol-and-risk-related-trauma-in-youth\/p-a-r-t-y-pour-les-parents\/liens\/","title":{"rendered":"Liens"},"content":{"rendered":"<p><img decoding=\"async\" class=\"aligncenter size-full wp-image-14007 img-responsive\" src=\"\/wp-content\/uploads\/2016\/12\/Purple.jpg\" alt=\"purple-bar\" width=\"100%\" height=\"25\" srcset=\"https:\/\/www.ottawahospital.on.ca\/wp-content\/uploads\/2016\/12\/Purple.jpg 745w, https:\/\/www.ottawahospital.on.ca\/wp-content\/uploads\/2016\/12\/Purple-600x20.jpg 600w, https:\/\/www.ottawahospital.on.ca\/wp-content\/uploads\/2016\/12\/Purple-300x10.jpg 300w\" sizes=\"(max-width: 745px) 100vw, 745px\" \/><\/p>\n<p><a href=\"\/fr\/documents\/2017\/01\/contractforlife-fr.pdf\" target=\"_blank\" rel=\"noopener noreferrer\">Contrat pour la vie<\/a><\/p>\n<p><strong>S\u00e9curit\u00e9 \u00e0 bicyclette<\/strong> (en anglais seulement)<br \/>\n<a href=\"https:\/\/www.youtube.com\/watch?v=Z2mf8DtWWd8\" target=\"_blank\" rel=\"noopener noreferrer\">https:\/\/kidshealth.org\/parent\/firstaid_safe\/outdoor\/bike_safety.html<\/a><\/p>\n<p><strong>S\u00e9curit\u00e9 dans l\u2019eau<\/strong> (en anglais seulement)<br \/>\n<a href=\"https:\/\/kidshealth.org\/teen\/safety\/safebasics\/water_safety.html\" target=\"_blank\" rel=\"noopener noreferrer\">https:\/\/kidshealth.org\/teen\/safety\/safebasics\/water_safety.html<\/a><\/p>\n<p><strong>Site du programme P.A.R.T.Y. au Canada<\/strong> (en anglais seulement)<br \/>\n<a href=\"https:\/\/partyprogram.com\" target=\"_blank\" rel=\"noopener noreferrer\">https:\/\/partyprogram.com<\/a><\/p>\n<h2>Sites Web sur les drogues et l\u2019alcool<\/h2>\n<p><strong>Les m\u00e8res contre l\u2019alcool au volant (MADD) <\/strong><a href=\"https:\/\/madd.ca\/pages\/?lang=fr\" target=\"_blank\" rel=\"noopener noreferrer\">www.madd.ca<\/a><\/p>\n<p><strong>Drug Free<\/strong> (en anglais seulement)<br \/>\nPlusieurs articles, et m\u00eame un blogue, destin\u00e9s aux parents.<br \/>\n<a href=\"https:\/\/www.drugfree.org\/\" target=\"_blank\" rel=\"noopener noreferrer\">www.drugfree.org<\/a><\/p>\n","protected":false},"excerpt":{"rendered":"<p>Contrat pour la vie S\u00e9curit\u00e9 \u00e0 bicyclette (en anglais seulement) https:\/\/kidshealth.org\/parent\/firstaid_safe\/outdoor\/bike_safety.html S\u00e9curit\u00e9 dans l\u2019eau (en anglais seulement) https:\/\/kidshealth.org\/teen\/safety\/safebasics\/water_safety.html Site du programme P.A.R.T.Y. au Canada (en anglais seulement) https:\/\/partyprogram.com Sites Web sur les drogues et l\u2019alcool Les m\u00e8res contre l\u2019alcool au volant (MADD) www.madd.ca Drug Free (en anglais seulement) Plusieurs articles, et m\u00eame un blogue, destin\u00e9s [&hellip;]<\/p>\n","protected":false},"author":25,"featured_media":0,"parent":14011,"menu_order":3,"comment_status":"closed","ping_status":"closed","template":"","meta":{"_acf_changed":false,"_mc_calendar":[],"footnotes":""},"class_list":["post-14025","page","type-page","status-publish","hentry"],"acf":[],"wps_subtitle":"","_links":{"self":[{"href":"https:\/\/www.ottawahospital.on.ca\/fr\/wp-json\/wp\/v2\/pages\/14025","targetHints":{"allow":["GET"]}}],"collection":[{"href":"https:\/\/www.ottawahospital.on.ca\/fr\/wp-json\/wp\/v2\/pages"}],"about":[{"href":"https:\/\/www.ottawahospital.on.ca\/fr\/wp-json\/wp\/v2\/types\/page"}],"author":[{"embeddable":true,"href":"https:\/\/www.ottawahospital.on.ca\/fr\/wp-json\/wp\/v2\/users\/25"}],"replies":[{"embeddable":true,"href":"https:\/\/www.ottawahospital.on.ca\/fr\/wp-json\/wp\/v2\/comments?post=14025"}],"version-history":[{"count":0,"href":"https:\/\/www.ottawahospital.on.ca\/fr\/wp-json\/wp\/v2\/pages\/14025\/revisions"}],"up":[{"embeddable":true,"href":"https:\/\/www.ottawahospital.on.ca\/fr\/wp-json\/wp\/v2\/pages\/14011"}],"wp:attachment":[{"href":"https:\/\/www.ottawahospital.on.ca\/fr\/wp-json\/wp\/v2\/media?parent=14025"}],"curies":[{"name":"wp","href":"https:\/\/api.w.org\/{rel}","templated":true}]}}