{"id":14004,"date":"2016-12-07T15:17:50","date_gmt":"2016-12-07T20:17:50","guid":{"rendered":"http:\/\/52.229.122.34\/?page_id=14004\/"},"modified":"2021-06-09T12:39:00","modified_gmt":"2021-06-09T16:39:00","slug":"liens","status":"publish","type":"page","link":"https:\/\/www.ottawahospital.on.ca\/fr\/services-cliniques\/deptpgrmcs\/programmes\/p-a-r-t-y-prevent-alcohol-and-risk-related-trauma-in-youth\/p-a-r-t-y-pour-les-eleves\/liens\/","title":{"rendered":"Liens"},"content":{"rendered":"<p><img decoding=\"async\" class=\"alignnone size-full wp-image-13974 img-responsive\" src=\"\/wp-content\/uploads\/2016\/12\/Blue.jpg\" alt=\"blue-bar\" width=\"100%\" height=\"25\" srcset=\"https:\/\/www.ottawahospital.on.ca\/wp-content\/uploads\/2016\/12\/Blue.jpg 745w, https:\/\/www.ottawahospital.on.ca\/wp-content\/uploads\/2016\/12\/Blue-600x20.jpg 600w, https:\/\/www.ottawahospital.on.ca\/wp-content\/uploads\/2016\/12\/Blue-300x10.jpg 300w\" sizes=\"(max-width: 745px) 100vw, 745px\" \/><\/p>\n<h2>Liens concernant la conduite<\/h2>\n<p>Voyez gr\u00e2ce \u00e0 ces jeux interactifs\u00a0comment faire plusieurs t\u00e2ches \u00e0 la fois peut \u00eatre difficile quand vous conduisez:<br \/>\n<a href=\"https:\/\/www.ibc.ca\/en\/In_the_Community\/Road_Safety\/Virtual_Road_Test.asp\" target=\"_blank\" rel=\"noopener noreferrer\">https:\/\/www.ibc.ca\/en\/In_the_Community\/Road_Safety\/Virtual_Road_Test.asp<\/a><\/p>\n<p><a href=\"https:\/\/www.nytimes.com\/interactive\/2009\/07\/19\/technology\/20090719-driving-game.html\" target=\"_blank\" rel=\"noopener noreferrer\">https:\/\/www.nytimes.com\/interactive\/2009\/07\/19\/technology\/20090719-driving-game.html<\/a><\/p>\n<p>Ceinture de s\u00e9curit\u00e9 (Vid\u00e9o sur YouTube)<\/p>\n<p class=\"responsivevideo\"><iframe class=\"img-responsive\" title=\"Embrace Life - always wear your seat belt\" src=\"https:\/\/www.youtube.com\/embed\/h-8PBx7isoM\" width=\"560\" height=\"315\" allowfullscreen=\"allowfullscreen\"><\/iframe><\/p>\n<h2>Liens concernant le casque protecteur<\/h2>\n<p>La loi sur le port du casque protecteur en Ontario exige que les cyclistes de moins de 18 ans portent un casque protecteur approuv\u00e9 lorsqu\u2019ils circulent \u00e0 bicyclette sur la voie publique ou un trottoir en\u00a0Ontario.<\/p>\n<p>Ville d\u2019Ottawa \u2013 Choisir et porter correctement un casque protecteur<br \/>\n<a href=\"https:\/\/www.santepubliqueottawa.ca\/fr\/public-health-topics\/helmet-safety.aspx\" target=\"_blank\" rel=\"noopener noreferrer\">https:\/\/www.santepubliqueottawa.ca\/fr\/public-health-topics\/helmet-safety.aspx<\/a><\/p>\n<p><a href=\"https:\/\/www.thinkfirst.org\/sites\/default\/files\/Fit%20Your%20Helmet%2C%20English%20and%20Spanish%202018.pdf\">Pensez d\u2019abord Canada \u2013 Ajustement d\u2019un casque<\/a> (<span class=\"marke92eve00l\" data-markjs=\"true\" data-ogac=\"\" data-ogab=\"\" data-ogsc=\"\" data-ogsb=\"\">En<\/span>\u00a0<span class=\"mark7ixinrtsx\" data-markjs=\"true\" data-ogac=\"\" data-ogab=\"\" data-ogsc=\"\" data-ogsb=\"\">Anglais<\/span>\u00a0<span class=\"markyqm0zhuue\" data-markjs=\"true\" data-ogac=\"\" data-ogab=\"\" data-ogsc=\"\" data-ogsb=\"\">seulement)<\/span><\/p>\n<p><a href=\"https:\/\/aata.ca\/wp-content\/uploads\/2013\/05\/WhichHelmetforWhichActivity.pdf\">Pensez d\u2019abord Canada \u2013 Quel casque pour quelle activit\u00e9?<\/a> (<span class=\"marke92eve00l\" data-markjs=\"true\" data-ogac=\"\" data-ogab=\"\" data-ogsc=\"\" data-ogsb=\"\">En<\/span>\u00a0<span class=\"mark7ixinrtsx\" data-markjs=\"true\" data-ogac=\"\" data-ogab=\"\" data-ogsc=\"\" data-ogsb=\"\">Anglais<\/span>\u00a0<span class=\"markyqm0zhuue\" data-markjs=\"true\" data-ogac=\"\" data-ogab=\"\" data-ogsc=\"\" data-ogsb=\"\">seulement)<\/span><\/p>\n<h2>Autres liens \u2013 alcool, drogues, intimidation<\/h2>\n<p>Fais le bon choix<br \/>\n<a href=\"https:\/\/deal.org\/fr\/\" target=\"_blank\" rel=\"noopener noreferrer\">https:\/\/deal.org\/fr<\/a><\/p>\n<p>Le party virtuel<br \/>\n\u00c9crit par un groupe de jeunes pour les jeunes qui veulent mieux comprendre les effets de l\u2019alcool.<br \/>\n<a href=\"https:\/\/www.virtual-party.org\/fr\/vpmain5927.html\" target=\"_blank\" rel=\"noopener noreferrer\">www.virtual-party.org\/fr\/vpmain5927.html<\/a><\/p>\n<p>BullyingCanada<br \/>\nSite Web o\u00f9 vous pouvez trouver des ressources, des conversations et des vid\u00e9os sur l\u2019intimidation.<br \/>\n<a href=\"https:\/\/www.bullyingcanada.ca\" target=\"_blank\" rel=\"noopener noreferrer\">www.bullyingcanada.ca<\/a><\/p>\n<p>Pensez d\u2019abord Canada<br \/>\nSite Web o\u00f9 vous trouverez de nombreuses ressources, des fiches et des conseils sur la pr\u00e9vention des blessures et la s\u00e9curit\u00e9.<br \/>\n<a href=\"https:\/\/parachute.ca\/fr\/sujets-blessures\/\">https:\/\/parachute.ca\/fr\/sujets-blessures\/<\/a><\/p>\n","protected":false},"excerpt":{"rendered":"<p>Liens concernant la conduite Voyez gr\u00e2ce \u00e0 ces jeux interactifs\u00a0comment faire plusieurs t\u00e2ches \u00e0 la fois peut \u00eatre difficile quand vous conduisez: https:\/\/www.ibc.ca\/en\/In_the_Community\/Road_Safety\/Virtual_Road_Test.asp https:\/\/www.nytimes.com\/interactive\/2009\/07\/19\/technology\/20090719-driving-game.html Ceinture de s\u00e9curit\u00e9 (Vid\u00e9o sur YouTube) Liens concernant le casque protecteur La loi sur le port du casque protecteur en Ontario exige que les cyclistes de moins de 18 ans portent [&hellip;]<\/p>\n","protected":false},"author":25,"featured_media":0,"parent":13980,"menu_order":3,"comment_status":"closed","ping_status":"closed","template":"","meta":{"_acf_changed":false,"_mc_calendar":[],"footnotes":""},"class_list":["post-14004","page","type-page","status-publish","hentry"],"acf":[],"wps_subtitle":"","_links":{"self":[{"href":"https:\/\/www.ottawahospital.on.ca\/fr\/wp-json\/wp\/v2\/pages\/14004","targetHints":{"allow":["GET"]}}],"collection":[{"href":"https:\/\/www.ottawahospital.on.ca\/fr\/wp-json\/wp\/v2\/pages"}],"about":[{"href":"https:\/\/www.ottawahospital.on.ca\/fr\/wp-json\/wp\/v2\/types\/page"}],"author":[{"embeddable":true,"href":"https:\/\/www.ottawahospital.on.ca\/fr\/wp-json\/wp\/v2\/users\/25"}],"replies":[{"embeddable":true,"href":"https:\/\/www.ottawahospital.on.ca\/fr\/wp-json\/wp\/v2\/comments?post=14004"}],"version-history":[{"count":0,"href":"https:\/\/www.ottawahospital.on.ca\/fr\/wp-json\/wp\/v2\/pages\/14004\/revisions"}],"up":[{"embeddable":true,"href":"https:\/\/www.ottawahospital.on.ca\/fr\/wp-json\/wp\/v2\/pages\/13980"}],"wp:attachment":[{"href":"https:\/\/www.ottawahospital.on.ca\/fr\/wp-json\/wp\/v2\/media?parent=14004"}],"curies":[{"name":"wp","href":"https:\/\/api.w.org\/{rel}","templated":true}]}}