{"id":13999,"date":"2016-12-07T15:04:10","date_gmt":"2016-12-07T20:04:10","guid":{"rendered":"http:\/\/52.229.122.34\/?page_id=13999\/"},"modified":"2016-12-23T09:15:28","modified_gmt":"2016-12-23T14:15:28","slug":"commentaires-danciens-participants-au-programme-p-a-r-t-y","status":"publish","type":"page","link":"https:\/\/www.ottawahospital.on.ca\/fr\/services-cliniques\/deptpgrmcs\/programmes\/p-a-r-t-y-prevent-alcohol-and-risk-related-trauma-in-youth\/p-a-r-t-y-pour-les-eleves\/commentaires-danciens-participants-au-programme-p-a-r-t-y\/","title":{"rendered":"Commentaires d\u2019anciens participants au programme P.A.R.T.Y."},"content":{"rendered":"<p><img decoding=\"async\" class=\"aligncenter size-full wp-image-13974 img-responsive\" src=\"\/wp-content\/uploads\/2016\/12\/Blue.jpg\" alt=\"blue-bar\" width=\"100%\" height=\"25\" srcset=\"https:\/\/www.ottawahospital.on.ca\/wp-content\/uploads\/2016\/12\/Blue.jpg 745w, https:\/\/www.ottawahospital.on.ca\/wp-content\/uploads\/2016\/12\/Blue-600x20.jpg 600w, https:\/\/www.ottawahospital.on.ca\/wp-content\/uploads\/2016\/12\/Blue-300x10.jpg 300w\" sizes=\"(max-width: 745px) 100vw, 745px\" \/><\/p>\n<p><img decoding=\"async\" class=\"size-full wp-image-13992 alignleft img-responsive\" src=\"\/wp-content\/uploads\/2016\/12\/feedback1.jpg\" alt=\"feedback1\" width=\"200\" height=\"217\" \/><\/p>\n<p>\u00ab Gr\u00e2ce au programme PARTY, j&rsquo;ai pu me rendre compte de certaines choses. Je ne savais pas qu&rsquo;autant de gens se blessaient, ni le nombre de risques qui pourraient changer notre vie \u00e0 jamais que nous prenons \u00e0 tous les jours. \u00bb<\/p>\n<p class=\"text-left\">\u00ab Je ne conduirai jamais apr\u00e8s avoir consomm\u00e9 de l&rsquo;alcool parce que j&rsquo;en connais maintenant les cons\u00e9quences.<\/p>\n<p class=\"text-left\">\u00ab Je me suis rendu compte que je devais prendre des d\u00e9cisions judicieuses. \u00bb<img decoding=\"async\" class=\"size-full wp-image-13993 alignright img-responsive\" src=\"\/wp-content\/uploads\/2016\/12\/feedback2.jpg\" alt=\"feedback2\" width=\"200\" height=\"267\" \/><\/p>\n<p>\u00ab La s\u00e9ance m&rsquo;a vraiment plu et j&rsquo;en ai appris beaucoup. Elle a fait r\u00e9fl\u00e9chir les adolescents<br \/>\nqui croient que les ennuis n&rsquo;arrivent qu&rsquo;aux autres.<\/p>\n<p>&nbsp;<\/p>\n<p class=\"text-left\">\u00ab Excellent programme. Je souhaiterais que tous les gens de mon \u00e2ge puissent y participer. Merci. \u00bb<\/p>\n<p class=\"text-left\">\u00ab Ce n&rsquo;\u00e9tait pas qu&rsquo;un autre programme comme on voit couramment sur la conduite en \u00e9tat d&rsquo;\u00e9bri\u00e9t\u00e9. \u00bb<\/p>\n<p>\u00ab Je recommande que tous les adolescents participent au programme PARTY avant qu&rsquo;ils ne fassent partie du programme, mais comme patients.<\/p>\n<p>Sur cinq \u00e9toiles, j&rsquo;accorde au programme<\/p>\n<p><img decoding=\"async\" class=\"alignnone size-full wp-image-13991 img-responsive\" style=\"float: left;\" src=\"\/wp-content\/uploads\/2016\/12\/star.gif\" alt=\"star\" width=\"15\" height=\"15\" \/><img decoding=\"async\" class=\"alignnone size-full wp-image-13991 img-responsive\" style=\"float: left;\" src=\"\/wp-content\/uploads\/2016\/12\/star.gif\" alt=\"star\" width=\"15\" height=\"15\" \/><img decoding=\"async\" class=\"alignnone size-full wp-image-13991 img-responsive\" style=\"float: left;\" src=\"\/wp-content\/uploads\/2016\/12\/star.gif\" alt=\"star\" width=\"15\" height=\"15\" \/><img decoding=\"async\" class=\"alignnone size-full wp-image-13991 img-responsive\" style=\"float: left;\" src=\"\/wp-content\/uploads\/2016\/12\/star.gif\" alt=\"star\" width=\"15\" height=\"15\" \/><img decoding=\"async\" class=\"alignnone size-full wp-image-13991 img-responsive\" style=\"float: left;\" src=\"\/wp-content\/uploads\/2016\/12\/star.gif\" alt=\"star\" width=\"15\" height=\"15\" \/><img decoding=\"async\" class=\"alignnone size-full wp-image-13991 img-responsive\" style=\"float: left;\" src=\"\/wp-content\/uploads\/2016\/12\/star.gif\" alt=\"star\" width=\"15\" height=\"15\" \/> , Merci.<\/p>\n","protected":false},"excerpt":{"rendered":"<p>\u00ab Gr\u00e2ce au programme PARTY, j&rsquo;ai pu me rendre compte de certaines choses. Je ne savais pas qu&rsquo;autant de gens se blessaient, ni le nombre de risques qui pourraient changer notre vie \u00e0 jamais que nous prenons \u00e0 tous les jours. \u00bb \u00ab Je ne conduirai jamais apr\u00e8s avoir consomm\u00e9 de l&rsquo;alcool parce que j&rsquo;en [&hellip;]<\/p>\n","protected":false},"author":25,"featured_media":0,"parent":13980,"menu_order":2,"comment_status":"closed","ping_status":"closed","template":"","meta":{"_acf_changed":false,"_mc_calendar":[],"footnotes":""},"class_list":["post-13999","page","type-page","status-publish","hentry"],"acf":[],"wps_subtitle":"","_links":{"self":[{"href":"https:\/\/www.ottawahospital.on.ca\/fr\/wp-json\/wp\/v2\/pages\/13999","targetHints":{"allow":["GET"]}}],"collection":[{"href":"https:\/\/www.ottawahospital.on.ca\/fr\/wp-json\/wp\/v2\/pages"}],"about":[{"href":"https:\/\/www.ottawahospital.on.ca\/fr\/wp-json\/wp\/v2\/types\/page"}],"author":[{"embeddable":true,"href":"https:\/\/www.ottawahospital.on.ca\/fr\/wp-json\/wp\/v2\/users\/25"}],"replies":[{"embeddable":true,"href":"https:\/\/www.ottawahospital.on.ca\/fr\/wp-json\/wp\/v2\/comments?post=13999"}],"version-history":[{"count":0,"href":"https:\/\/www.ottawahospital.on.ca\/fr\/wp-json\/wp\/v2\/pages\/13999\/revisions"}],"up":[{"embeddable":true,"href":"https:\/\/www.ottawahospital.on.ca\/fr\/wp-json\/wp\/v2\/pages\/13980"}],"wp:attachment":[{"href":"https:\/\/www.ottawahospital.on.ca\/fr\/wp-json\/wp\/v2\/media?parent=13999"}],"curies":[{"name":"wp","href":"https:\/\/api.w.org\/{rel}","templated":true}]}}