{"id":13980,"date":"2016-12-07T14:00:11","date_gmt":"2016-12-07T19:00:11","guid":{"rendered":"http:\/\/52.229.122.34\/?page_id=13980\/"},"modified":"2016-12-07T14:00:11","modified_gmt":"2016-12-07T19:00:11","slug":"p-a-r-t-y-pour-les-eleves","status":"publish","type":"page","link":"https:\/\/www.ottawahospital.on.ca\/fr\/services-cliniques\/deptpgrmcs\/programmes\/p-a-r-t-y-prevent-alcohol-and-risk-related-trauma-in-youth\/p-a-r-t-y-pour-les-eleves\/","title":{"rendered":"P.A.R.T.Y. pour les \u00e9l\u00e8ves"},"content":{"rendered":"<p><img decoding=\"async\" class=\"aligncenter size-full wp-image-13974 img-responsive\" src=\"\/wp-content\/uploads\/2016\/12\/Blue.jpg\" alt=\"blue-bar\" width=\"100%\" height=\"25\" srcset=\"https:\/\/www.ottawahospital.on.ca\/wp-content\/uploads\/2016\/12\/Blue.jpg 745w, https:\/\/www.ottawahospital.on.ca\/wp-content\/uploads\/2016\/12\/Blue-600x20.jpg 600w, https:\/\/www.ottawahospital.on.ca\/wp-content\/uploads\/2016\/12\/Blue-300x10.jpg 300w\" sizes=\"(max-width: 745px) 100vw, 745px\" \/><\/p>\n<h2>Votre vie, vos choix<\/h2>\n<p>Choix \u00e0 faire :<\/p>\n<ul>\n<li>Ayez toujours avec vous une pi\u00e8ce d\u2019identit\u00e9. Il est important de l\u2019avoir en tout temps pour qu\u2019on puisse vous identifier en cas d\u2019urgence.<\/li>\n<li>Lorsque vous sortez, assurez-vous d\u2019avoir un plan pour revenir chez vous en toute s\u00e9curit\u00e9, y compris un plan B au cas o\u00f9 le plan initial ne fonctionnerait pas.<\/li>\n<li><img decoding=\"async\" class=\"size-full wp-image-13975 alignright img-responsive\" src=\"\/wp-content\/uploads\/2016\/12\/PARTY_web5.jpg\" alt=\"party_web5\" width=\"300\" height=\"190\" \/>Le conducteur d\u00e9sign\u00e9 a des responsabilit\u00e9s. Il est important que tous vos passagers reviennent sains et saufs \u00e0 la maison. Lorsque vous les reconduisez chez eux, avant de repartir, assurez-vous qu\u2019ils sont entr\u00e9s dans la maison et qu\u2019ils sont capables de s\u2019occuper d\u2019eux-m\u00eames ou que quelqu\u2019un est l\u00e0 pour s\u2019occuper d\u2019eux.<\/li>\n<li>Le port de la ceinture de s\u00e9curit\u00e9 est obligatoire, et ce, pour une bonne raison. En cas de collision, les personnes qui ne portent pas leur ceinture de s\u00e9curit\u00e9 seront projet\u00e9es dans la voiture, parfois m\u00eame \u00e0 l\u2019ext\u00e9rieur de la voiture. Les passagers risquent alors de se blesser et de blesser d\u2019autres personnes. Par mesure pr\u00e9ventive, obligez tous vos passagers sans exceptions \u00e0 attacher leur ceinture.<\/li>\n<li>Il est extr\u00eamement important de bien porter sa ceinture de s\u00e9curit\u00e9\u00a0:\n<ul>\n<li>Pour une fois, vous ne devez pas partager. Ne permettez pas \u00e0 deux personnes d\u2019utiliser une seule ceinture de s\u00e9curit\u00e9. En cas de collision, la force de l\u2019impact fera en sorte que les deux passagers seront violemment projet\u00e9s l\u2019un contre l\u2019autre.<\/li>\n<li>Savez-vous que\u2026Il est ill\u00e9gal de transporter plus de passagers qu\u2019il n\u2019y a de ceintures de s\u00e9curit\u00e9.<\/li>\n<li>Ne passez jamais la ceinture diagonale sous votre bras, car elle pourrait mal fonctionner en cas de collision. La ceinture abdominale pourrait exercer une pression contre votre abdomen et ainsi vous causer de graves blessures internes.<\/li>\n<\/ul>\n<\/li>\n<li>Versez-vous toujours votre propre boisson et ne la quittez jamais des yeux.<\/li>\n<li>Peu importe la nature des t\u00e2ches, lorsque vous en faites plusieurs \u00e0 la fois, vous accordez moins d\u2019attention \u00e0 l\u2019une d\u2019entre elles. Vous pouvez donc faire des erreurs qui pourraient avoir des cons\u00e9quences irr\u00e9versibles.<\/li>\n<li>M\u00e9langer de l\u2019alcool et des boissons \u00e9nergisantes est une mauvaise id\u00e9e. Le taux \u00e9lev\u00e9 de caf\u00e9ine que contiennent ces boissons peut acc\u00e9l\u00e9rer votre fr\u00e9quence cardiaque et augmenter votre tension art\u00e9rielle, au point d\u2019avoir des palpitations et des troubles cardiaques connexes. Le m\u00e9lange d\u2019alcool (d\u00e9presseur) et de boissons \u00e9nergisantes (stimulant) peut envoyer des messages contradictoires \u00e0 votre cerveau, c\u2019est-\u00e0-dire que les sympt\u00f4mes d\u2019ivresse peuvent \u00eatre r\u00e9duits, mais <strong>pas<\/strong> l\u2019ivresse comme telle. Les gens peuvent ainsi penser qu\u2019ils ne sont pas ivres alors qu\u2019ils le sont r\u00e9ellement, ce qui les am\u00e8ne \u00e0 prendre de plus grands risques et \u00e0 faire de mauvais choix.<\/li>\n<\/ul>\n<p><img decoding=\"async\" class=\"size-full wp-image-13976 alignleft img-responsive\" src=\"\/wp-content\/uploads\/2016\/12\/PARTY_web7.jpg\" alt=\"party_web7\" width=\"300\" height=\"190\" \/>La vie n\u2019est pas toujours facile! Beaucoup de nouvelles exp\u00e9riences et occasions s\u2019offriront \u00e0 vous. Vous aurez peut-\u00eatre \u00e0 prendre des d\u00e9cisions et \u00e0 faire des choix difficiles.<\/p>\n<p class=\"text-center\">N\u2019oubliez pas\u2026<\/p>\n<p class=\"text-center\">Faites des choix avec lesquels vous pouvez <em>vivre<\/em>!<\/p>\n<p class=\"text-center\">Adapt\u00e9 du programme P.A.R.T.Y. de Calgary<\/p>\n","protected":false},"excerpt":{"rendered":"<p>Votre vie, vos choix Choix \u00e0 faire : Ayez toujours avec vous une pi\u00e8ce d\u2019identit\u00e9. Il est important de l\u2019avoir en tout temps pour qu\u2019on puisse vous identifier en cas d\u2019urgence. Lorsque vous sortez, assurez-vous d\u2019avoir un plan pour revenir chez vous en toute s\u00e9curit\u00e9, y compris un plan B au cas o\u00f9 le plan [&hellip;]<\/p>\n","protected":false},"author":25,"featured_media":0,"parent":13865,"menu_order":3,"comment_status":"closed","ping_status":"closed","template":"","meta":{"_acf_changed":false,"_mc_calendar":[],"footnotes":""},"class_list":["post-13980","page","type-page","status-publish","hentry"],"acf":[],"wps_subtitle":"","_links":{"self":[{"href":"https:\/\/www.ottawahospital.on.ca\/fr\/wp-json\/wp\/v2\/pages\/13980","targetHints":{"allow":["GET"]}}],"collection":[{"href":"https:\/\/www.ottawahospital.on.ca\/fr\/wp-json\/wp\/v2\/pages"}],"about":[{"href":"https:\/\/www.ottawahospital.on.ca\/fr\/wp-json\/wp\/v2\/types\/page"}],"author":[{"embeddable":true,"href":"https:\/\/www.ottawahospital.on.ca\/fr\/wp-json\/wp\/v2\/users\/25"}],"replies":[{"embeddable":true,"href":"https:\/\/www.ottawahospital.on.ca\/fr\/wp-json\/wp\/v2\/comments?post=13980"}],"version-history":[{"count":0,"href":"https:\/\/www.ottawahospital.on.ca\/fr\/wp-json\/wp\/v2\/pages\/13980\/revisions"}],"up":[{"embeddable":true,"href":"https:\/\/www.ottawahospital.on.ca\/fr\/wp-json\/wp\/v2\/pages\/13865"}],"wp:attachment":[{"href":"https:\/\/www.ottawahospital.on.ca\/fr\/wp-json\/wp\/v2\/media?parent=13980"}],"curies":[{"name":"wp","href":"https:\/\/api.w.org\/{rel}","templated":true}]}}