{"id":13952,"date":"2016-12-07T13:38:05","date_gmt":"2016-12-07T18:38:05","guid":{"rendered":"http:\/\/52.229.122.34\/?page_id=13952\/"},"modified":"2017-06-20T11:50:49","modified_gmt":"2017-06-20T15:50:49","slug":"activites-suivant-la-journee-du-programme-p-a-r-t-y","status":"publish","type":"page","link":"https:\/\/www.ottawahospital.on.ca\/fr\/services-cliniques\/deptpgrmcs\/programmes\/p-a-r-t-y-prevent-alcohol-and-risk-related-trauma-in-youth\/p-a-r-t-y-pour-les-enseignants\/activites-suivant-la-journee-du-programme-p-a-r-t-y\/","title":{"rendered":"Activit\u00e9s suivant la journ\u00e9e du programme P.A.R.T.Y."},"content":{"rendered":"<p><img decoding=\"async\" class=\"aligncenter size-full wp-image-13894 img-responsive\" src=\"\/wp-content\/uploads\/2016\/12\/Orange.jpg\" alt=\"orange-bar\" width=\"100%\" height=\"25\" srcset=\"https:\/\/www.ottawahospital.on.ca\/wp-content\/uploads\/2016\/12\/Orange.jpg 745w, https:\/\/www.ottawahospital.on.ca\/wp-content\/uploads\/2016\/12\/Orange-600x20.jpg 600w, https:\/\/www.ottawahospital.on.ca\/wp-content\/uploads\/2016\/12\/Orange-300x10.jpg 300w\" sizes=\"(max-width: 745px) 100vw, 745px\" \/><\/p>\n<h2>Activit\u00e9s suivant la journ\u00e9e du programme P.A.R.T.Y.<\/h2>\n<p>Il est important de poursuivre la conversation sur les choix intelligents apr\u00e8s avoir particip\u00e9 \u00e0 une journ\u00e9e du programme P.A.R.T.Y. Voici quelques id\u00e9es de sujets de discussion.<\/p>\n<div class=\"row\">\n<div class=\"col-md-6\" >\n<h2 class=\"text-center\" style=\"background-color: #8fa4be; margin-bottom:70px;\"><span style=\"color: #000000;\"><strong>Blessure<\/strong><\/span><\/h2>\n<p>Les <strong>traumatismes m\u00e9dullaires<\/strong> (blessures \u00e0 la moelle \u00e9pini\u00e8re) peuvent entre autres nuire plus ou moins aux mouvements ou diminuer la sensation dans la partie du corps qui se trouve sous la blessure. En r\u00e8gle g\u00e9n\u00e9rale, plus la blessure est haute sur la moelle \u00e9pini\u00e8re, plus la perturbation ou la perte de ma\u00eetrise est importante. Vous pouvez essayer les activit\u00e9s suivantes, en pensant \u00e0 la fa\u00e7on dont une personne qui peut utiliser seulement le haut du corps ou une personne qui n\u2019a pas la ma\u00eetrise compl\u00e8te de ses mains peut les accomplir.<\/p>\n<\/div>\n<div class=\"col-md-6\">\n<h2 class=\"text-center\" style=\"background-color: #8fa4be;\"><span style=\"color: #000000;\"><strong>Activit\u00e9s<\/strong><\/span><\/h2>\n<ul>\n<li>Emprunter\/louer un fauteuil roulant pendant une semaine, sp\u00e9cialement durant une semaine th\u00e9matique, et invitez les \u00e9l\u00e8ves \u00e0 l\u2019utiliser durant une journ\u00e9e enti\u00e8re, y compris pour se d\u00e9placer entre la maison et l\u2019\u00e9cole.<\/li>\n<li>Faire le transfert du lit au fauteuil roulant sans utiliser les jambes ni les muscles abdominaux. Danser assis dans le fauteuil roulant.<\/li>\n<li>Organiser une activit\u00e9 sportive en fauteuil roulant. Inviter une \u00e9quipe d\u2019athl\u00e8tes en fauteuil roulant.<\/li>\n<li>Demander aux \u00e9l\u00e8ves de dresser la liste des obstacles aux mouvements et de cr\u00e9er un plan qui facilite l\u2019acc\u00e8s.<\/li>\n<li>Planifier le d\u00e9placement d\u2019une personne en fauteuil roulant pour aller \u00e0 la plage, \u00e0 l\u2019a\u00e9roport et dans un autre pays. Que faut-il prendre en compte?<\/li>\n<li>Accompagner pendant une journ\u00e9e un chauffeur de Para Transpo.<\/li>\n<li>Concevoir un instrument qui se joue avec la bouche seulement&#8230; sans oublier la m\u00e9thode pour le tenir en place.<\/li>\n<li>\u00c0 tour de r\u00f4le, envelopper un ami comme une momie avec une couverture et l\u2019aider \u00e0 manger.<\/li>\n<\/ul>\n<\/div>\n<p>&nbsp;<br \/>\n&nbsp;<\/p>\n<div class=\"row\">\n<div class=\"col-md-6\" style=\"margin-top: 50px;\">\n<p>Les <strong>l\u00e9sions c\u00e9r\u00e9brales<\/strong> (blessures \u00e0 la t\u00eate) peuvent entra\u00eener des changements permanents au cerveau. Ces changements sont parfois mineurs (p. ex. baisse de la concentration) ou importants (p. ex. difficult\u00e9 \u00e0 raisonner, \u00e0 s\u2019exprimer ou \u00e0 bouger, changement de personnalit\u00e9). Planifiez les activit\u00e9s suivantes en variant les niveaux de difficult\u00e9.<\/p>\n<\/div>\n<div class=\"col-md-6\">\n<ul>\n<li>Cr\u00e9er un jeu o\u00f9 la communication est difficile ou dans lequel vous ne pouvez pas exprimer vos id\u00e9es ou bouger<\/li>\n<li>Cr\u00e9er un tableau d\u2019images. Communiquer seulement \u00e0 l\u2019aide de ce tableau.<\/li>\n<li>Inviter un conf\u00e9rencier d\u2019une association de l\u00e9s\u00e9s c\u00e9r\u00e9braux \u00e0 venir parler au groupe.<\/li>\n<li>S\u2019imaginer dans la peau d\u2019une personne ayant eu une l\u00e9sion c\u00e9r\u00e9brale. \u00c9crivez une histoire ou un po\u00e8me&#8230; Comment se sent-on? Quels sens, aptitudes, activit\u00e9s et relations sont diff\u00e9rents? Quelles sont les adaptations n\u00e9cessaires?<\/li>\n<\/ul>\n<\/div>\n<\/div>\n<\/div>\n","protected":false},"excerpt":{"rendered":"<p>Activit\u00e9s suivant la journ\u00e9e du programme P.A.R.T.Y. Il est important de poursuivre la conversation sur les choix intelligents apr\u00e8s avoir particip\u00e9 \u00e0 une journ\u00e9e du programme P.A.R.T.Y. Voici quelques id\u00e9es de sujets de discussion. Blessure Les traumatismes m\u00e9dullaires (blessures \u00e0 la moelle \u00e9pini\u00e8re) peuvent entre autres nuire plus ou moins aux mouvements ou diminuer la [&hellip;]<\/p>\n","protected":false},"author":25,"featured_media":0,"parent":13896,"menu_order":10,"comment_status":"closed","ping_status":"closed","template":"","meta":{"_acf_changed":false,"_mc_calendar":[],"footnotes":""},"class_list":["post-13952","page","type-page","status-publish","hentry"],"acf":[],"wps_subtitle":"","_links":{"self":[{"href":"https:\/\/www.ottawahospital.on.ca\/fr\/wp-json\/wp\/v2\/pages\/13952","targetHints":{"allow":["GET"]}}],"collection":[{"href":"https:\/\/www.ottawahospital.on.ca\/fr\/wp-json\/wp\/v2\/pages"}],"about":[{"href":"https:\/\/www.ottawahospital.on.ca\/fr\/wp-json\/wp\/v2\/types\/page"}],"author":[{"embeddable":true,"href":"https:\/\/www.ottawahospital.on.ca\/fr\/wp-json\/wp\/v2\/users\/25"}],"replies":[{"embeddable":true,"href":"https:\/\/www.ottawahospital.on.ca\/fr\/wp-json\/wp\/v2\/comments?post=13952"}],"version-history":[{"count":0,"href":"https:\/\/www.ottawahospital.on.ca\/fr\/wp-json\/wp\/v2\/pages\/13952\/revisions"}],"up":[{"embeddable":true,"href":"https:\/\/www.ottawahospital.on.ca\/fr\/wp-json\/wp\/v2\/pages\/13896"}],"wp:attachment":[{"href":"https:\/\/www.ottawahospital.on.ca\/fr\/wp-json\/wp\/v2\/media?parent=13952"}],"curies":[{"name":"wp","href":"https:\/\/api.w.org\/{rel}","templated":true}]}}