{"id":13942,"date":"2016-12-07T13:24:28","date_gmt":"2016-12-07T18:24:28","guid":{"rendered":"http:\/\/52.229.122.34\/?page_id=13942\/"},"modified":"2016-12-12T09:55:40","modified_gmt":"2016-12-12T14:55:40","slug":"politique-dannulation","status":"publish","type":"page","link":"https:\/\/www.ottawahospital.on.ca\/fr\/services-cliniques\/deptpgrmcs\/programmes\/p-a-r-t-y-prevent-alcohol-and-risk-related-trauma-in-youth\/p-a-r-t-y-pour-les-enseignants\/politique-dannulation\/","title":{"rendered":"Politique d&rsquo;annulation"},"content":{"rendered":"<p><img decoding=\"async\" class=\"aligncenter size-full wp-image-13894 img-responsive\" src=\"\/wp-content\/uploads\/2016\/12\/Orange.jpg\" alt=\"orange-bar\" width=\"100%\" height=\"25\" srcset=\"https:\/\/www.ottawahospital.on.ca\/wp-content\/uploads\/2016\/12\/Orange.jpg 745w, https:\/\/www.ottawahospital.on.ca\/wp-content\/uploads\/2016\/12\/Orange-600x20.jpg 600w, https:\/\/www.ottawahospital.on.ca\/wp-content\/uploads\/2016\/12\/Orange-300x10.jpg 300w\" sizes=\"(max-width: 745px) 100vw, 745px\" \/><\/p>\n<h2>Politique d\u2019annulation et de remboursement<\/h2>\n<ol>\n<li>Nous nous r\u00e9servons le droit d\u2019annuler la journ\u00e9e du programme P.A.R.T.Y. en cas de mauvais temps ou si des membres du personnel de L\u2019H\u00f4pital d\u2019Ottawa responsables de l\u2019activit\u00e9 sont malades. Nous ferons tout en notre pouvoir pour fixer une nouvelle date, mais nous ne pouvons pas le garantir.<\/li>\n<li>Si vous devez annuler votre inscription \u00e0 la journ\u00e9e du programme P.A.R.T.Y., <strong>vous devez remplir le Formulaire d\u2019annulation<\/strong> disponible en ligne et nous le retourner au moins deux semaines \u00e0 l\u2019avance pour r\u00e9cup\u00e9rer votre d\u00e9p\u00f4t de 100\u00a0$. Apr\u00e8s quoi, nous conserverons votre d\u00e9p\u00f4t.<\/li>\n<li>Si vous vous inscrivez pour une place compl\u00e8te, vous devez \u00eatre accompagn\u00e9 d\u2019au moins 30\u00a0\u00e9l\u00e8ves et d\u2019au plus 40 \u00e9l\u00e8ves. Pour une demi-place, vous devez \u00eatre accompagn\u00e9 d\u2019au moins 15 \u00e9l\u00e8ves et d\u2019au plus 20 \u00e9l\u00e8ves. Dans ce dernier cas, vous serez jumel\u00e9 avec une autre \u00e9cole qui a demand\u00e9 une demi-place. Si vous ne disposez pas du nombre d\u2019\u00e9l\u00e8ves requis, vous devez remplir le Formulaire d\u2019annulation disponible en ligne et nous le retourner au moins deux semaines \u00e0 l\u2019avance pour r\u00e9cup\u00e9rer votre d\u00e9p\u00f4t de 100\u00a0$. Apr\u00e8s quoi, nous conserverons votre d\u00e9p\u00f4t.<\/li>\n<li>Nous nous r\u00e9servons le droit d\u2019annuler la journ\u00e9e et de conserver votre d\u00e9p\u00f4t de 100\u00a0$ si vous venez avec moins d\u2019\u00e9l\u00e8ves que le nombre inscrit dans votre formulaire d\u2019inscription.<\/li>\n<li>Si vous annulez l\u2019inscription de votre \u00e9cole \u00e0 la journ\u00e9e du programme P.A.R.T.Y., la coordonnatrice du programme attribuera automatiquement votre place \u00e0 l\u2019\u00e9cole suivante sur la liste d\u2019attente, compte tenu du nombre \u00e9lev\u00e9 de demandes.<\/li>\n<li>Veuillez indiquer un num\u00e9ro de t\u00e9l\u00e9phone cellulaire dans votre formulaire d\u2019inscription pour que nous puissions vous joindre le jour o\u00f9 votre \u00e9cole participe au programme P.A.R.T.Y., en cas de retard ou d\u2019annulation, ou pour toute autre raison (p. ex., mauvais temps, fermetures d\u2019\u00e9cole, etc.).<\/li>\n<\/ol>\n","protected":false},"excerpt":{"rendered":"<p>Politique d\u2019annulation et de remboursement Nous nous r\u00e9servons le droit d\u2019annuler la journ\u00e9e du programme P.A.R.T.Y. en cas de mauvais temps ou si des membres du personnel de L\u2019H\u00f4pital d\u2019Ottawa responsables de l\u2019activit\u00e9 sont malades. Nous ferons tout en notre pouvoir pour fixer une nouvelle date, mais nous ne pouvons pas le garantir. Si vous [&hellip;]<\/p>\n","protected":false},"author":25,"featured_media":0,"parent":13896,"menu_order":9,"comment_status":"closed","ping_status":"closed","template":"","meta":{"_acf_changed":false,"_mc_calendar":[],"footnotes":""},"class_list":["post-13942","page","type-page","status-publish","hentry"],"acf":[],"wps_subtitle":"","_links":{"self":[{"href":"https:\/\/www.ottawahospital.on.ca\/fr\/wp-json\/wp\/v2\/pages\/13942","targetHints":{"allow":["GET"]}}],"collection":[{"href":"https:\/\/www.ottawahospital.on.ca\/fr\/wp-json\/wp\/v2\/pages"}],"about":[{"href":"https:\/\/www.ottawahospital.on.ca\/fr\/wp-json\/wp\/v2\/types\/page"}],"author":[{"embeddable":true,"href":"https:\/\/www.ottawahospital.on.ca\/fr\/wp-json\/wp\/v2\/users\/25"}],"replies":[{"embeddable":true,"href":"https:\/\/www.ottawahospital.on.ca\/fr\/wp-json\/wp\/v2\/comments?post=13942"}],"version-history":[{"count":0,"href":"https:\/\/www.ottawahospital.on.ca\/fr\/wp-json\/wp\/v2\/pages\/13942\/revisions"}],"up":[{"embeddable":true,"href":"https:\/\/www.ottawahospital.on.ca\/fr\/wp-json\/wp\/v2\/pages\/13896"}],"wp:attachment":[{"href":"https:\/\/www.ottawahospital.on.ca\/fr\/wp-json\/wp\/v2\/media?parent=13942"}],"curies":[{"name":"wp","href":"https:\/\/api.w.org\/{rel}","templated":true}]}}