{"id":13931,"date":"2016-12-07T13:18:31","date_gmt":"2016-12-07T18:18:31","guid":{"rendered":"http:\/\/52.229.122.34\/?page_id=13931\/"},"modified":"2016-12-07T13:18:31","modified_gmt":"2016-12-07T18:18:31","slug":"horaire-de-la-journee","status":"publish","type":"page","link":"https:\/\/www.ottawahospital.on.ca\/fr\/services-cliniques\/deptpgrmcs\/programmes\/p-a-r-t-y-prevent-alcohol-and-risk-related-trauma-in-youth\/p-a-r-t-y-pour-les-enseignants\/horaire-de-la-journee\/","title":{"rendered":"Horaire de la Journ\u00e9e"},"content":{"rendered":"<p><img decoding=\"async\" class=\"aligncenter size-full wp-image-13894 img-responsive\" src=\"\/wp-content\/uploads\/2016\/12\/Orange.jpg\" alt=\"orange-bar\" width=\"100%\" height=\"25\" srcset=\"https:\/\/www.ottawahospital.on.ca\/wp-content\/uploads\/2016\/12\/Orange.jpg 745w, https:\/\/www.ottawahospital.on.ca\/wp-content\/uploads\/2016\/12\/Orange-600x20.jpg 600w, https:\/\/www.ottawahospital.on.ca\/wp-content\/uploads\/2016\/12\/Orange-300x10.jpg 300w\" sizes=\"(max-width: 745px) 100vw, 745px\" \/><\/p>\n<p><strong>\u00a0\u00a09 h 10 &#8211; \u00a0\u00a09 h 15 :<\/strong> \u00a0\u00a0Rencontrer les \u00e9l\u00e8ves<\/p>\n<p><strong>\u00a0\u00a09 h 15 &#8211; \u00a0\u00a09 h 25 :<\/strong> \u00a0\u00a0Initiation \u00e0 la pr\u00e9vention des blessures et aux traumatismes<\/p>\n<p><strong>\u00a0\u00a09 h 25 &#8211; 10 h 10 :<\/strong> \u00a0\u00a0Pr\u00e9-h\u00f4pital<\/p>\n<p><strong>10 h 15 &#8211; 10 h 45 :<\/strong> \u00a0\u00a0M\u00e9decin d&rsquo;urgence \/ mise en situation &#8211; blessures<\/p>\n<p><strong>10 h 45 &#8211; 11 h 00 :<\/strong> \u00a0\u00a0Infirmier\/infirmi\u00e8re de la salle d&rsquo;urgence<\/p>\n<p><strong>11 h 00 &#8211; 11 h 20 :<\/strong> \u00a0\u00a0Visite guid\u00e9e de l&rsquo;Unit\u00e9 des soins intensifs<\/p>\n<p><strong>11 h 30 &#8211; 12 h 00 :<\/strong> \u00a0\u00a0<strong>D\u00ceNER<\/strong><\/p>\n<p><strong>12 h 05 &#8211; 12 h 30 :<\/strong> \u00a0\u00a0Blessures au cerveau<\/p>\n<p><strong>12 h 30 &#8211; 12 h 50 :<\/strong> \u00a0\u00a0Blessures \u00e0 la moelle \u00e9pini\u00e8re<\/p>\n<p><strong>13 h 00 &#8211; 14 h 30 :<\/strong> \u00a0\u00a0R\u00e9adaptation des personnes ayant surv\u00e9cu \u00e0 des blessures<\/p>\n","protected":false},"excerpt":{"rendered":"<p>\u00a0\u00a09 h 10 &#8211; \u00a0\u00a09 h 15 : \u00a0\u00a0Rencontrer les \u00e9l\u00e8ves \u00a0\u00a09 h 15 &#8211; \u00a0\u00a09 h 25 : \u00a0\u00a0Initiation \u00e0 la pr\u00e9vention des blessures et aux traumatismes \u00a0\u00a09 h 25 &#8211; 10 h 10 : \u00a0\u00a0Pr\u00e9-h\u00f4pital 10 h 15 &#8211; 10 h 45 : \u00a0\u00a0M\u00e9decin d&rsquo;urgence \/ mise en situation &#8211; blessures 10 h [&hellip;]<\/p>\n","protected":false},"author":25,"featured_media":0,"parent":13896,"menu_order":7,"comment_status":"closed","ping_status":"closed","template":"","meta":{"_acf_changed":false,"_mc_calendar":[],"footnotes":""},"class_list":["post-13931","page","type-page","status-publish","hentry"],"acf":[],"wps_subtitle":"","_links":{"self":[{"href":"https:\/\/www.ottawahospital.on.ca\/fr\/wp-json\/wp\/v2\/pages\/13931","targetHints":{"allow":["GET"]}}],"collection":[{"href":"https:\/\/www.ottawahospital.on.ca\/fr\/wp-json\/wp\/v2\/pages"}],"about":[{"href":"https:\/\/www.ottawahospital.on.ca\/fr\/wp-json\/wp\/v2\/types\/page"}],"author":[{"embeddable":true,"href":"https:\/\/www.ottawahospital.on.ca\/fr\/wp-json\/wp\/v2\/users\/25"}],"replies":[{"embeddable":true,"href":"https:\/\/www.ottawahospital.on.ca\/fr\/wp-json\/wp\/v2\/comments?post=13931"}],"version-history":[{"count":0,"href":"https:\/\/www.ottawahospital.on.ca\/fr\/wp-json\/wp\/v2\/pages\/13931\/revisions"}],"up":[{"embeddable":true,"href":"https:\/\/www.ottawahospital.on.ca\/fr\/wp-json\/wp\/v2\/pages\/13896"}],"wp:attachment":[{"href":"https:\/\/www.ottawahospital.on.ca\/fr\/wp-json\/wp\/v2\/media?parent=13931"}],"curies":[{"name":"wp","href":"https:\/\/api.w.org\/{rel}","templated":true}]}}