{"id":13891,"date":"2016-12-07T12:30:47","date_gmt":"2016-12-07T17:30:47","guid":{"rendered":"http:\/\/52.229.122.34\/?page_id=13891\/"},"modified":"2016-12-07T12:30:47","modified_gmt":"2016-12-07T17:30:47","slug":"prevention-des-blessures","status":"publish","type":"page","link":"https:\/\/www.ottawahospital.on.ca\/fr\/services-cliniques\/deptpgrmcs\/programmes\/p-a-r-t-y-prevent-alcohol-and-risk-related-trauma-in-youth\/quest-ce-que-le-programme-p-a-r-t-y-au-juste\/prevention-des-blessures\/","title":{"rendered":"Pr\u00e9vention des blessures"},"content":{"rendered":"<p><img decoding=\"async\" class=\"aligncenter size-full wp-image-13873 img-responsive\" src=\"\/wp-content\/uploads\/2016\/12\/Yellow.jpg\" alt=\"yellow-bar\" width=\"100%\" height=\"25\" srcset=\"https:\/\/www.ottawahospital.on.ca\/wp-content\/uploads\/2016\/12\/Yellow.jpg 745w, https:\/\/www.ottawahospital.on.ca\/wp-content\/uploads\/2016\/12\/Yellow-600x20.jpg 600w, https:\/\/www.ottawahospital.on.ca\/wp-content\/uploads\/2016\/12\/Yellow-300x10.jpg 300w\" sizes=\"(max-width: 745px) 100vw, 745px\" \/><\/p>\n<p>Sauve-Qui-Pense communique cinq messages cl\u00e9s que nous encourageons les \u00e9l\u00e8ves \u00e0 adopter dans l\u2019espoir qu\u2019ils prennent moins de risques quand ils conduisent, font de la bicyclette, patinent, skient, pratiquent la motoneige ou la planche \u00e0 neige et font la f\u00eate.<\/p>\n<p>Ces cinq messages cl\u00e9s sont les suivants:<\/p>\n<ol>\n<li>Attache-to<\/li>\n<li>Regarde d\u2019abord<\/li>\n<li>Porte l\u2019\u00e9quipement<\/li>\n<li>Suis une formation<\/li>\n<li>Conduis la t\u00eate claire<\/li>\n<\/ol>\n","protected":false},"excerpt":{"rendered":"<p>Sauve-Qui-Pense communique cinq messages cl\u00e9s que nous encourageons les \u00e9l\u00e8ves \u00e0 adopter dans l\u2019espoir qu\u2019ils prennent moins de risques quand ils conduisent, font de la bicyclette, patinent, skient, pratiquent la motoneige ou la planche \u00e0 neige et font la f\u00eate. Ces cinq messages cl\u00e9s sont les suivants: Attache-to Regarde d\u2019abord Porte l\u2019\u00e9quipement Suis une formation [&hellip;]<\/p>\n","protected":false},"author":25,"featured_media":0,"parent":13878,"menu_order":2,"comment_status":"closed","ping_status":"closed","template":"","meta":{"_acf_changed":false,"_mc_calendar":[],"footnotes":""},"class_list":["post-13891","page","type-page","status-publish","hentry"],"acf":[],"wps_subtitle":"","_links":{"self":[{"href":"https:\/\/www.ottawahospital.on.ca\/fr\/wp-json\/wp\/v2\/pages\/13891","targetHints":{"allow":["GET"]}}],"collection":[{"href":"https:\/\/www.ottawahospital.on.ca\/fr\/wp-json\/wp\/v2\/pages"}],"about":[{"href":"https:\/\/www.ottawahospital.on.ca\/fr\/wp-json\/wp\/v2\/types\/page"}],"author":[{"embeddable":true,"href":"https:\/\/www.ottawahospital.on.ca\/fr\/wp-json\/wp\/v2\/users\/25"}],"replies":[{"embeddable":true,"href":"https:\/\/www.ottawahospital.on.ca\/fr\/wp-json\/wp\/v2\/comments?post=13891"}],"version-history":[{"count":0,"href":"https:\/\/www.ottawahospital.on.ca\/fr\/wp-json\/wp\/v2\/pages\/13891\/revisions"}],"up":[{"embeddable":true,"href":"https:\/\/www.ottawahospital.on.ca\/fr\/wp-json\/wp\/v2\/pages\/13878"}],"wp:attachment":[{"href":"https:\/\/www.ottawahospital.on.ca\/fr\/wp-json\/wp\/v2\/media?parent=13891"}],"curies":[{"name":"wp","href":"https:\/\/api.w.org\/{rel}","templated":true}]}}