{"id":13865,"date":"2016-12-07T12:12:04","date_gmt":"2016-12-07T17:12:04","guid":{"rendered":"http:\/\/52.229.122.34\/?page_id=13865\/"},"modified":"2017-01-17T15:35:08","modified_gmt":"2017-01-17T20:35:08","slug":"p-a-r-t-y-prevent-alcohol-and-risk-related-trauma-in-youth","status":"publish","type":"page","link":"https:\/\/www.ottawahospital.on.ca\/fr\/services-cliniques\/deptpgrmcs\/programmes\/p-a-r-t-y-prevent-alcohol-and-risk-related-trauma-in-youth\/","title":{"rendered":"P.A.R.T.Y. : Prevent Alcohol and Risk-Related Trauma in Youth"},"content":{"rendered":"<h2>Un P.A.R.T.Y. \u00e0 L\u2019H\u00f4pital d\u2019Ottawa?<\/h2>\n<p class=\"responsivevideo\"><iframe class=\"img-responsive center-video\" title=\"Question de sant\u00e9: Barbara Mews\" src=\"https:\/\/www.youtube.com\/embed\/pG0mVDf0rDs\" width=\"560\" height=\"315\" allowfullscreen=\"allowfullscreen\"><\/iframe><\/p>\n<div class=\"text-center\" style=\"background-color: #d0dae8; float: right; margin-left: 10px; font-size: 16px; width: 200px;\"><a href=\"https:\/\/www.facebook.com\/media\/set\/?set=a.795556943841754.1073741840.131713693559419&amp;type=3\" target=\"_blank\">Voir P.A.R.T.Y.<img decoding=\"async\" class=\"alignnone wp-image-13829 size-full\" style=\"float: left; padding: 3px 3px 3px 10px;\" src=\"\/wp-content\/uploads\/2016\/12\/Facebook.png\" alt=\"facebook\" width=\"60\" height=\"60\" \/><br \/>\nsur Facebook<\/a><\/div>\n<p>P.A.R.T.Y. (Prevent Alcohol and Risk-Related Trauma in Youth) est un programme de pr\u00e9vention des traumatismes li\u00e9s \u00e0 la consommation d\u2019alcool et aux comportements \u00e0 risque chez les jeunes. Il est offert \u00e0 l\u2019H\u00f4pital aux adolescents de 15 \u00e0 18 ans.<\/p>\n<p>Chaque semaine, nous invitons des \u00e9l\u00e8ves \u00e0 passer avec nous une journ\u00e9e au cours de laquelle ils vivent l\u2019exp\u00e9rience d\u2019une personne bless\u00e9e dans une collision de voitures. Pendant toute la journ\u00e9e, ils apprennent tout ce qu\u2019il y a \u00e0 savoir\u00a0: du traumatisme au traitement. Notre but est de les aider \u00e0 reconna\u00eetre les risques et \u00e0 faire des choix \u00e9clair\u00e9s concernant leurs activit\u00e9s et leurs comportements!<\/p>\n<p><a href=\"https:\/\/partyprogram.com\/\" target=\"_blank\"><img decoding=\"async\" class=\"wp-image-13826 size-medium alignright img-responsive\" src=\"\/wp-content\/uploads\/2016\/12\/PARTYLogoOttawa-300x159.jpg\" alt=\"partylogoottawa\" width=\"300\" height=\"159\" srcset=\"https:\/\/www.ottawahospital.on.ca\/wp-content\/uploads\/2016\/12\/PARTYLogoOttawa-300x159.jpg 300w, https:\/\/www.ottawahospital.on.ca\/wp-content\/uploads\/2016\/12\/PARTYLogoOttawa-600x317.jpg 600w, https:\/\/www.ottawahospital.on.ca\/wp-content\/uploads\/2016\/12\/PARTYLogoOttawa-768x406.jpg 768w, https:\/\/www.ottawahospital.on.ca\/wp-content\/uploads\/2016\/12\/PARTYLogoOttawa-1024x542.jpg 1024w\" sizes=\"(max-width: 300px) 100vw, 300px\" \/><\/a><\/p>\n<p><a href=\"https:\/\/partyprogram.com\/\" target=\"_blank\"><strong>Programme P.A.R.T.Y. au Canada<\/strong><\/a><strong> (en anglais seulement)\u00a0<\/strong><\/p>\n<h2>Nous joindre<\/h2>\n<p>Coordonnatrice du programme P.A.R.T.Y. et de la pr\u00e9vention des blessures<br \/>\n613-798-5555, poste 19602<br \/>\n<a href=\"mailto:P.A.R.T.Y@lho.ca\">P.A.R.T.Y@lho.ca<br \/>\n<\/a>L\u2019H\u00f4pital d\u2019Ottawa \u2013 Campus Civic<br \/>\nService de traumatologie, Clinique Parkdale, 1<sup>er<\/sup> \u00e9tage, pi\u00e8ce 164<br \/>\n1053, av. Carling, Ottawa ON \u00a0K1Y 4E9<\/p>\n","protected":false},"excerpt":{"rendered":"<p>Un P.A.R.T.Y. \u00e0 L\u2019H\u00f4pital d\u2019Ottawa? Voir P.A.R.T.Y. sur Facebook P.A.R.T.Y. (Prevent Alcohol and Risk-Related Trauma in Youth) est un programme de pr\u00e9vention des traumatismes li\u00e9s \u00e0 la consommation d\u2019alcool et aux comportements \u00e0 risque chez les jeunes. Il est offert \u00e0 l\u2019H\u00f4pital aux adolescents de 15 \u00e0 18 ans. Chaque semaine, nous invitons des \u00e9l\u00e8ves [&hellip;]<\/p>\n","protected":false},"author":25,"featured_media":0,"parent":7866,"menu_order":23,"comment_status":"closed","ping_status":"closed","template":"","meta":{"_acf_changed":false,"_mc_calendar":[],"footnotes":""},"class_list":["post-13865","page","type-page","status-publish","hentry"],"acf":[],"wps_subtitle":"","_links":{"self":[{"href":"https:\/\/www.ottawahospital.on.ca\/fr\/wp-json\/wp\/v2\/pages\/13865","targetHints":{"allow":["GET"]}}],"collection":[{"href":"https:\/\/www.ottawahospital.on.ca\/fr\/wp-json\/wp\/v2\/pages"}],"about":[{"href":"https:\/\/www.ottawahospital.on.ca\/fr\/wp-json\/wp\/v2\/types\/page"}],"author":[{"embeddable":true,"href":"https:\/\/www.ottawahospital.on.ca\/fr\/wp-json\/wp\/v2\/users\/25"}],"replies":[{"embeddable":true,"href":"https:\/\/www.ottawahospital.on.ca\/fr\/wp-json\/wp\/v2\/comments?post=13865"}],"version-history":[{"count":0,"href":"https:\/\/www.ottawahospital.on.ca\/fr\/wp-json\/wp\/v2\/pages\/13865\/revisions"}],"up":[{"embeddable":true,"href":"https:\/\/www.ottawahospital.on.ca\/fr\/wp-json\/wp\/v2\/pages\/7866"}],"wp:attachment":[{"href":"https:\/\/www.ottawahospital.on.ca\/fr\/wp-json\/wp\/v2\/media?parent=13865"}],"curies":[{"name":"wp","href":"https:\/\/api.w.org\/{rel}","templated":true}]}}