{"id":13790,"date":"2016-12-07T11:03:13","date_gmt":"2016-12-07T16:03:13","guid":{"rendered":"http:\/\/52.229.122.34\/?page_id=13790\/"},"modified":"2016-12-30T09:37:54","modified_gmt":"2016-12-30T14:37:54","slug":"lettre-a-la-famille-dun-donneur","status":"publish","type":"page","link":"https:\/\/www.ottawahospital.on.ca\/fr\/services-cliniques\/deptpgrmcs\/programmes\/programme-de-dons-dorganes-et-de-tissus\/sensibilisation-du-donneur\/lettre-a-la-famille-dun-donneur\/","title":{"rendered":"Lettre \u00e0 la famille d&rsquo;un donneur"},"content":{"rendered":"<p><a href=\"\/fr\/services-cliniques\/deptpgrmcs\/programmes\/programme-de-dons-dorganes-et-de-tissus\/sensibilisation-du-donneur\/\">Faites conna\u00eetre votre volont\u00e9<\/a> | <a href=\"\/fr\/services-cliniques\/deptpgrmcs\/programmes\/programme-de-dons-dorganes-et-de-tissus\/sensibilisation-du-donneur\/soutien-au-deuil\/\">Soutien au deuil<\/a> | <a href=\"\/fr\/services-cliniques\/deptpgrmcs\/programmes\/programme-de-dons-dorganes-et-de-tissus\/sensibilisation-du-donneur\/medaille-du-merite\/\">M\u00e9daille du m\u00e9rite<\/a> | <a href=\"\/fr\/services-cliniques\/deptpgrmcs\/programmes\/programme-de-dons-dorganes-et-de-tissus\/sensibilisation-du-donneur\/jardin-commemoratif\/\">Jardin comm\u00e9moratif<\/a> | <a href=\"\/fr\/services-cliniques\/deptpgrmcs\/programmes\/programme-de-dons-dorganes-et-de-tissus\/sensibilisation-du-donneur\/les-greffes-ca-marche\/\">Les greffes, \u00e7a marche<\/a> | Lettre \u00e0 la famille d&rsquo;un donneur<\/p>\n<p><img decoding=\"async\" class=\"aligncenter wp-image-13788 size-medium img-responsive\" src=\"\/wp-content\/uploads\/2016\/12\/donorfamilyletter-300x203.jpg\" alt=\"donorfamilyletter\" width=\"300\" height=\"203\" srcset=\"https:\/\/www.ottawahospital.on.ca\/wp-content\/uploads\/2016\/12\/donorfamilyletter-300x203.jpg 300w, https:\/\/www.ottawahospital.on.ca\/wp-content\/uploads\/2016\/12\/donorfamilyletter-600x405.jpg 600w, https:\/\/www.ottawahospital.on.ca\/wp-content\/uploads\/2016\/12\/donorfamilyletter-768x519.jpg 768w, https:\/\/www.ottawahospital.on.ca\/wp-content\/uploads\/2016\/12\/donorfamilyletter-1024x692.jpg 1024w, https:\/\/www.ottawahospital.on.ca\/wp-content\/uploads\/2016\/12\/donorfamilyletter.jpg 1756w\" sizes=\"(max-width: 300px) 100vw, 300px\" \/><\/p>\n<p>Je m&rsquo;appelle Heather et j&rsquo;ai re\u00e7u le c\u0153ur de votre fille. Je ne sais pas quoi vous dire.<\/p>\n<p>J&rsquo;ai 34 ans et j&rsquo;ai \u00e9t\u00e9 souffrante pendant la moiti\u00e9 de ma vie. J&rsquo;ai pass\u00e9 l&rsquo;\u00e9t\u00e9 \u00e0 attendre la mort. Mon mari et mes parents ont pass\u00e9 l&rsquo;\u00e9t\u00e9 \u00e0 me procurer des soins, en attendant la fin.<\/p>\n<p>Sachez que lorsque j&rsquo;ai re\u00e7u l&rsquo;appel t\u00e9l\u00e9phonique, ma premi\u00e8re pens\u00e9e \u00e9tait envers vous, la famille donatrice. En fait, la douleur qui devait vous affliger \u00e9tait la seule affirmation dans cette situation irr\u00e9elle.<\/p>\n<p>Comme j&rsquo;aimerais que vous connaissiez les vies que vous avez touch\u00e9es. Mon mari et moi, nous avons tant de projets; je n&rsquo;ai pas encore r\u00e9ussi \u00e0 effacer le sourire de ses l\u00e8vres! Le vrai miracle c&rsquo;est que les nombreuses personnes atteintes par mon exp\u00e9rience, vivent \u00e9galement un changement. Cela peut sembler m\u00e9lodramatique, mais on assiste \u00e0 un renouvellement de la foi envers Dieu ou face \u00e0 la spiritualit\u00e9 de l&rsquo;homme.<\/p>\n<p>Ces personnes que vous n&rsquo;avez jamais rencontr\u00e9es vous offrent leurs sinc\u00e8res condol\u00e9ances. Et votre cadeau le plus pr\u00e9cieux est sans doute l&rsquo;\u00e9veil de la conscience suscit\u00e9 par votre action. On ne peut que deviner le nombre de vies que vous avez sauv\u00e9es.<\/p>\n<p>Je d\u00e9sire simplement vous dire \u00abmerci !\u00bb Si vous n&rsquo;y voyez pas d&rsquo;inconv\u00e9nient , je serais ravie d&rsquo;entrer en contact avec vous afin d&rsquo;en savoir plus sur votre fille.<\/p>\n<p>Encore une fois, merci!<\/p>\n","protected":false},"excerpt":{"rendered":"<p>Faites conna\u00eetre votre volont\u00e9 | Soutien au deuil | M\u00e9daille du m\u00e9rite | Jardin comm\u00e9moratif | Les greffes, \u00e7a marche | Lettre \u00e0 la famille d&rsquo;un donneur Je m&rsquo;appelle Heather et j&rsquo;ai re\u00e7u le c\u0153ur de votre fille. Je ne sais pas quoi vous dire. J&rsquo;ai 34 ans et j&rsquo;ai \u00e9t\u00e9 souffrante pendant la moiti\u00e9 [&hellip;]<\/p>\n","protected":false},"author":25,"featured_media":0,"parent":13432,"menu_order":5,"comment_status":"closed","ping_status":"closed","template":"","meta":{"_acf_changed":false,"_mc_calendar":[],"footnotes":""},"class_list":["post-13790","page","type-page","status-publish","hentry"],"acf":[],"wps_subtitle":"","_links":{"self":[{"href":"https:\/\/www.ottawahospital.on.ca\/fr\/wp-json\/wp\/v2\/pages\/13790","targetHints":{"allow":["GET"]}}],"collection":[{"href":"https:\/\/www.ottawahospital.on.ca\/fr\/wp-json\/wp\/v2\/pages"}],"about":[{"href":"https:\/\/www.ottawahospital.on.ca\/fr\/wp-json\/wp\/v2\/types\/page"}],"author":[{"embeddable":true,"href":"https:\/\/www.ottawahospital.on.ca\/fr\/wp-json\/wp\/v2\/users\/25"}],"replies":[{"embeddable":true,"href":"https:\/\/www.ottawahospital.on.ca\/fr\/wp-json\/wp\/v2\/comments?post=13790"}],"version-history":[{"count":0,"href":"https:\/\/www.ottawahospital.on.ca\/fr\/wp-json\/wp\/v2\/pages\/13790\/revisions"}],"up":[{"embeddable":true,"href":"https:\/\/www.ottawahospital.on.ca\/fr\/wp-json\/wp\/v2\/pages\/13432"}],"wp:attachment":[{"href":"https:\/\/www.ottawahospital.on.ca\/fr\/wp-json\/wp\/v2\/media?parent=13790"}],"curies":[{"name":"wp","href":"https:\/\/api.w.org\/{rel}","templated":true}]}}