{"id":13782,"date":"2016-12-07T10:57:27","date_gmt":"2016-12-07T15:57:27","guid":{"rendered":"http:\/\/52.229.122.34\/?page_id=13782\/"},"modified":"2016-12-30T09:36:32","modified_gmt":"2016-12-30T14:36:32","slug":"les-greffes-ca-marche","status":"publish","type":"page","link":"https:\/\/www.ottawahospital.on.ca\/fr\/services-cliniques\/deptpgrmcs\/programmes\/programme-de-dons-dorganes-et-de-tissus\/sensibilisation-du-donneur\/les-greffes-ca-marche\/","title":{"rendered":"Les greffes, \u00e7a marche"},"content":{"rendered":"<p><a href=\"\/fr\/services-cliniques\/deptpgrmcs\/programmes\/programme-de-dons-dorganes-et-de-tissus\/sensibilisation-du-donneur\/\">Faites conna\u00eetre votre volont\u00e9<\/a> | <a href=\"\/fr\/services-cliniques\/deptpgrmcs\/programmes\/programme-de-dons-dorganes-et-de-tissus\/sensibilisation-du-donneur\/soutien-au-deuil\/\">Soutien au deuil<\/a> | <a href=\"\/fr\/services-cliniques\/deptpgrmcs\/programmes\/programme-de-dons-dorganes-et-de-tissus\/sensibilisation-du-donneur\/medaille-du-merite\/\">M\u00e9daille du m\u00e9rite<\/a> | <a href=\"\/fr\/services-cliniques\/deptpgrmcs\/programmes\/programme-de-dons-dorganes-et-de-tissus\/sensibilisation-du-donneur\/jardin-commemoratif\/\">Jardin comm\u00e9moratif<\/a> | Les greffes, \u00e7a marche | <a href=\"\/fr\/services-cliniques\/deptpgrmcs\/programmes\/programme-de-dons-dorganes-et-de-tissus\/sensibilisation-du-donneur\/lettre-a-la-famille-dun-donneur\/\">Lettre \u00e0 la famille d&rsquo;un donneur<\/a><\/p>\n<p><img decoding=\"async\" class=\"size-full wp-image-13780 alignleft img-responsive\" src=\"\/wp-content\/uploads\/2016\/12\/transplantation1.jpg\" alt=\"transplantation1\" width=\"100\" height=\"245\" \/>Il y a cinq ans, je devais mourir. Ma derni\u00e8re option \u00e9tait une greffe de c\u0153ur. Apr\u00e8s plusieurs ann\u00e9es pass\u00e9es \u00e0 choisir, cette solution repr\u00e9sentait ma derni\u00e8re chance d&rsquo;entrevoir l&rsquo;avenir. La chance me souriait et l&rsquo;avenir brillait plus fort que je ne l&rsquo;aurais pu esp\u00e9rer.<\/p>\n<p>Nombreuses sont les personnes qui ont rendu ceci possible mais la famille du donneur est certainement la plus importante dans cette p\u00e9riode de trag\u00e9die personnelle. Car c&rsquo;est elle qui m&rsquo;a accord\u00e9 le cadeau de la vie gr\u00e2ce au don d&rsquo;organe. Par l&rsquo;entremise de l&rsquo;organisme MORE (Multiple Organ Retrieval and Exchange Program), les receveurs peuvent communiquer indirectement avec leur famille donatrice.<\/p>\n<p><img decoding=\"async\" class=\"size-full wp-image-13779 alignright img-responsive\" src=\"\/wp-content\/uploads\/2016\/12\/transplantation2.jpg\" alt=\"transplantation2\" width=\"174\" height=\"257\" \/>J&rsquo;avais adress\u00e9 une <a href=\"\/fr\/services-cliniques\/deptpgrmcs\/programmes\/programme-de-dons-dorganes-et-de-tissus\/sensibilisation-du-donneur\/lettre-a-la-famille-dun-donneur\/\">lettre \u00e0 la famille<\/a> de la fille de 21 ans dont le c\u0153ur battait dor\u00e9navant dans ma poitrine. Je ne pouvais pas remercier mon donneur, mais je pouvais exprimer ma reconnaissance envers sa famille.<\/p>\n<p>Malheureusement, ce n&rsquo;\u00e9tait pas possible non plus. La famille n&rsquo;existait pas, la fille \u00e9tait seule. Derni\u00e8rement, j&rsquo;ai appris que des familles donatrices ne recevaient jamais des nouvelles des receveurs. J&rsquo;aimerais partager avec elles la lettre de remerciement que j&rsquo;avais \u00e9crite \u00e0 la famille qui existait r\u00e9ellement dans mon c\u0153ur. Tout comme elles \u00e9prouvent le besoin d&rsquo;entendre le message, j&rsquo;ai \u00e9galement besoin de l&rsquo;exprimer<\/p>\n","protected":false},"excerpt":{"rendered":"<p>Faites conna\u00eetre votre volont\u00e9 | Soutien au deuil | M\u00e9daille du m\u00e9rite | Jardin comm\u00e9moratif | Les greffes, \u00e7a marche | Lettre \u00e0 la famille d&rsquo;un donneur Il y a cinq ans, je devais mourir. Ma derni\u00e8re option \u00e9tait une greffe de c\u0153ur. Apr\u00e8s plusieurs ann\u00e9es pass\u00e9es \u00e0 choisir, cette solution repr\u00e9sentait ma derni\u00e8re chance [&hellip;]<\/p>\n","protected":false},"author":25,"featured_media":0,"parent":13432,"menu_order":4,"comment_status":"closed","ping_status":"closed","template":"","meta":{"_acf_changed":false,"_mc_calendar":[],"footnotes":""},"class_list":["post-13782","page","type-page","status-publish","hentry"],"acf":[],"wps_subtitle":"","_links":{"self":[{"href":"https:\/\/www.ottawahospital.on.ca\/fr\/wp-json\/wp\/v2\/pages\/13782","targetHints":{"allow":["GET"]}}],"collection":[{"href":"https:\/\/www.ottawahospital.on.ca\/fr\/wp-json\/wp\/v2\/pages"}],"about":[{"href":"https:\/\/www.ottawahospital.on.ca\/fr\/wp-json\/wp\/v2\/types\/page"}],"author":[{"embeddable":true,"href":"https:\/\/www.ottawahospital.on.ca\/fr\/wp-json\/wp\/v2\/users\/25"}],"replies":[{"embeddable":true,"href":"https:\/\/www.ottawahospital.on.ca\/fr\/wp-json\/wp\/v2\/comments?post=13782"}],"version-history":[{"count":0,"href":"https:\/\/www.ottawahospital.on.ca\/fr\/wp-json\/wp\/v2\/pages\/13782\/revisions"}],"up":[{"embeddable":true,"href":"https:\/\/www.ottawahospital.on.ca\/fr\/wp-json\/wp\/v2\/pages\/13432"}],"wp:attachment":[{"href":"https:\/\/www.ottawahospital.on.ca\/fr\/wp-json\/wp\/v2\/media?parent=13782"}],"curies":[{"name":"wp","href":"https:\/\/api.w.org\/{rel}","templated":true}]}}