{"id":13776,"date":"2016-12-07T10:54:13","date_gmt":"2016-12-07T15:54:13","guid":{"rendered":"http:\/\/52.229.122.34\/?page_id=13776\/"},"modified":"2016-12-30T09:34:49","modified_gmt":"2016-12-30T14:34:49","slug":"jardin-commemoratif","status":"publish","type":"page","link":"https:\/\/www.ottawahospital.on.ca\/fr\/services-cliniques\/deptpgrmcs\/programmes\/programme-de-dons-dorganes-et-de-tissus\/sensibilisation-du-donneur\/jardin-commemoratif\/","title":{"rendered":"Jardin comm\u00e9moratif"},"content":{"rendered":"<p><a href=\"\/fr\/services-cliniques\/deptpgrmcs\/programmes\/programme-de-dons-dorganes-et-de-tissus\/sensibilisation-du-donneur\/\">Faites conna\u00eetre votre volont\u00e9<\/a> | <a href=\"\/fr\/services-cliniques\/deptpgrmcs\/programmes\/programme-de-dons-dorganes-et-de-tissus\/sensibilisation-du-donneur\/soutien-au-deuil\/\">Soutien au deuil<\/a> | <a href=\"\/fr\/services-cliniques\/deptpgrmcs\/programmes\/programme-de-dons-dorganes-et-de-tissus\/sensibilisation-du-donneur\/medaille-du-merite\/\">Medaille du m\u00e9rite<\/a> | Jardin comm\u00e9moratif | <a href=\"\/fr\/services-cliniques\/deptpgrmcs\/programmes\/programme-de-dons-dorganes-et-de-tissus\/sensibilisation-du-donneur\/les-greffes-ca-marche\/\">Les greffes, \u00e7a marche<\/a> | <a href=\"\/fr\/services-cliniques\/deptpgrmcs\/programmes\/programme-de-dons-dorganes-et-de-tissus\/sensibilisation-du-donneur\/lettre-a-la-famille-dun-donneur\/\">Lettre \u00e0 la famille d&rsquo;un donneur<\/a><\/p>\n<p><img decoding=\"async\" class=\"aligncenter size-full wp-image-13771 img-responsive\" src=\"\/wp-content\/uploads\/2016\/12\/garden.jpg\" alt=\"garden\" width=\"415\" height=\"311\" srcset=\"https:\/\/www.ottawahospital.on.ca\/wp-content\/uploads\/2016\/12\/garden.jpg 415w, https:\/\/www.ottawahospital.on.ca\/wp-content\/uploads\/2016\/12\/garden-300x225.jpg 300w\" sizes=\"(max-width: 415px) 100vw, 415px\" \/><\/p>\n<p><strong>En t\u00e9moignage \u00e0 la vie, ce jardin rend hommage aux donneurs d&rsquo;organes et de tissus et \u00e0 leurs familles qui, de par leur g\u00e9n\u00e9rosit\u00e9, redonnent espoir aux receveurs d&rsquo;organes et de tissus.<\/strong><\/p>\n<p>Le Jardin comm\u00e9moratif, inaugur\u00e9 le 17 juin 2003, est d\u00e9di\u00e9 \u00e0 la m\u00e9moire des donneurs d&rsquo;organes et de tissus et leurs familles.<\/p>\n<p>Marianne Buiting-Hurst et Joan Bennett, deux infirmi\u00e8res de l&rsquo;Unit\u00e9 des soins intensifs, ont plant\u00e9 un assortiment de plantes et de fleurs ravissantes en m\u00e9moire de leurs patients et des familles de ceux-ci qui, de par leur compassion pour autrui, ont sauv\u00e9 et am\u00e9lior\u00e9 la vie d&rsquo;autres personnes.<\/p>\n<p>Le jardin a \u00e9t\u00e9 financ\u00e9 au moyen des fonds recueillis pendant la Course MDS Nordion par la famille et les amis de Paul James Kennedy, un donneur d&rsquo;organes et de tissus. L&rsquo;\u00e9quipe de b\u00e9n\u00e9voles des Auxiliaires de L&rsquo;HO entretiendront le jardin qui est situ\u00e9 sur la pelouse avant du Campus Civic.<\/p>\n","protected":false},"excerpt":{"rendered":"<p>Faites conna\u00eetre votre volont\u00e9 | Soutien au deuil | Medaille du m\u00e9rite | Jardin comm\u00e9moratif | Les greffes, \u00e7a marche | Lettre \u00e0 la famille d&rsquo;un donneur En t\u00e9moignage \u00e0 la vie, ce jardin rend hommage aux donneurs d&rsquo;organes et de tissus et \u00e0 leurs familles qui, de par leur g\u00e9n\u00e9rosit\u00e9, redonnent espoir aux receveurs [&hellip;]<\/p>\n","protected":false},"author":25,"featured_media":0,"parent":13432,"menu_order":3,"comment_status":"closed","ping_status":"closed","template":"","meta":{"_acf_changed":false,"_mc_calendar":[],"footnotes":""},"class_list":["post-13776","page","type-page","status-publish","hentry"],"acf":[],"wps_subtitle":"","_links":{"self":[{"href":"https:\/\/www.ottawahospital.on.ca\/fr\/wp-json\/wp\/v2\/pages\/13776","targetHints":{"allow":["GET"]}}],"collection":[{"href":"https:\/\/www.ottawahospital.on.ca\/fr\/wp-json\/wp\/v2\/pages"}],"about":[{"href":"https:\/\/www.ottawahospital.on.ca\/fr\/wp-json\/wp\/v2\/types\/page"}],"author":[{"embeddable":true,"href":"https:\/\/www.ottawahospital.on.ca\/fr\/wp-json\/wp\/v2\/users\/25"}],"replies":[{"embeddable":true,"href":"https:\/\/www.ottawahospital.on.ca\/fr\/wp-json\/wp\/v2\/comments?post=13776"}],"version-history":[{"count":0,"href":"https:\/\/www.ottawahospital.on.ca\/fr\/wp-json\/wp\/v2\/pages\/13776\/revisions"}],"up":[{"embeddable":true,"href":"https:\/\/www.ottawahospital.on.ca\/fr\/wp-json\/wp\/v2\/pages\/13432"}],"wp:attachment":[{"href":"https:\/\/www.ottawahospital.on.ca\/fr\/wp-json\/wp\/v2\/media?parent=13776"}],"curies":[{"name":"wp","href":"https:\/\/api.w.org\/{rel}","templated":true}]}}