{"id":13768,"date":"2016-12-07T10:50:35","date_gmt":"2016-12-07T15:50:35","guid":{"rendered":"http:\/\/52.229.122.34\/?page_id=13768\/"},"modified":"2016-12-30T09:33:35","modified_gmt":"2016-12-30T14:33:35","slug":"medaille-du-merite","status":"publish","type":"page","link":"https:\/\/www.ottawahospital.on.ca\/fr\/services-cliniques\/deptpgrmcs\/programmes\/programme-de-dons-dorganes-et-de-tissus\/sensibilisation-du-donneur\/medaille-du-merite\/","title":{"rendered":"M\u00e9daille du m\u00e9rite"},"content":{"rendered":"<p><a href=\"\/fr\/services-cliniques\/deptpgrmcs\/programmes\/programme-de-dons-dorganes-et-de-tissus\/sensibilisation-du-donneur\/\">Faites conna\u00eetre votre volont\u00e9<\/a> | <a href=\"\/fr\/services-cliniques\/deptpgrmcs\/programmes\/programme-de-dons-dorganes-et-de-tissus\/sensibilisation-du-donneur\/soutien-au-deuil\/\">Soutien au deuil<\/a> | M\u00e9daille du m\u00e9rite | <a href=\"\/fr\/services-cliniques\/deptpgrmcs\/programmes\/programme-de-dons-dorganes-et-de-tissus\/sensibilisation-du-donneur\/jardin-commemoratif\/\">Jardin comm\u00e9moratif<\/a> | <a href=\"\/fr\/services-cliniques\/deptpgrmcs\/programmes\/programme-de-dons-dorganes-et-de-tissus\/sensibilisation-du-donneur\/les-greffes-ca-marche\/\">Les greffes, \u00e7a marche<\/a> | <a href=\"\/fr\/services-cliniques\/deptpgrmcs\/programmes\/programme-de-dons-dorganes-et-de-tissus\/sensibilisation-du-donneur\/lettre-a-la-famille-dun-donneur\/\">Lettre \u00e0 la famille d&rsquo;un donneur<\/a><\/p>\n<p><img decoding=\"async\" class=\"size-full wp-image-13765 alignright img-responsive\" src=\"\/wp-content\/uploads\/2016\/12\/medal.jpg\" alt=\"medal\" width=\"300\" height=\"283\" \/>Le Programme de dons d&rsquo;organes et de tissus de L&rsquo;H\u00f4pital d&rsquo;Ottawa reconna\u00eet officiellement les gestes de bienfaisance et de g\u00e9n\u00e9rosit\u00e9 des donneurs d&rsquo;organes et de tissus et de leurs familles par l&rsquo;entremise de sa soir\u00e9e de reconnaissance des donneurs d&rsquo;organes et de tissus. Sans leur compassion pour la souffrance des autres, ces transplantations qui peuvent sauver et am\u00e9liorer la vie ne seraient pas possibles.<\/p>\n<p>En 2004, nous avons honor\u00e9 101 familles. La soir\u00e9e a eu lieu dans l&rsquo;\u00e9difice de l&rsquo;Ouest de la Colline du Parlement et a \u00e9t\u00e9 anim\u00e9e par l&rsquo;honorable Gilbert Parent, Ambassadeur \u00e0 l&rsquo;environnement.<\/p>\n<p>Une <strong>m\u00e9daille nationale du m\u00e9rite<\/strong> leur a \u00e9t\u00e9 d\u00e9cern\u00e9e. Nous savons<br \/>\nque les \u00eatres chers, qui estiment parfois que leurs gestes d&rsquo;altruisme ne<br \/>\nsont pas appr\u00e9ci\u00e9s \u00e0 leur juste valeur, affectionnent cette forme concr\u00e8te<br \/>\nde reconnaissance.<\/p>\n","protected":false},"excerpt":{"rendered":"<p>Faites conna\u00eetre votre volont\u00e9 | Soutien au deuil | M\u00e9daille du m\u00e9rite | Jardin comm\u00e9moratif | Les greffes, \u00e7a marche | Lettre \u00e0 la famille d&rsquo;un donneur Le Programme de dons d&rsquo;organes et de tissus de L&rsquo;H\u00f4pital d&rsquo;Ottawa reconna\u00eet officiellement les gestes de bienfaisance et de g\u00e9n\u00e9rosit\u00e9 des donneurs d&rsquo;organes et de tissus et de [&hellip;]<\/p>\n","protected":false},"author":25,"featured_media":0,"parent":13432,"menu_order":2,"comment_status":"closed","ping_status":"closed","template":"","meta":{"_acf_changed":false,"_mc_calendar":[],"footnotes":""},"class_list":["post-13768","page","type-page","status-publish","hentry"],"acf":[],"wps_subtitle":"","_links":{"self":[{"href":"https:\/\/www.ottawahospital.on.ca\/fr\/wp-json\/wp\/v2\/pages\/13768","targetHints":{"allow":["GET"]}}],"collection":[{"href":"https:\/\/www.ottawahospital.on.ca\/fr\/wp-json\/wp\/v2\/pages"}],"about":[{"href":"https:\/\/www.ottawahospital.on.ca\/fr\/wp-json\/wp\/v2\/types\/page"}],"author":[{"embeddable":true,"href":"https:\/\/www.ottawahospital.on.ca\/fr\/wp-json\/wp\/v2\/users\/25"}],"replies":[{"embeddable":true,"href":"https:\/\/www.ottawahospital.on.ca\/fr\/wp-json\/wp\/v2\/comments?post=13768"}],"version-history":[{"count":0,"href":"https:\/\/www.ottawahospital.on.ca\/fr\/wp-json\/wp\/v2\/pages\/13768\/revisions"}],"up":[{"embeddable":true,"href":"https:\/\/www.ottawahospital.on.ca\/fr\/wp-json\/wp\/v2\/pages\/13432"}],"wp:attachment":[{"href":"https:\/\/www.ottawahospital.on.ca\/fr\/wp-json\/wp\/v2\/media?parent=13768"}],"curies":[{"name":"wp","href":"https:\/\/api.w.org\/{rel}","templated":true}]}}