{"id":13738,"date":"2016-12-07T10:15:49","date_gmt":"2016-12-07T15:15:49","guid":{"rendered":"http:\/\/52.229.122.34\/?page_id=13738\/"},"modified":"2025-06-17T11:49:15","modified_gmt":"2025-06-17T15:49:15","slug":"repertoire-des-medecins","status":"publish","type":"page","link":"https:\/\/www.ottawahospital.on.ca\/fr\/services-cliniques\/repertoire-des-medecins\/","title":{"rendered":"R\u00e9pertoire des m\u00e9decins"},"content":{"rendered":"\n<h2 class=\"wp-block-heading\">R\u00e9pertoire des m\u00e9decins<\/h2>\n\n\n\n<p><strong>M\u00e9decins<\/strong><br>Faites une recherche dans notre base de donn\u00e9es pour trouver un sp\u00e9cialiste.<\/p>\n\n\n\n<p><strong>Patients<\/strong><br>Vous pouvez chercher un sp\u00e9cialiste dans notre base de donn\u00e9es, mais souvenez-vous que vous devez tout d\u2019abord consulter votre m\u00e9decin de famille, qui vous dirigera par la suite vers le sp\u00e9cialiste voulu.<\/p>\n\n\n\n<p><strong>Mise \u00e0 jour de <a href=\"https:\/\/www.ottawahospital.on.ca\/en\/documents\/2025\/05\/medical-staff-directory.pdf\">l&rsquo;annuaire des m\u00e9decins<\/a><\/strong><\/p>\n\n\n\n<div style=\"height:60px\" aria-hidden=\"true\" class=\"wp-block-spacer\"><\/div>\n\n\n\n<p>&nbsp;<\/p>\n\n\n\n<p>&nbsp;<\/p>\n","protected":false},"excerpt":{"rendered":"<p>R\u00e9pertoire des m\u00e9decins M\u00e9decinsFaites une recherche dans notre base de donn\u00e9es pour trouver un sp\u00e9cialiste. PatientsVous pouvez chercher un sp\u00e9cialiste dans notre base de donn\u00e9es, mais souvenez-vous que vous devez tout d\u2019abord consulter votre m\u00e9decin de famille, qui vous dirigera par la suite vers le sp\u00e9cialiste voulu. Mise \u00e0 jour de l&rsquo;annuaire des m\u00e9decins &nbsp; [&hellip;]<\/p>\n","protected":false},"author":25,"featured_media":0,"parent":56,"menu_order":7,"comment_status":"closed","ping_status":"closed","template":"template_physician-directory.php","meta":{"_acf_changed":false,"_mc_calendar":[],"footnotes":""},"class_list":["post-13738","page","type-page","status-publish","hentry"],"acf":[],"wps_subtitle":"","_links":{"self":[{"href":"https:\/\/www.ottawahospital.on.ca\/fr\/wp-json\/wp\/v2\/pages\/13738","targetHints":{"allow":["GET"]}}],"collection":[{"href":"https:\/\/www.ottawahospital.on.ca\/fr\/wp-json\/wp\/v2\/pages"}],"about":[{"href":"https:\/\/www.ottawahospital.on.ca\/fr\/wp-json\/wp\/v2\/types\/page"}],"author":[{"embeddable":true,"href":"https:\/\/www.ottawahospital.on.ca\/fr\/wp-json\/wp\/v2\/users\/25"}],"replies":[{"embeddable":true,"href":"https:\/\/www.ottawahospital.on.ca\/fr\/wp-json\/wp\/v2\/comments?post=13738"}],"version-history":[{"count":0,"href":"https:\/\/www.ottawahospital.on.ca\/fr\/wp-json\/wp\/v2\/pages\/13738\/revisions"}],"up":[{"embeddable":true,"href":"https:\/\/www.ottawahospital.on.ca\/fr\/wp-json\/wp\/v2\/pages\/56"}],"wp:attachment":[{"href":"https:\/\/www.ottawahospital.on.ca\/fr\/wp-json\/wp\/v2\/media?parent=13738"}],"curies":[{"name":"wp","href":"https:\/\/api.w.org\/{rel}","templated":true}]}}