{"id":13473,"date":"2016-12-05T16:36:08","date_gmt":"2016-12-05T21:36:08","guid":{"rendered":"http:\/\/52.229.122.34\/fr\/?page_id=13473"},"modified":"2016-12-14T15:44:32","modified_gmt":"2016-12-14T20:44:32","slug":"nous-joindre","status":"publish","type":"page","link":"https:\/\/www.ottawahospital.on.ca\/fr\/services-cliniques\/deptpgrmcs\/programmes\/programme-de-dons-dorganes-et-de-tissus\/nous-joindre\/","title":{"rendered":"Nous joindre"},"content":{"rendered":"<p><img decoding=\"async\" class=\"wp-image-13471 size-full alignleft img-responsive\" src=\"\/wp-content\/uploads\/2016\/12\/small20ribbon.jpg\" alt=\"small%20ribbon\" width=\"47\" height=\"51\" \/>Programme de dons d&rsquo;organes et de tissus<br \/>\nL&rsquo;H\u00f4pital d&rsquo;Ottawa \u2013 Campus Civic<br \/>\n1053, avenue Carling, Pi\u00e8ce G1-54<br \/>\nOttawa ON K1Y 4E9<\/p>\n<h2>Coordonnatrice en don d&rsquo;organes et de tissus<\/h2>\n<p><strong>L&rsquo;H\u00f4pital d&rsquo;Ottawa, l&rsquo;Institut de Cardiologie, CHEO et R\u00e9gion d&rsquo;Ottawa<br \/>\n<\/strong>Stephanie Currie-McCarragher, IA, BScN (C)<br \/>\nT\u00e9l. : 613-737-8616 ou 613-798-5555, poste 19654<\/p>\n","protected":false},"excerpt":{"rendered":"<p>Programme de dons d&rsquo;organes et de tissus L&rsquo;H\u00f4pital d&rsquo;Ottawa \u2013 Campus Civic 1053, avenue Carling, Pi\u00e8ce G1-54 Ottawa ON K1Y 4E9 Coordonnatrice en don d&rsquo;organes et de tissus L&rsquo;H\u00f4pital d&rsquo;Ottawa, l&rsquo;Institut de Cardiologie, CHEO et R\u00e9gion d&rsquo;Ottawa Stephanie Currie-McCarragher, IA, BScN (C) T\u00e9l. : 613-737-8616 ou 613-798-5555, poste 19654<\/p>\n","protected":false},"author":25,"featured_media":0,"parent":13347,"menu_order":11,"comment_status":"closed","ping_status":"closed","template":"","meta":{"_acf_changed":false,"_mc_calendar":[],"footnotes":""},"class_list":["post-13473","page","type-page","status-publish","hentry"],"acf":[],"wps_subtitle":"","_links":{"self":[{"href":"https:\/\/www.ottawahospital.on.ca\/fr\/wp-json\/wp\/v2\/pages\/13473","targetHints":{"allow":["GET"]}}],"collection":[{"href":"https:\/\/www.ottawahospital.on.ca\/fr\/wp-json\/wp\/v2\/pages"}],"about":[{"href":"https:\/\/www.ottawahospital.on.ca\/fr\/wp-json\/wp\/v2\/types\/page"}],"author":[{"embeddable":true,"href":"https:\/\/www.ottawahospital.on.ca\/fr\/wp-json\/wp\/v2\/users\/25"}],"replies":[{"embeddable":true,"href":"https:\/\/www.ottawahospital.on.ca\/fr\/wp-json\/wp\/v2\/comments?post=13473"}],"version-history":[{"count":0,"href":"https:\/\/www.ottawahospital.on.ca\/fr\/wp-json\/wp\/v2\/pages\/13473\/revisions"}],"up":[{"embeddable":true,"href":"https:\/\/www.ottawahospital.on.ca\/fr\/wp-json\/wp\/v2\/pages\/13347"}],"wp:attachment":[{"href":"https:\/\/www.ottawahospital.on.ca\/fr\/wp-json\/wp\/v2\/media?parent=13473"}],"curies":[{"name":"wp","href":"https:\/\/api.w.org\/{rel}","templated":true}]}}