{"id":13460,"date":"2016-12-05T16:32:32","date_gmt":"2016-12-05T21:32:32","guid":{"rendered":"http:\/\/52.229.122.34\/fr\/?page_id=13460"},"modified":"2016-12-05T16:32:32","modified_gmt":"2016-12-05T21:32:32","slug":"formation","status":"publish","type":"page","link":"https:\/\/www.ottawahospital.on.ca\/fr\/services-cliniques\/deptpgrmcs\/programmes\/programme-de-dons-dorganes-et-de-tissus\/formation\/","title":{"rendered":"Formation"},"content":{"rendered":"<h2>Programmes de formation en milieu hospitalier<\/h2>\n<p>Dans chaque campus, des s\u00e9ances normalis\u00e9es et obligatoires de sensibilisation seront offertes par les coordonnateurs des dons aux employ\u00e9s suivants (ces s\u00e9ances ne sont pas limit\u00e9es \u00e0 ces employ\u00e9s) :<\/p>\n<ul>\n<li>tous les nouveaux membres du personnel infirmier, dans le cadre de leur formation;<img decoding=\"async\" class=\"size-full wp-image-13458 alignright img-responsive\" src=\"\/wp-content\/uploads\/2016\/12\/surgeryedu.jpg\" alt=\"surgeryedu\" width=\"200\" height=\"151\" \/><\/li>\n<li>tous les r\u00e9sidents et le personnel infirmier de l&rsquo;Unit\u00e9 des soins intensifs;<\/li>\n<li>tous les r\u00e9sidents et le personnel infirmier du Service d&rsquo;urgence;<\/li>\n<li>tout le personnel des salles d&rsquo;op\u00e9ration, et ce, annuellement;<\/li>\n<li>des unit\u00e9s sp\u00e9cifiques ou le personnel, selon la demande ou si jug\u00e9 n\u00e9cessaire;<\/li>\n<li>les autres employ\u00e9s de l&rsquo;h\u00f4pital \u00e0 l&rsquo;occasion de la Semaine canadienne de la sensibilisation au don d&rsquo;organe et de tissu;<\/li>\n<\/ul>\n<h2>\nProgrammes de formation compl\u00e9mentaires<\/h2>\n<p>Le personnel du Programme de dons d&rsquo;organes et de tissus de L&rsquo;H\u00f4pital d&rsquo;Ottawa doit \u00e9laborer et offrir un programme normalis\u00e9 de formation aux h\u00f4pitaux communautaires. Tous ces h\u00f4pitaux communautaires d&rsquo;Ottawa-Carleton recevront les services d&rsquo;un coordonnateur ou d&rsquo;une coordonnatrice d\u00e9sign\u00e9(e) des dons, qui agira \u00e0 titre d&rsquo;agent de liaison, de personne-ressource et d&rsquo;\u00e9ducateur pour ainsi en faciliter la continuit\u00e9. L&rsquo;importance de l&rsquo;h\u00f4pital et la d\u00e9signation linguistique seront pris en compte au moment d&rsquo;assigner la t\u00e2che.<\/p>\n<p>Des s\u00e9ances normalis\u00e9es d&rsquo;\u00e9ducation feront partie des programmes universitaires en soins de sant\u00e9 et des programmes coll\u00e9giaux.<\/p>\n<p>&nbsp;<\/p>\n<h2>Campagnes de sensibilisation aupr\u00e8s de la collectivit\u00e9<\/h2>\n<p><img decoding=\"async\" class=\"size-full wp-image-13428 alignright img-responsive\" src=\"\/wp-content\/uploads\/2016\/12\/sandcomm.gif\" alt=\"sandcomm\" width=\"182\" height=\"109\" \/>Le Programme de dons d&rsquo;organes et de tissus de L&rsquo;H\u00f4pital d&rsquo;Ottawa, en collaboration avec les organismes communautaires, les groupes d&rsquo;int\u00e9r\u00eats, les associations professionnelles, l&rsquo;ODO, les gouvernements, les \u00e9coles et les m\u00e9dias, encouragera et appuiera la mise sur pied des campagnes de sensibilisation aupr\u00e8s de la collectivit\u00e9 pendant la Semaine canadienne de la sensibilisation aux dons d&rsquo;organes et de tissus, ainsi que tout au long de l&rsquo;ann\u00e9e.<\/p>\n<p>&nbsp;<\/p>\n<h2>Repr\u00e9sentation par des experts aux comit\u00e9s r\u00e9gionaux, provinciaux et nationaux<\/h2>\n<p>Le Programme de dons d&rsquo;organes et de tissus de L&rsquo;H\u00f4pital d&rsquo;Ottawa d\u00e9signera des repr\u00e9sentants qui participeront aux comit\u00e9s sp\u00e9cifiques.<\/p>\n","protected":false},"excerpt":{"rendered":"<p>Programmes de formation en milieu hospitalier Dans chaque campus, des s\u00e9ances normalis\u00e9es et obligatoires de sensibilisation seront offertes par les coordonnateurs des dons aux employ\u00e9s suivants (ces s\u00e9ances ne sont pas limit\u00e9es \u00e0 ces employ\u00e9s) : tous les nouveaux membres du personnel infirmier, dans le cadre de leur formation; tous les r\u00e9sidents et le personnel [&hellip;]<\/p>\n","protected":false},"author":25,"featured_media":0,"parent":13347,"menu_order":9,"comment_status":"closed","ping_status":"closed","template":"","meta":{"_acf_changed":false,"_mc_calendar":[],"footnotes":""},"class_list":["post-13460","page","type-page","status-publish","hentry"],"acf":[],"wps_subtitle":"","_links":{"self":[{"href":"https:\/\/www.ottawahospital.on.ca\/fr\/wp-json\/wp\/v2\/pages\/13460","targetHints":{"allow":["GET"]}}],"collection":[{"href":"https:\/\/www.ottawahospital.on.ca\/fr\/wp-json\/wp\/v2\/pages"}],"about":[{"href":"https:\/\/www.ottawahospital.on.ca\/fr\/wp-json\/wp\/v2\/types\/page"}],"author":[{"embeddable":true,"href":"https:\/\/www.ottawahospital.on.ca\/fr\/wp-json\/wp\/v2\/users\/25"}],"replies":[{"embeddable":true,"href":"https:\/\/www.ottawahospital.on.ca\/fr\/wp-json\/wp\/v2\/comments?post=13460"}],"version-history":[{"count":0,"href":"https:\/\/www.ottawahospital.on.ca\/fr\/wp-json\/wp\/v2\/pages\/13460\/revisions"}],"up":[{"embeddable":true,"href":"https:\/\/www.ottawahospital.on.ca\/fr\/wp-json\/wp\/v2\/pages\/13347"}],"wp:attachment":[{"href":"https:\/\/www.ottawahospital.on.ca\/fr\/wp-json\/wp\/v2\/media?parent=13460"}],"curies":[{"name":"wp","href":"https:\/\/api.w.org\/{rel}","templated":true}]}}