{"id":13451,"date":"2016-12-05T16:26:47","date_gmt":"2016-12-05T21:26:47","guid":{"rendered":"http:\/\/52.229.122.34\/fr\/?page_id=13451"},"modified":"2016-12-05T16:26:47","modified_gmt":"2016-12-05T21:26:47","slug":"taux-de-dons","status":"publish","type":"page","link":"https:\/\/www.ottawahospital.on.ca\/fr\/services-cliniques\/deptpgrmcs\/programmes\/programme-de-dons-dorganes-et-de-tissus\/taux-de-dons\/","title":{"rendered":"Taux de dons"},"content":{"rendered":"<p>La p\u00e9nurie d&rsquo;organes et de tissus demeure une pr\u00e9occupation constante pour les Canadiens en attente d&rsquo;une greffe. Le taux national de dons accuse un retard par rapport \u00e0 d&rsquo;autres pays, lesquels avaient des taux similaires \u00e0 ceux du Canada, il y a dix ans. Le Canada poss\u00e8de malheureusement l&rsquo;un des taux de dons d&rsquo;organes les plus bas parmi les pays d\u00e9velopp\u00e9s.<\/p>\n<p><img decoding=\"async\" class=\"aligncenter size-full wp-image-13449 img-responsive\" src=\"\/wp-content\/uploads\/2016\/12\/ptdonor.jpg\" alt=\"ptdonor\" width=\"440\" height=\"330\" srcset=\"https:\/\/www.ottawahospital.on.ca\/wp-content\/uploads\/2016\/12\/ptdonor.jpg 440w, https:\/\/www.ottawahospital.on.ca\/wp-content\/uploads\/2016\/12\/ptdonor-300x225.jpg 300w\" sizes=\"(max-width: 440px) 100vw, 440px\" \/><\/p>\n","protected":false},"excerpt":{"rendered":"<p>La p\u00e9nurie d&rsquo;organes et de tissus demeure une pr\u00e9occupation constante pour les Canadiens en attente d&rsquo;une greffe. Le taux national de dons accuse un retard par rapport \u00e0 d&rsquo;autres pays, lesquels avaient des taux similaires \u00e0 ceux du Canada, il y a dix ans. Le Canada poss\u00e8de malheureusement l&rsquo;un des taux de dons d&rsquo;organes les [&hellip;]<\/p>\n","protected":false},"author":25,"featured_media":0,"parent":13347,"menu_order":7,"comment_status":"closed","ping_status":"closed","template":"","meta":{"_acf_changed":false,"_mc_calendar":[],"footnotes":""},"class_list":["post-13451","page","type-page","status-publish","hentry"],"acf":[],"wps_subtitle":"","_links":{"self":[{"href":"https:\/\/www.ottawahospital.on.ca\/fr\/wp-json\/wp\/v2\/pages\/13451","targetHints":{"allow":["GET"]}}],"collection":[{"href":"https:\/\/www.ottawahospital.on.ca\/fr\/wp-json\/wp\/v2\/pages"}],"about":[{"href":"https:\/\/www.ottawahospital.on.ca\/fr\/wp-json\/wp\/v2\/types\/page"}],"author":[{"embeddable":true,"href":"https:\/\/www.ottawahospital.on.ca\/fr\/wp-json\/wp\/v2\/users\/25"}],"replies":[{"embeddable":true,"href":"https:\/\/www.ottawahospital.on.ca\/fr\/wp-json\/wp\/v2\/comments?post=13451"}],"version-history":[{"count":0,"href":"https:\/\/www.ottawahospital.on.ca\/fr\/wp-json\/wp\/v2\/pages\/13451\/revisions"}],"up":[{"embeddable":true,"href":"https:\/\/www.ottawahospital.on.ca\/fr\/wp-json\/wp\/v2\/pages\/13347"}],"wp:attachment":[{"href":"https:\/\/www.ottawahospital.on.ca\/fr\/wp-json\/wp\/v2\/media?parent=13451"}],"curies":[{"name":"wp","href":"https:\/\/api.w.org\/{rel}","templated":true}]}}