{"id":13432,"date":"2016-12-05T16:17:18","date_gmt":"2016-12-05T21:17:18","guid":{"rendered":"http:\/\/52.229.122.34\/fr\/?page_id=13432"},"modified":"2016-12-05T16:17:52","modified_gmt":"2016-12-05T21:17:52","slug":"sensibilisation-du-donneur","status":"publish","type":"page","link":"https:\/\/www.ottawahospital.on.ca\/fr\/services-cliniques\/deptpgrmcs\/programmes\/programme-de-dons-dorganes-et-de-tissus\/sensibilisation-du-donneur\/","title":{"rendered":"Sensibilisation du donneur"},"content":{"rendered":"<p><img decoding=\"async\" class=\"size-full wp-image-13429 alignleft img-responsive\" src=\"\/wp-content\/uploads\/2016\/12\/motherchildsmll.jpg\" alt=\"motherchildsmll\" width=\"114\" height=\"180\" \/>La d\u00e9cision de devenir un donneur d&rsquo;organes et de tissus est une d\u00e9cision personnelle. Notre pratique \u00e0 ce sujet consiste \u00e0 demander au parent le plus proche ou au \u00ab repr\u00e9sentant l\u00e9gal \u00bb s&rsquo;il consent \u00e0 faire un don d&rsquo;organes et de tissus au moment du d\u00e9c\u00e8s.<\/p>\n<p>L&rsquo;\u00e9tape la plus importante consiste \u00e0 prendre une d\u00e9cision concernant un don et \u00e0 en discuter avec votre famille. En Ontario, le don de la vie ne peut se faire sans le soutien d&rsquo;un parent proche.<\/p>\n<p>C&rsquo;est pourquoi il est important de faire conna\u00eetre votre d\u00e9cision \u00e0 votre famille afin qu&rsquo;elle puisse s&rsquo;assurer que vos v\u0153ux sont respect\u00e9s. De plus, il sera plus facile pour votre famille de consentir \u00e0 un don en votre nom si elle est au courant de vos intentions.<\/p>\n<h2>\nConsid\u00e9rations religieuses<\/h2>\n<p>La plupart des groupes religieux acceptent le concept des dons d&rsquo;organes et de tissus. Ils consid\u00e8rent les dons comme un cadeau de vie d&rsquo;une personne \u00e0 une autre. Si vous avez des questions ou des pr\u00e9occupations concernant les points de vue de votre propre religion, communiquez avec votre chef religieux.<\/p>\n<h2>Mort c\u00e9r\u00e9brale<\/h2>\n<p>Pour devenir un <strong>donneur d&rsquo;organes<\/strong>, une personne doit \u00eatre d\u00e9clar\u00e9e en \u00e9tat de mort c\u00e9r\u00e9brale. La mort c\u00e9r\u00e9brale est \u00e9tablie au moyen de crit\u00e8res m\u00e9dicaux tr\u00e8s stricts et doit \u00eatre diagnostiqu\u00e9e ind\u00e9pendamment par deux m\u00e9decins distincts. Ces m\u00e9decins ne peuvent pas faire partie de l&rsquo;\u00e9quipe de pr\u00e9l\u00e8vement. La mort c\u00e9r\u00e9brale est irr\u00e9versible et constitue l&rsquo;une des d\u00e9finitions l\u00e9gales de la mort.<\/p>\n<p>Contrairement aux dons d&rsquo;organes, les <strong>dons de tissus<\/strong> peuvent se produire apr\u00e8s que le c\u0153ur a cess\u00e9 de battre. La constatation pr\u00e9alable de la mort c\u00e9r\u00e9brale n&rsquo;est donc pas n\u00e9cessaire.<\/p>\n<h2>Campagnes de sensibilisation aupr\u00e8s de la collectivit\u00e9<img decoding=\"async\" class=\"size-full wp-image-13428 alignright img-responsive\" src=\"\/wp-content\/uploads\/2016\/12\/sandcomm.gif\" alt=\"sandcomm\" width=\"182\" height=\"109\" \/><\/h2>\n<p>Le Programme de dons d&rsquo;organes et de tissus de L&rsquo;H\u00f4pital d&rsquo;Ottawa, en collaboration avec les organismes communautaires, les groupes d&rsquo;int\u00e9r\u00eats, les associations professionnelles, l&rsquo;ODO, les gouvernements, les \u00e9coles et les m\u00e9dias, encouragera et appuiera la mise sur pied des campagnes de sensibilisation aupr\u00e8s de la collectivit\u00e9 pendant la Semaine canadienne de la sensibilisation aux dons d&rsquo;organes et de tissus, ainsi que tout au long de l&rsquo;ann\u00e9e.<\/p>\n<p><strong>Oui, je veux sauver des vie!. Inscrivez votre consentement au don d&rsquo;organes et de tissus au <a href=\"https:\/\/www.giftoflife.on.ca\/\" target=\"_blank\">R\u00e9seau Trillium pour le don de vie.<\/a><\/strong><\/p>\n","protected":false},"excerpt":{"rendered":"<p>La d\u00e9cision de devenir un donneur d&rsquo;organes et de tissus est une d\u00e9cision personnelle. Notre pratique \u00e0 ce sujet consiste \u00e0 demander au parent le plus proche ou au \u00ab repr\u00e9sentant l\u00e9gal \u00bb s&rsquo;il consent \u00e0 faire un don d&rsquo;organes et de tissus au moment du d\u00e9c\u00e8s. L&rsquo;\u00e9tape la plus importante consiste \u00e0 prendre une [&hellip;]<\/p>\n","protected":false},"author":25,"featured_media":0,"parent":13347,"menu_order":6,"comment_status":"closed","ping_status":"closed","template":"","meta":{"_acf_changed":false,"_mc_calendar":[],"footnotes":""},"class_list":["post-13432","page","type-page","status-publish","hentry"],"acf":[],"wps_subtitle":"","_links":{"self":[{"href":"https:\/\/www.ottawahospital.on.ca\/fr\/wp-json\/wp\/v2\/pages\/13432","targetHints":{"allow":["GET"]}}],"collection":[{"href":"https:\/\/www.ottawahospital.on.ca\/fr\/wp-json\/wp\/v2\/pages"}],"about":[{"href":"https:\/\/www.ottawahospital.on.ca\/fr\/wp-json\/wp\/v2\/types\/page"}],"author":[{"embeddable":true,"href":"https:\/\/www.ottawahospital.on.ca\/fr\/wp-json\/wp\/v2\/users\/25"}],"replies":[{"embeddable":true,"href":"https:\/\/www.ottawahospital.on.ca\/fr\/wp-json\/wp\/v2\/comments?post=13432"}],"version-history":[{"count":0,"href":"https:\/\/www.ottawahospital.on.ca\/fr\/wp-json\/wp\/v2\/pages\/13432\/revisions"}],"up":[{"embeddable":true,"href":"https:\/\/www.ottawahospital.on.ca\/fr\/wp-json\/wp\/v2\/pages\/13347"}],"wp:attachment":[{"href":"https:\/\/www.ottawahospital.on.ca\/fr\/wp-json\/wp\/v2\/media?parent=13432"}],"curies":[{"name":"wp","href":"https:\/\/api.w.org\/{rel}","templated":true}]}}