{"id":13422,"date":"2016-12-05T16:05:47","date_gmt":"2016-12-05T21:05:47","guid":{"rendered":"http:\/\/52.229.122.34\/fr\/?page_id=13422"},"modified":"2023-11-03T11:13:16","modified_gmt":"2023-11-03T15:13:16","slug":"immunisation","status":"publish","type":"page","link":"https:\/\/www.ottawahospital.on.ca\/fr\/services-cliniques\/deptpgrmcs\/programmes\/equipe-de-sante-familiale\/ressources-communautaires\/immunisation\/","title":{"rendered":"Immunisation"},"content":{"rendered":"<p>Voici des ressources communautaires utiles sur l\u2019immunisation\u00a0:<\/p>\n<ul>\n<li><a href=\"https:\/\/www.immunize.ca\/fr\/les-parents\" target=\"_blank\" rel=\"noopener noreferrer\">Immunisation Canada<\/a><\/li>\n<li><a href=\"https:\/\/www.canimmunize.ca\/fr\/home\" target=\"_blank\" rel=\"noopener noreferrer\">Appli CANImmunize<\/a>\n<ul>\n<li>enregistrer et stocker facilement l\u2019information sur les vaccins<\/li>\n<li>g\u00e9rer les rendez-vous de vaccination<\/li>\n<li>consulter les calendriers de vaccination<\/li>\n<\/ul>\n<\/li>\n<li><a href=\"https:\/\/www.aboutkidshealth.ca\/fr\/healthaz\/testsandtreatments\/givingmedication\/pages\/painfree-injections-in-babies.aspx\" target=\"_blank\" rel=\"noopener noreferrer\">Injections sans douleur chez les b\u00e9b\u00e9s<\/a> \u2013 Cette ressource pr\u00e9sente des m\u00e9thodes pour aider \u00e0 r\u00e9duire la douleur et l\u2019anxi\u00e9t\u00e9 associ\u00e9es \u00e0 la vaccination chez les b\u00e9b\u00e9s.<\/li>\n<li><a href=\"https:\/\/www.santepubliqueottawa.ca\/fr\/public-health-topics\/immunization.aspx\" target=\"_blank\" rel=\"noopener noreferrer\">Sant\u00e9 publique : Immunisation<\/a> \u2013 Information de la Ville d\u2019Ottawa \u00e0 propos notamment des cliniques d\u2019immunisation en milieu scolaire et des exigences de vaccination pour l\u2019inscription \u00e0 l\u2019\u00e9cole.<\/li>\n<\/ul>\n<h2>Trousse pour l\u2019immunisation des enfants en bonne sant\u00e9<\/h2>\n<ul>\n<li><a href=\"https:\/\/www.health.gov.on.ca\/fr\/pro\/programs\/immunization\/myths.aspx\" target=\"_blank\" rel=\"noopener noreferrer\">Pourquoi la vaccination constitue un choix sain pour un syst\u00e8me immunitaire fort<\/a> \u2013 pour apaiser les principales inqui\u00e9tudes des parents li\u00e9es aux vaccins afin qu\u2019ils puissent faire des choix sains et \u00e9clair\u00e9s pour leurs enfants<\/li>\n<li><a href=\"https:\/\/www.health.gov.on.ca\/fr\/pro\/programs\/immunization\/docs\/toolkit_tips.pdf\" target=\"_blank\" rel=\"noopener noreferrer\">Conseils pour une exp\u00e9rience de vaccination positive<\/a> \u2013 pour encourager les parents \u00e0 prendre certaines mesures avant, pendant et apr\u00e8s la vaccination de mani\u00e8re \u00e0 en faire une meilleure exp\u00e9rience<\/li>\n<li><a href=\"https:\/\/www.health.gov.on.ca\/fr\/pro\/programs\/immunization\/docs\/toolkit_risks.pdf\" target=\"_blank\" rel=\"noopener noreferrer\">Si vous choisissez de ne pas faire vacciner votre enfant<\/a>, sachez quels sont les risques et vos responsabilit\u00e9s<\/li>\n<\/ul>\n<h2>Calendrier de vaccination en Ontario<\/h2>\n<ul>\n<li>Calendrier de vaccination financ\u00e9e par le secteur public en Ontario (mars 2015)<\/li>\n<\/ul>\n","protected":false},"excerpt":{"rendered":"<p>Voici des ressources communautaires utiles sur l\u2019immunisation\u00a0: Immunisation Canada Appli CANImmunize enregistrer et stocker facilement l\u2019information sur les vaccins g\u00e9rer les rendez-vous de vaccination consulter les calendriers de vaccination Injections sans douleur chez les b\u00e9b\u00e9s \u2013 Cette ressource pr\u00e9sente des m\u00e9thodes pour aider \u00e0 r\u00e9duire la douleur et l\u2019anxi\u00e9t\u00e9 associ\u00e9es \u00e0 la vaccination chez les [&hellip;]<\/p>\n","protected":false},"author":25,"featured_media":0,"parent":13003,"menu_order":2,"comment_status":"closed","ping_status":"closed","template":"","meta":{"_acf_changed":false,"_mc_calendar":[],"footnotes":""},"class_list":["post-13422","page","type-page","status-publish","hentry"],"acf":[],"wps_subtitle":"","_links":{"self":[{"href":"https:\/\/www.ottawahospital.on.ca\/fr\/wp-json\/wp\/v2\/pages\/13422","targetHints":{"allow":["GET"]}}],"collection":[{"href":"https:\/\/www.ottawahospital.on.ca\/fr\/wp-json\/wp\/v2\/pages"}],"about":[{"href":"https:\/\/www.ottawahospital.on.ca\/fr\/wp-json\/wp\/v2\/types\/page"}],"author":[{"embeddable":true,"href":"https:\/\/www.ottawahospital.on.ca\/fr\/wp-json\/wp\/v2\/users\/25"}],"replies":[{"embeddable":true,"href":"https:\/\/www.ottawahospital.on.ca\/fr\/wp-json\/wp\/v2\/comments?post=13422"}],"version-history":[{"count":0,"href":"https:\/\/www.ottawahospital.on.ca\/fr\/wp-json\/wp\/v2\/pages\/13422\/revisions"}],"up":[{"embeddable":true,"href":"https:\/\/www.ottawahospital.on.ca\/fr\/wp-json\/wp\/v2\/pages\/13003"}],"wp:attachment":[{"href":"https:\/\/www.ottawahospital.on.ca\/fr\/wp-json\/wp\/v2\/media?parent=13422"}],"curies":[{"name":"wp","href":"https:\/\/api.w.org\/{rel}","templated":true}]}}