{"id":13381,"date":"2016-12-05T15:14:58","date_gmt":"2016-12-05T20:14:58","guid":{"rendered":"http:\/\/52.229.122.34\/fr\/?page_id=13381"},"modified":"2016-12-30T09:00:21","modified_gmt":"2016-12-30T14:00:21","slug":"programme-de-transplantation-cardiaque","status":"publish","type":"page","link":"https:\/\/www.ottawahospital.on.ca\/fr\/services-cliniques\/deptpgrmcs\/programmes\/programme-de-dons-dorganes-et-de-tissus\/programmes\/programme-de-transplantation-cardiaque\/","title":{"rendered":"Programme de transplantation cardiaque"},"content":{"rendered":"<p><img decoding=\"async\" class=\"size-full wp-image-13378 alignright\" src=\"\/wp-content\/uploads\/2016\/12\/heartblue.jpg\" alt=\"heartblue\" width=\"200\" height=\"251\" \/>Le Programme de transplantation cardiaque de l&rsquo;Institut de cardiologie de l&rsquo;Universit\u00e9 d&rsquo;Ottawa a \u00e9t\u00e9 instaur\u00e9 en 1984. En moyenne, 25 transplantations cardiaques sont pratiqu\u00e9es chaque ann\u00e9e; ce qui fait qu&rsquo;environ 350 patients ont b\u00e9n\u00e9fici\u00e9 d&rsquo;une transplantation depuis l&rsquo;instauration du Programme.<\/p>\n<p>Des patients de partout au pays qui ont besoin d&rsquo;un dispositif artificiel sont dirig\u00e9s vers l&rsquo;Institut. Les trois types de dispositifs utilis\u00e9s sont : le c\u0153ur artificiel Jarvik et les dispositifs d&rsquo;assistance ventriculaire Novocor et Thoratec.<\/p>\n<p>Les patients greff\u00e9s sont en phase terminale d&rsquo;une cardiopathie isch\u00e9mique ou d&rsquo;une myocardiopathie (dysfonction du muscle cardiaque) associ\u00e9e \u00e0 une infection virale r\u00e9sultant d&rsquo;autres causes pouvant toucher des personnes de tout \u00e2ge.<\/p>\n<p>&nbsp;<\/p>\n<h2>Faits saillants<\/h2>\n<ul>\n<li>Premier programme au Canada \u00e0 utiliser le c\u0153ur artificiel (Jarvik) en attente d&rsquo;une greffe en 1986<\/li>\n<li>Plus jeune greff\u00e9 de c\u0153ur (11 jours) en 1989<\/li>\n<li>C\u0153ur artificiel permanent, connu sous le nom de Heart Saver, mis au point en collaboration avec la World Heart Organization<\/li>\n<\/ul>\n<p>Les greff\u00e9s cardiaques ont form\u00e9 une association des greff\u00e9s du c\u0153ur. Cette association se consacre activement \u00e0 la sensibilisation du public et \u00e0 la collecte de fonds. Les greff\u00e9s et leurs conjoints peuvent prendre part \u00e0 un \u00ab programme de mentorat par des pairs \u00bb, dans le cadre duquel ils rencontrent des patients en attente d&rsquo;une transplantation cardiaque pour leur apporter du soutien.<\/p>\n<p><strong>Directeur des soins chirurgicaux<\/strong>: D<sup>r<\/sup> Thierry Mesana<br \/>\n<strong>Directeur m\u00e9dical<\/strong>: D<sup>r<\/sup> Haissam Haddad<br \/>\n<strong>Coordonnatrice des transplantations<\/strong>: Carolyn Pugliese, RN MScN<\/p>\n<p>&nbsp;<\/p>\n<h2>Programmes<\/h2>\n<ul>\n<li><a href=\"\/fr\/services-cliniques\/deptpgrmcs\/programmes\/programme-de-dons-dorganes-et-de-tissus\/programmes\/banque-dos\/\">Banque d&rsquo;os<\/a><\/li>\n<li><a href=\"\/fr\/services-cliniques\/deptpgrmcs\/programmes\/programme-de-dons-dorganes-et-de-tissus\/programmes\/programme-de-greffe-corneenne\/\">Programme de greffe corn\u00e9enne<\/a><\/li>\n<li>Programme de transplantation cardiaque<\/li>\n<li><a href=\"\/fr\/services-cliniques\/deptpgrmcs\/programmes\/programme-de-dons-dorganes-et-de-tissus\/programmes\/programme-de-remplacement-valvulaire-par-homogreffe\/\">Programme de remplacement valvulaire par homogreffe<\/a><\/li>\n<\/ul>\n","protected":false},"excerpt":{"rendered":"<p>Le Programme de transplantation cardiaque de l&rsquo;Institut de cardiologie de l&rsquo;Universit\u00e9 d&rsquo;Ottawa a \u00e9t\u00e9 instaur\u00e9 en 1984. En moyenne, 25 transplantations cardiaques sont pratiqu\u00e9es chaque ann\u00e9e; ce qui fait qu&rsquo;environ 350 patients ont b\u00e9n\u00e9fici\u00e9 d&rsquo;une transplantation depuis l&rsquo;instauration du Programme. Des patients de partout au pays qui ont besoin d&rsquo;un dispositif artificiel sont dirig\u00e9s vers [&hellip;]<\/p>\n","protected":false},"author":25,"featured_media":0,"parent":13363,"menu_order":3,"comment_status":"closed","ping_status":"closed","template":"","meta":{"_acf_changed":false,"_mc_calendar":[],"footnotes":""},"class_list":["post-13381","page","type-page","status-publish","hentry"],"acf":[],"wps_subtitle":"","_links":{"self":[{"href":"https:\/\/www.ottawahospital.on.ca\/fr\/wp-json\/wp\/v2\/pages\/13381","targetHints":{"allow":["GET"]}}],"collection":[{"href":"https:\/\/www.ottawahospital.on.ca\/fr\/wp-json\/wp\/v2\/pages"}],"about":[{"href":"https:\/\/www.ottawahospital.on.ca\/fr\/wp-json\/wp\/v2\/types\/page"}],"author":[{"embeddable":true,"href":"https:\/\/www.ottawahospital.on.ca\/fr\/wp-json\/wp\/v2\/users\/25"}],"replies":[{"embeddable":true,"href":"https:\/\/www.ottawahospital.on.ca\/fr\/wp-json\/wp\/v2\/comments?post=13381"}],"version-history":[{"count":0,"href":"https:\/\/www.ottawahospital.on.ca\/fr\/wp-json\/wp\/v2\/pages\/13381\/revisions"}],"up":[{"embeddable":true,"href":"https:\/\/www.ottawahospital.on.ca\/fr\/wp-json\/wp\/v2\/pages\/13363"}],"wp:attachment":[{"href":"https:\/\/www.ottawahospital.on.ca\/fr\/wp-json\/wp\/v2\/media?parent=13381"}],"curies":[{"name":"wp","href":"https:\/\/api.w.org\/{rel}","templated":true}]}}