{"id":13375,"date":"2016-12-05T15:12:45","date_gmt":"2016-12-05T20:12:45","guid":{"rendered":"http:\/\/52.229.122.34\/fr\/?page_id=13375"},"modified":"2016-12-30T09:30:03","modified_gmt":"2016-12-30T14:30:03","slug":"programme-de-greffe-corneenne","status":"publish","type":"page","link":"https:\/\/www.ottawahospital.on.ca\/fr\/services-cliniques\/deptpgrmcs\/programmes\/programme-de-dons-dorganes-et-de-tissus\/programmes\/programme-de-greffe-corneenne\/","title":{"rendered":"Programme de greffe corn\u00e9enne"},"content":{"rendered":"<p><img decoding=\"async\" class=\"size-full wp-image-13372 alignright img-responsive\" src=\"\/wp-content\/uploads\/2016\/12\/eye.jpg\" alt=\"eye\" width=\"200\" height=\"276\" \/>En 1958, la premi\u00e8re greffe corn\u00e9enne a \u00e9t\u00e9 pratiqu\u00e9e \u00e0 Ottawa. Chaque ann\u00e9e, environ 150 patients re\u00e7oivent le don de la vue par l&rsquo;entremise d&rsquo;une greffe corn\u00e9enne. La corn\u00e9e est la mince couche de tissu clair qui recouvre le devant de l&rsquo;\u0153il.<\/p>\n<p>La corn\u00e9e est la mince couche de tissu clair qui recouvre le devant de l&rsquo;\u0153il. Elle agit \u00e0 la mani\u00e8re d&rsquo;une fen\u00eatre, prot\u00e9geant l&rsquo;\u0153il contre les blessures, et dirige les rayons de la lumi\u00e8re vers la r\u00e9tine, soit l&rsquo;\u00ab \u00e9cran \u00bb \u00e0 l&rsquo;arri\u00e8re de l&rsquo;\u0153il o\u00f9 sont form\u00e9es les images.<\/p>\n<p>Si la corn\u00e9e est \u00e9rafl\u00e9e ou endommag\u00e9e, elle devient embrouill\u00e9e et bloque le passage de la lumi\u00e8re, rendant ainsi les images floues et difficiles \u00e0 discerner et entra\u00eenant la c\u00e9cit\u00e9.<\/p>\n<p>La c\u00e9cit\u00e9 corn\u00e9enne peut atteindre n&rsquo;importe qui, tant bien un nouveau-n\u00e9 qu&rsquo;une personne \u00e2g\u00e9e. La vue peut \u00eatre restaur\u00e9e au moyen d&rsquo;une greffe corn\u00e9enne : une op\u00e9ration simple qui a pour but de remplacer la corn\u00e9e endommag\u00e9e par une corn\u00e9e claire et saine provenant d&rsquo;un donneur d&rsquo;yeux. Les greffes corn\u00e9ennes ont un taux de r\u00e9ussite de plus de 90 p. 100.<\/p>\n<h2>Programmes<\/h2>\n<ul>\n<li><a href=\"\/fr\/services-cliniques\/deptpgrmcs\/programmes\/programme-de-dons-dorganes-et-de-tissus\/programmes\/banque-dos\/\">Banque d&rsquo;os<\/a><\/li>\n<li>Programme de greffe corn\u00e9enne<\/li>\n<li><a href=\"\/fr\/services-cliniques\/deptpgrmcs\/programmes\/programme-de-dons-dorganes-et-de-tissus\/programmes\/programme-de-transplantation-cardiaque\/\">Programme de transplantation cardiaque<\/a><\/li>\n<li><a href=\"\/fr\/services-cliniques\/deptpgrmcs\/programmes\/programme-de-dons-dorganes-et-de-tissus\/programmes\/programme-de-remplacement-valvulaire-par-homogreffe\/\">Programme de remplacement valvulaire par homogreffe<\/a><\/li>\n<\/ul>\n","protected":false},"excerpt":{"rendered":"<p>En 1958, la premi\u00e8re greffe corn\u00e9enne a \u00e9t\u00e9 pratiqu\u00e9e \u00e0 Ottawa. Chaque ann\u00e9e, environ 150 patients re\u00e7oivent le don de la vue par l&rsquo;entremise d&rsquo;une greffe corn\u00e9enne. La corn\u00e9e est la mince couche de tissu clair qui recouvre le devant de l&rsquo;\u0153il. La corn\u00e9e est la mince couche de tissu clair qui recouvre le devant [&hellip;]<\/p>\n","protected":false},"author":25,"featured_media":0,"parent":13363,"menu_order":2,"comment_status":"closed","ping_status":"closed","template":"","meta":{"_acf_changed":false,"_mc_calendar":[],"footnotes":""},"class_list":["post-13375","page","type-page","status-publish","hentry"],"acf":[],"wps_subtitle":"","_links":{"self":[{"href":"https:\/\/www.ottawahospital.on.ca\/fr\/wp-json\/wp\/v2\/pages\/13375","targetHints":{"allow":["GET"]}}],"collection":[{"href":"https:\/\/www.ottawahospital.on.ca\/fr\/wp-json\/wp\/v2\/pages"}],"about":[{"href":"https:\/\/www.ottawahospital.on.ca\/fr\/wp-json\/wp\/v2\/types\/page"}],"author":[{"embeddable":true,"href":"https:\/\/www.ottawahospital.on.ca\/fr\/wp-json\/wp\/v2\/users\/25"}],"replies":[{"embeddable":true,"href":"https:\/\/www.ottawahospital.on.ca\/fr\/wp-json\/wp\/v2\/comments?post=13375"}],"version-history":[{"count":0,"href":"https:\/\/www.ottawahospital.on.ca\/fr\/wp-json\/wp\/v2\/pages\/13375\/revisions"}],"up":[{"embeddable":true,"href":"https:\/\/www.ottawahospital.on.ca\/fr\/wp-json\/wp\/v2\/pages\/13363"}],"wp:attachment":[{"href":"https:\/\/www.ottawahospital.on.ca\/fr\/wp-json\/wp\/v2\/media?parent=13375"}],"curies":[{"name":"wp","href":"https:\/\/api.w.org\/{rel}","templated":true}]}}