{"id":13368,"date":"2016-12-05T15:10:02","date_gmt":"2016-12-05T20:10:02","guid":{"rendered":"http:\/\/52.229.122.34\/fr\/?page_id=13368"},"modified":"2016-12-30T09:29:08","modified_gmt":"2016-12-30T14:29:08","slug":"banque-dos","status":"publish","type":"page","link":"https:\/\/www.ottawahospital.on.ca\/fr\/services-cliniques\/deptpgrmcs\/programmes\/programme-de-dons-dorganes-et-de-tissus\/programmes\/banque-dos\/","title":{"rendered":"Banque d&rsquo;os"},"content":{"rendered":"<h2>Historique<\/h2>\n<p><img decoding=\"async\" class=\"size-full wp-image-13366 alignright img-responsive\" src=\"\/wp-content\/uploads\/2016\/12\/bonegraft.jpg\" alt=\"bonegraft\" width=\"138\" height=\"184\" \/>Fond\u00e9e en 1988, la Banque d&rsquo;os de la r\u00e9gion de la capitale nationale a combl\u00e9 les besoins en os d&rsquo;allogreffe des deux campus de L&rsquo;H\u00f4pital d&rsquo;Ottawa ainsi que du Centre hospitalier pour enfants de l&rsquo;est de l&rsquo;Ontario. Lorsque ses stocks le lui permettent, la Banque d&rsquo;os fournit \u00e0 l&rsquo;occasion des tissus osseux \u00e0 d&rsquo;autres h\u00f4pitaux de la r\u00e9gion.<\/p>\n<p>En raison du taux croissant de dons d&rsquo;organes et de tissus et des besoins toujours grandissants en os d&rsquo;allogreffe destin\u00e9s aux interventions m\u00e9dicales, les services de la Banque d&rsquo;os ont pris un essor remarquable au cours des ans.<\/p>\n<p>Les os d&rsquo;allogreffe sont la pierre angulaire de la chirurgie orthop\u00e9dique. Depuis 1999, la Banque d&rsquo;os r\u00e9pond en moyenne \u00e0 140 demandes d&rsquo;os d&rsquo;allogreffe par ann\u00e9e. \u00c0 cette fin, les chirurgies comme celles destin\u00e9es \u00e0 la pr\u00e9servation d&rsquo;un membre, au remplacement d&rsquo;une articulation et au support structural contribuent toutes au processus de gu\u00e9rison et au prompt r\u00e9tablissement de nos patients. Les progr\u00e8s r\u00e9alis\u00e9s en science m\u00e9dicale nous permettent aujourd&rsquo;hui de greffer ces tissus humains en vue d&rsquo;assurer une qualit\u00e9 de vie accrue pour tous ceux qui les re\u00e7oivent.<\/p>\n<h2>Programmes<\/h2>\n<ul>\n<li>Banque d&rsquo;os<\/li>\n<li><a href=\"\/fr\/services-cliniques\/deptpgrmcs\/programmes\/programme-de-dons-dorganes-et-de-tissus\/programmes\/programme-de-greffe-corneenne\/\">Programme de greffe corn\u00e9enne<\/a><\/li>\n<li><a href=\"\/fr\/services-cliniques\/deptpgrmcs\/programmes\/programme-de-dons-dorganes-et-de-tissus\/programmes\/programme-de-transplantation-cardiaque\/\">Programme de transplantation cardiaque<\/a><\/li>\n<li><a href=\"\/fr\/services-cliniques\/deptpgrmcs\/programmes\/programme-de-dons-dorganes-et-de-tissus\/programmes\/programme-de-remplacement-valvulaire-par-homogreffe\/\">Programme de remplacement valvulaire par homogreffe<\/a><\/li>\n<\/ul>\n","protected":false},"excerpt":{"rendered":"<p>Historique Fond\u00e9e en 1988, la Banque d&rsquo;os de la r\u00e9gion de la capitale nationale a combl\u00e9 les besoins en os d&rsquo;allogreffe des deux campus de L&rsquo;H\u00f4pital d&rsquo;Ottawa ainsi que du Centre hospitalier pour enfants de l&rsquo;est de l&rsquo;Ontario. Lorsque ses stocks le lui permettent, la Banque d&rsquo;os fournit \u00e0 l&rsquo;occasion des tissus osseux \u00e0 d&rsquo;autres [&hellip;]<\/p>\n","protected":false},"author":25,"featured_media":0,"parent":13363,"menu_order":1,"comment_status":"closed","ping_status":"closed","template":"","meta":{"_acf_changed":false,"_mc_calendar":[],"footnotes":""},"class_list":["post-13368","page","type-page","status-publish","hentry"],"acf":[],"wps_subtitle":"","_links":{"self":[{"href":"https:\/\/www.ottawahospital.on.ca\/fr\/wp-json\/wp\/v2\/pages\/13368","targetHints":{"allow":["GET"]}}],"collection":[{"href":"https:\/\/www.ottawahospital.on.ca\/fr\/wp-json\/wp\/v2\/pages"}],"about":[{"href":"https:\/\/www.ottawahospital.on.ca\/fr\/wp-json\/wp\/v2\/types\/page"}],"author":[{"embeddable":true,"href":"https:\/\/www.ottawahospital.on.ca\/fr\/wp-json\/wp\/v2\/users\/25"}],"replies":[{"embeddable":true,"href":"https:\/\/www.ottawahospital.on.ca\/fr\/wp-json\/wp\/v2\/comments?post=13368"}],"version-history":[{"count":0,"href":"https:\/\/www.ottawahospital.on.ca\/fr\/wp-json\/wp\/v2\/pages\/13368\/revisions"}],"up":[{"embeddable":true,"href":"https:\/\/www.ottawahospital.on.ca\/fr\/wp-json\/wp\/v2\/pages\/13363"}],"wp:attachment":[{"href":"https:\/\/www.ottawahospital.on.ca\/fr\/wp-json\/wp\/v2\/media?parent=13368"}],"curies":[{"name":"wp","href":"https:\/\/api.w.org\/{rel}","templated":true}]}}