{"id":13353,"date":"2016-12-05T15:02:06","date_gmt":"2016-12-05T20:02:06","guid":{"rendered":"http:\/\/52.229.122.34\/fr\/?page_id=13353"},"modified":"2016-12-05T15:02:06","modified_gmt":"2016-12-05T20:02:06","slug":"a-notre-sujet","status":"publish","type":"page","link":"https:\/\/www.ottawahospital.on.ca\/fr\/services-cliniques\/deptpgrmcs\/programmes\/programme-de-dons-dorganes-et-de-tissus\/a-notre-sujet\/","title":{"rendered":"\u00c0 notre sujet"},"content":{"rendered":"<h2>Notre philosophie<\/h2>\n<p><img decoding=\"async\" class=\"size-full wp-image-13354 alignright img-responsive\" src=\"\/wp-content\/uploads\/2016\/12\/smallhearthands-f.jpg\" alt=\"smallhearthands-f\" width=\"146\" height=\"82\" \/>L&rsquo;H\u00f4pital d&rsquo;Ottawa est un centre d&rsquo;enseignement en sciences de la sant\u00e9 dont le mandat principal est de pr\u00e9server la vie. Nous sommes conscients que ce n&rsquo;est pas toujours possible et il faut alors songer aux dons d&rsquo;organes et de tissus.<\/p>\n<p>Nous croyons que les lois gouvernementales, les normes de pratique \u00e0 travers le pays, ainsi qu&rsquo;une prise de conscience accrue peuvent rehausser la qualit\u00e9 de vie des personnes qui requi\u00e8rent une greffe d&rsquo;organe pour sauver ou pour am\u00e9liorer leur vie.<\/p>\n<p><img decoding=\"async\" class=\"size-full wp-image-13350 alignright img-responsive\" src=\"\/wp-content\/uploads\/2016\/12\/surg2.jpg\" alt=\"surg2\" width=\"220\" height=\"175\" \/>Nous sommes convaincus que le don en soi est b\u00e9n\u00e9ficiaire \u00e0 la famille touch\u00e9e par le malheur en lui apportant un sentiment d&rsquo;espoir et qu&rsquo;il existe un c\u00f4t\u00e9 positif d\u00e9coulant d&rsquo;une perte tragique.<\/p>\n<p>Nous croyons que la famille et les proches ont le droit de prendre des d\u00e9cisions \u00e9clair\u00e9es en ce qui concerne le don d&rsquo;organes et de tissus, conform\u00e9ment \u00e0 leurs propres valeurs et croyances. Nous appuierons enti\u00e8rement la d\u00e9cision de la famille.<\/p>\n<p>En collaborant avec les professionnels de la sant\u00e9, nous nous assurons que le processus de pr\u00e9l\u00e8vement s&rsquo;effectue de la meilleure fa\u00e7on. Il est de notre responsabilit\u00e9 d&rsquo;am\u00e9liorer ce processus et en ce faisant, nous tenons \u00e0 appuyer et respecter les personnes qui ont gracieusement fait \u00a8don de la vie.<\/p>\n<h2>Notre \u00e9quipe<\/h2>\n<p><strong>Directeur m\u00e9dical<\/strong> : D<sup>r<\/sup> G. Pagliarello<br \/>\n<strong>Directrice clinique <\/strong>: Wendy Fortier<br \/>\n<strong>Coordonnatrice des dons &#8211; Campus Civic et l&rsquo;Institut de cardiologie <\/strong>: Denyse Mercer, IA<br \/>\n<strong>Coordonnatrice des dons &#8211; Campus G\u00e9n\u00e9ral :<\/strong> Stephanie Currie-McCarragher, IA, BScN (C)<br \/>\n<strong>Coordonnatrice des donneurs vivants :<\/strong> Haesung Yum<br \/>\n<strong>Infirmi\u00e8re des pr\u00e9l\u00e8vements de corn\u00e9es<\/strong> : Angelina Trovarelli-Jipson; Lana Sapozhnikov; Kerry Smith<\/p>\n","protected":false},"excerpt":{"rendered":"<p>Notre philosophie L&rsquo;H\u00f4pital d&rsquo;Ottawa est un centre d&rsquo;enseignement en sciences de la sant\u00e9 dont le mandat principal est de pr\u00e9server la vie. Nous sommes conscients que ce n&rsquo;est pas toujours possible et il faut alors songer aux dons d&rsquo;organes et de tissus. Nous croyons que les lois gouvernementales, les normes de pratique \u00e0 travers le [&hellip;]<\/p>\n","protected":false},"author":25,"featured_media":0,"parent":13347,"menu_order":1,"comment_status":"closed","ping_status":"closed","template":"","meta":{"_acf_changed":false,"_mc_calendar":[],"footnotes":""},"class_list":["post-13353","page","type-page","status-publish","hentry"],"acf":[],"wps_subtitle":"","_links":{"self":[{"href":"https:\/\/www.ottawahospital.on.ca\/fr\/wp-json\/wp\/v2\/pages\/13353","targetHints":{"allow":["GET"]}}],"collection":[{"href":"https:\/\/www.ottawahospital.on.ca\/fr\/wp-json\/wp\/v2\/pages"}],"about":[{"href":"https:\/\/www.ottawahospital.on.ca\/fr\/wp-json\/wp\/v2\/types\/page"}],"author":[{"embeddable":true,"href":"https:\/\/www.ottawahospital.on.ca\/fr\/wp-json\/wp\/v2\/users\/25"}],"replies":[{"embeddable":true,"href":"https:\/\/www.ottawahospital.on.ca\/fr\/wp-json\/wp\/v2\/comments?post=13353"}],"version-history":[{"count":0,"href":"https:\/\/www.ottawahospital.on.ca\/fr\/wp-json\/wp\/v2\/pages\/13353\/revisions"}],"up":[{"embeddable":true,"href":"https:\/\/www.ottawahospital.on.ca\/fr\/wp-json\/wp\/v2\/pages\/13347"}],"wp:attachment":[{"href":"https:\/\/www.ottawahospital.on.ca\/fr\/wp-json\/wp\/v2\/media?parent=13353"}],"curies":[{"name":"wp","href":"https:\/\/api.w.org\/{rel}","templated":true}]}}