{"id":13347,"date":"2016-12-05T14:52:14","date_gmt":"2016-12-05T19:52:14","guid":{"rendered":"http:\/\/52.229.122.34\/fr\/?page_id=13347"},"modified":"2021-02-22T11:53:52","modified_gmt":"2021-02-22T16:53:52","slug":"programme-de-dons-dorganes-et-de-tissus","status":"publish","type":"page","link":"https:\/\/www.ottawahospital.on.ca\/fr\/services-cliniques\/deptpgrmcs\/programmes\/programme-de-dons-dorganes-et-de-tissus\/","title":{"rendered":"Programme de dons d&rsquo;organes et de tissus"},"content":{"rendered":"<p><img decoding=\"async\" class=\"size-full wp-image-13345 alignright\" src=\"\/wp-content\/uploads\/2016\/12\/tinmancover.jpg\" alt=\"tinmancover\" width=\"225\" height=\"262\" \/>Le programme de dons d&rsquo;organes et de tissus de L&rsquo;H\u00f4pital d&rsquo;Ottawa est l&rsquo;un des programmes\u00a0 de distribution le plus avanc\u00e9 au Canada. Depuis 1992, l&rsquo;\u00e9tablissement de la relation avec\u00a0le donneur est en effet un domaine unique dans le cadre des soins critiques.<\/p>\n<p>C&rsquo;est le premier centre de r\u00e9f\u00e9rence pour tous les donneurs adultes dans la r\u00e9gion d&rsquo;Ottawa- Carleton.\u00a0 Le taux de dons s&rsquo;\u00e9tablit entre 18 et 31 donneurs sur un million de population, ce qui est\u00a0 consid\u00e9rablement plus \u00e9lev\u00e9 que les taux provincial et national de 13 \u00e0 14 donneurs par tranche\u00a0 d&rsquo;un million de population.<\/p>\n<p>Saviez-vous que le fait de signer une carte de donneur \u2014 comme celle que vous avez peut-\u00eatre dans votre portefeuille \u2014 ne signifie par que votre consentement est enregistr\u00e9? <strong>Apprenez-en davantage et enregistrez votre consentement \u00e0\u00a0 <\/strong><a href=\"https:\/\/soyezundonneur.ca\/toh-lho\" target=\"_parent\" rel=\"noopener noreferrer\">https:\/\/soyezundonneur.ca\/toh-lho<\/a><\/p>\n","protected":false},"excerpt":{"rendered":"<p>Le programme de dons d&rsquo;organes et de tissus de L&rsquo;H\u00f4pital d&rsquo;Ottawa est l&rsquo;un des programmes\u00a0 de distribution le plus avanc\u00e9 au Canada. Depuis 1992, l&rsquo;\u00e9tablissement de la relation avec\u00a0le donneur est en effet un domaine unique dans le cadre des soins critiques. C&rsquo;est le premier centre de r\u00e9f\u00e9rence pour tous les donneurs adultes dans la [&hellip;]<\/p>\n","protected":false},"author":25,"featured_media":0,"parent":7866,"menu_order":21,"comment_status":"closed","ping_status":"closed","template":"","meta":{"_acf_changed":false,"_mc_calendar":[],"footnotes":""},"class_list":["post-13347","page","type-page","status-publish","hentry"],"acf":[],"wps_subtitle":"","_links":{"self":[{"href":"https:\/\/www.ottawahospital.on.ca\/fr\/wp-json\/wp\/v2\/pages\/13347","targetHints":{"allow":["GET"]}}],"collection":[{"href":"https:\/\/www.ottawahospital.on.ca\/fr\/wp-json\/wp\/v2\/pages"}],"about":[{"href":"https:\/\/www.ottawahospital.on.ca\/fr\/wp-json\/wp\/v2\/types\/page"}],"author":[{"embeddable":true,"href":"https:\/\/www.ottawahospital.on.ca\/fr\/wp-json\/wp\/v2\/users\/25"}],"replies":[{"embeddable":true,"href":"https:\/\/www.ottawahospital.on.ca\/fr\/wp-json\/wp\/v2\/comments?post=13347"}],"version-history":[{"count":0,"href":"https:\/\/www.ottawahospital.on.ca\/fr\/wp-json\/wp\/v2\/pages\/13347\/revisions"}],"up":[{"embeddable":true,"href":"https:\/\/www.ottawahospital.on.ca\/fr\/wp-json\/wp\/v2\/pages\/7866"}],"wp:attachment":[{"href":"https:\/\/www.ottawahospital.on.ca\/fr\/wp-json\/wp\/v2\/media?parent=13347"}],"curies":[{"name":"wp","href":"https:\/\/api.w.org\/{rel}","templated":true}]}}