{"id":13340,"date":"2016-12-05T14:48:40","date_gmt":"2016-12-05T19:48:40","guid":{"rendered":"http:\/\/52.229.122.34\/fr\/?page_id=13340"},"modified":"2021-02-08T16:12:40","modified_gmt":"2021-02-08T21:12:40","slug":"sante-et-securite-au-travail-et-mesures-durgence","status":"publish","type":"page","link":"https:\/\/www.ottawahospital.on.ca\/fr\/services-cliniques\/deptpgrmcs\/programmes\/sante-et-securite-au-travail-et-mesures-durgence\/","title":{"rendered":"Sant\u00e9 et S\u00e9curit\u00e9 au travail et Mesures d&rsquo;urgence"},"content":{"rendered":"<h2>Le bien-\u00eatre de notre personnel<\/h2>\n<p>L&rsquo;H\u00f4pital d&rsquo;Ottawa s&rsquo;engage \u00e0 veiller au bien-\u00eatre de ses professionnels de la sant\u00e9, de son personnel de soutien, de ses \u00e9tudiants et de ses b\u00e9n\u00e9voles. Nous sommes d\u00e9termin\u00e9s \u00e0 fournir \u00e0 nos employ\u00e9s un milieu de travail s\u00e9curitaire dans lequel ils peuvent mieux servir nos patients et notre collectivit\u00e9.<\/p>\n<ul>\n<li><a href=\"https:\/\/www.ottawahospital.on.ca\/wp-content\/uploads\/2018\/01\/\u00c9NONC\u00c9-DE-POLITIQUE-EN-SANT\u00c9-ET-S\u00c9CURIT\u00c9-AU-TRAVAIL-.pdf\" target=\"_blank\" rel=\"noopener noreferrer\">\u00c9nonc\u00e9 de politique en sant\u00e9 et s\u00e9curit\u00e9 au travail<\/a><\/li>\n<\/ul>\n<h2>Programmes et services<\/h2>\n<p>La D\u00e9claration du praticien traitant est le formulaire de L&rsquo;HO qu&rsquo;un employ\u00e9 doit faire remplir par un professionnel de la sant\u00e9 afin de justifier une absence pour cause m\u00e9dicale.<\/p>\n<ul>\n<li><a href=\"\/fr\/documents\/2019\/06\/declaration-du-praticien-traitant.pdf\/\" target=\"_blank\" rel=\"noopener noreferrer\">D\u00e9claration du praticien traitant<\/a><\/li>\n<li><a href=\"\/fr\/documents\/2019\/07\/asp-exclusion-form-fr.pdf\/\" target=\"_blank\" rel=\"noopener noreferrer\">Programme de soutien des pr\u00e9sences \u2013 Formulaire d\u2019exclusion<\/a><\/li>\n<li><a href=\"\/fr\/documents\/2019\/07\/coc-application-form-fr.pdf\/\" target=\"_blank\" rel=\"noopener noreferrer\">Trouble chronique \u2013 Formulaire d\u2019exclusion<\/a><\/li>\n<\/ul>\n<h2>Certificat du programme Groupes de s\u00e9curit\u00e9<\/h2>\n<p>Le programme Groupes de s\u00e9curit\u00e9 est un programme incitatif de la Commission de la s\u00e9curit\u00e9 professionnelle et de l\u2019assurance contre les accidents du travail (CSPAAT) visant \u00e0 reconna\u00eetre les organismes qui int\u00e8grent la pr\u00e9vention des blessures dans leur syst\u00e8me de gestion. Depuis 2003, L\u2019H\u00f4pital d\u2019Ottawa participe annuellement au groupe de s\u00e9curit\u00e9 parrain\u00e9 par l\u2019Association des h\u00f4pitaux de l\u2019Ontario. Pour r\u00e9ussir le programme, l\u2019organisme doit cr\u00e9er et mettre en \u0153uvre un plan d\u2019action visant certains \u00e9l\u00e9ments de sant\u00e9 et s\u00e9curit\u00e9 du programme, dont une v\u00e9rification du syst\u00e8me de gestion de la sant\u00e9 et de la s\u00e9curit\u00e9 au travail (SGSST), tout en assistant au long de l\u2019ann\u00e9e \u00e0 des ateliers et \u00e0 des rencontres du parrain du groupe de s\u00e9curit\u00e9 avec des d\u00e9l\u00e9gu\u00e9s d\u2019autres organismes du milieu de la sant\u00e9 appartenant \u00e0 ce groupe.<\/p>\n<ul>\n<li>Certificat du programme Groupes de s\u00e9curit\u00e9 (en anglais seulement)<\/li>\n<\/ul>\n","protected":false},"excerpt":{"rendered":"<p>Le bien-\u00eatre de notre personnel L&rsquo;H\u00f4pital d&rsquo;Ottawa s&rsquo;engage \u00e0 veiller au bien-\u00eatre de ses professionnels de la sant\u00e9, de son personnel de soutien, de ses \u00e9tudiants et de ses b\u00e9n\u00e9voles. Nous sommes d\u00e9termin\u00e9s \u00e0 fournir \u00e0 nos employ\u00e9s un milieu de travail s\u00e9curitaire dans lequel ils peuvent mieux servir nos patients et notre collectivit\u00e9. \u00c9nonc\u00e9 [&hellip;]<\/p>\n","protected":false},"author":25,"featured_media":0,"parent":7866,"menu_order":20,"comment_status":"closed","ping_status":"closed","template":"","meta":{"_acf_changed":false,"_mc_calendar":[],"footnotes":""},"class_list":["post-13340","page","type-page","status-publish","hentry"],"acf":[],"wps_subtitle":"","_links":{"self":[{"href":"https:\/\/www.ottawahospital.on.ca\/fr\/wp-json\/wp\/v2\/pages\/13340","targetHints":{"allow":["GET"]}}],"collection":[{"href":"https:\/\/www.ottawahospital.on.ca\/fr\/wp-json\/wp\/v2\/pages"}],"about":[{"href":"https:\/\/www.ottawahospital.on.ca\/fr\/wp-json\/wp\/v2\/types\/page"}],"author":[{"embeddable":true,"href":"https:\/\/www.ottawahospital.on.ca\/fr\/wp-json\/wp\/v2\/users\/25"}],"replies":[{"embeddable":true,"href":"https:\/\/www.ottawahospital.on.ca\/fr\/wp-json\/wp\/v2\/comments?post=13340"}],"version-history":[{"count":0,"href":"https:\/\/www.ottawahospital.on.ca\/fr\/wp-json\/wp\/v2\/pages\/13340\/revisions"}],"up":[{"embeddable":true,"href":"https:\/\/www.ottawahospital.on.ca\/fr\/wp-json\/wp\/v2\/pages\/7866"}],"wp:attachment":[{"href":"https:\/\/www.ottawahospital.on.ca\/fr\/wp-json\/wp\/v2\/media?parent=13340"}],"curies":[{"name":"wp","href":"https:\/\/api.w.org\/{rel}","templated":true}]}}