{"id":13331,"date":"2016-12-05T14:41:29","date_gmt":"2016-12-05T19:41:29","guid":{"rendered":"http:\/\/52.229.122.34\/fr\/?page_id=13331"},"modified":"2025-09-03T11:33:32","modified_gmt":"2025-09-03T15:33:32","slug":"reseau-de-formation-et-de-sensibilisation-en-neurochirurgie-pour-les-fournisseurs-de-soins","status":"publish","type":"page","link":"https:\/\/www.ottawahospital.on.ca\/fr\/services-cliniques\/deptpgrmcs\/programmes\/reseau-de-formation-et-de-sensibilisation-en-neurochirurgie-pour-les-fournisseurs-de-soins\/","title":{"rendered":"R\u00e9seau de formation et de sensibilisation en neurochirurgie &#8211; pour les fournisseurs de soins"},"content":{"rendered":"\n<h2 class=\"wp-block-heading\">Vue d&rsquo;ensemble<\/h2>\n\n\n\n<p>L\u2019H\u00f4pital d\u2019Ottawa est membre du R\u00e9seau de formation et de sensibilisation en neurochirurgie, qui est dirig\u00e9 par les Services ontariens des soins aux malades en phase critique. Le r\u00e9seau a \u00e9t\u00e9 cr\u00e9\u00e9 afin de soutenir la gestion et la prestation des soins aux patients en neurochirurgie et d\u2019am\u00e9liorer les comp\u00e9tences neurochirurgicales des infirmi\u00e8res qui s\u2019occupent de ces patients dans les h\u00f4pitaux non sp\u00e9cialis\u00e9s en neurochirurgie.<\/p>\n\n\n\n<p>Le r\u00e9seau offre du soutien, de la formation et des ressources \u00e9ducatives en soins infirmiers neurochirurgicaux aux h\u00f4pitaux ontariens, y compris \u00e0 ceux du R\u00e9seau local d\u2019int\u00e9gration des services de sant\u00e9 (RLISS) de Champlain. Il est compos\u00e9 d\u2019infirmi\u00e8res enseignantes, d\u2019infirmi\u00e8res cliniciennes sp\u00e9cialis\u00e9es en sensibilisation et d\u2019administrateurs d\u2019h\u00f4pitaux ontariens sp\u00e9cialis\u00e9s en neurochirurgie. Ceux-ci sont responsables de favoriser un acc\u00e8s \u00e9quitable en temps opportun aux soins neurochirurgicaux et d\u2019aider \u00e0 en maintenir la capacit\u00e9 provinciale (mandat du r\u00e9seau, 2015).<\/p>\n\n\n\n<p>L\u2019H\u00f4pital d\u2019Ottawa s\u2019est dot\u00e9 d\u2019une infirmi\u00e8re enseignante en neurochirurgie et d\u2019une infirmi\u00e8re clinicienne sp\u00e9cialis\u00e9e (sensibilisation en neurochirurgie) pour offrir du soutien aux h\u00f4pitaux non sp\u00e9cialis\u00e9s en neurochirurgie du RLISS de Champlain. Ces deux infirmi\u00e8res aident notamment les h\u00f4pitaux \u00e0 \u00e9valuer et \u00e0 renforcer les comp\u00e9tences de leurs propres infirmi\u00e8res en soins neurochirurgicaux, \u00e0 r\u00e9aliser des rapatriements et \u00e0 \u00e9tablir des protocoles et des pratiques de soins neurochirurgicaux, en plus d\u2019offrir leur expertise en en la mati\u00e8re.<\/p>\n\n\n\n<p>Voici les repr\u00e9sentantes du r\u00e9seau \u00e0 L\u2019H\u00f4pital d\u2019Ottawa&nbsp;:<\/p>\n\n\n\n<p><strong>Dianna Hughes<\/strong>, infirmi\u00e8re clinicienne sp\u00e9cialis\u00e9e, sensibilisation en neurochirurgie<br><strong>Raizha Gramcko<\/strong>, infirmi\u00e8re enseignante en neurochirurgie.<\/p>\n\n\n\n<h2 class=\"wp-block-heading\">Ressources du R\u00e9seau<\/h2>\n\n\n\n<h3 class=\"wp-block-heading\">SMPCO et Criticall<\/h3>\n\n\n\n<ul class=\"wp-block-list\">\n<li><a href=\"https:\/\/criticalcareontario.ca\/fr\/\" target=\"_blank\" rel=\"noreferrer noopener\">Soins aux malades en phase critique Ontario<\/a><\/li>\n\n\n\n<li><a href=\"https:\/\/criticalcareontario.ca\/fr\/solutions\/neurochirurgie\/\">SMPCO Neurochirurgie<\/a><\/li>\n\n\n\n<li><a href=\"https:\/\/criticalcareontario.ca\/wp-content\/uploads\/2020\/10\/CCSO-Webinar-Cranial-Cases-Nov-26-2015.pdf\">Emergency Management and Transfer of Cranial Cases<\/a> (en anglais seulement)<\/li>\n\n\n\n<li><a href=\"https:\/\/criticalcareontario.ca\/wp-content\/uploads\/2020\/10\/CCSO-Webinar-Spine-Cases-Dec-14-2015.pdf\">Emergency Management and Transfer of Spinal Cases<\/a> (en anglais seulement)<\/li>\n\n\n\n<li><a href=\"https:\/\/www.criticall.org\/fr\/\">Criticall Ontario\u200b<\/a><\/li>\n<\/ul>\n\n\n\n<h3 class=\"wp-block-heading\">Lignes directrices de SMPCO sur la neurochirurgie<\/h3>\n\n\n\n<ul class=\"wp-block-list\">\n<li><a href=\"https:\/\/admin.criticall.org\/Criticall\/media\/Resources\/Covers\/Revised-Neurosurgery-Consultation-Referral-Guidelines_English2023.pdf\">Neurosurgery Consultation Referral Guidelines<\/a> (en anglais seulement)<\/li>\n\n\n\n<li><a href=\"https:\/\/criticalcareontario.ca\/wp-content\/uploads\/2020\/10\/BNO-Adult-Guidelines-Revised-FINAL-20190507.pdf\">Guidelines for Basic Adult Neurological Observation<\/a> (en anglais seulement)<\/li>\n\n\n\n<li><a href=\"https:\/\/criticalcareontario.ca\/wp-content\/uploads\/2020\/10\/Guidelines-for-Basic-Paediatric-Neurological-Observation-Revised-Feb-2017.pdf\">Guidelines for Pediatric Neurological Observation<\/a> (en anglais seulement)<\/li>\n\n\n\n<li><a href=\"https:\/\/criticalcareontario.ca\/wp-content\/uploads\/2020\/11\/Guidelines-for-Adult-Spinal-Cord-Assessment-May-2016.pdf\">Guidelines for Adult Spinal Cord Assessment<\/a> (en anglais seulement)<\/li>\n<\/ul>\n\n\n\n<h3 class=\"wp-block-heading\">Ressources de formation<\/h3>\n\n\n\n<p><strong>Vid\u00e9o sur l\u2019\u00e9chelle de Glasgow&nbsp;:<\/strong><\/p>\n\n\n\n<ul class=\"wp-block-list\">\n<li><a href=\"https:\/\/www.glasgowcomascale.org\/#video\">Glasgow Coma Scale<\/a> (en anglais seulement)<\/li>\n\n\n\n<li><a href=\"https:\/\/criticalcareontario.ca\/wp-content\/uploads\/2020\/10\/BNO-Adult-Guidelines-Revised-FINAL-20190507.pdf\">Guidelines for Basic Adult Neurological Observation E-Learning Module<\/a> (en anglais seulement)<\/li>\n\n\n\n<li><a href=\"https:\/\/criticalcareontario.ca\/wp-content\/uploads\/2020\/10\/Subdural-Hematoma-Handout.pdf\">Subdural Hematoma<\/a> (en anglais seulement)<\/li>\n\n\n\n<li><a href=\"https:\/\/criticalcareontario.ca\/wp-content\/uploads\/2020\/10\/Complications-Following-a-Craniotomy-Webinar-presented-Sept-6th-2019.pdf\">Post op Complications Following a Craniotomy<\/a> (en anglais seulement)<\/li>\n\n\n\n<li><a href=\"https:\/\/criticalcareontario.ca\/wp-content\/uploads\/2020\/10\/Craniectomy-Webinar-Slide-deck-Dec-2017.pdf\">Care of Patient post Craniectomy (No Bone Flap) Guide<\/a> (en anglais seulement)<\/li>\n\n\n\n<li><a href=\"https:\/\/criticalcareontario.ca\/resources\/intracranial-pressure-icp-causes-considerations-and-management-3\/\">Intracranial Pressure (ICP) \u2013 Causes, Concerns and Management Guide<\/a> (en anglais seulement)<\/li>\n\n\n\n<li><a href=\"https:\/\/criticalcareontario.ca\/resources\/%e2%80%8bspinal-orthoses\/\">Spinal Orthoses<\/a> (en anglais seulement)<\/li>\n\n\n\n<li><a href=\"https:\/\/criticalcareontario.ca\/wp-content\/uploads\/2020\/10\/Care-and-Management-of-a-Patient-with-a-Halo-System.pdf\">Nursing Care and Management of a Patient with a Halo Device<\/a> (en anglais seulement)<\/li>\n\n\n\n<li><a href=\"https:\/\/criticalcareontario.ca\/wp-content\/uploads\/2025\/01\/NEON-Cervical-Collar-Care-and-Management-1.pdf\">Care of Cervical Orthosis Devices and Collar Care<\/a> (en anglais seulement)<\/li>\n\n\n\n<li><a href=\"https:\/\/criticalcareontario.ca\/wp-content\/uploads\/2021\/10\/SUBARACHNOID-HEMORRHAGE_FINAL.pdf\">Subarachnoid hemorrhage<\/a> (en anglais seulement)<\/li>\n<\/ul>\n\n\n\n<p><strong>S\u00e9rie de vid\u00e9os sur le collet cervical Aspen Vista\u00a0:<\/strong> <strong>(en anglais seulement)<\/strong>\u00a0<\/p>\n\n\n\n<ul class=\"wp-block-list\">\n<li><a href=\"https:\/\/vimeo.com\/488582128\/f382b45615\">Introduction<\/a><\/li>\n\n\n\n<li><a href=\"https:\/\/vimeo.com\/488582168\/b4fd6e9aec\">Partie\u00a01 \u2013 Review of the Parts and Features<\/a><\/li>\n\n\n\n<li><a href=\"https:\/\/vimeo.com\/488582367\/569444f2f5\">Partie\u00a02 \u2013 Indications and Positioning<\/a><\/li>\n\n\n\n<li><a href=\"https:\/\/vimeo.com\/488582460\/d99af646cb\">Partie\u00a03 \u2013 Best Practice \u2013 Care and Management of a Cervical Collar<\/a><\/li>\n\n\n\n<li><a href=\"https:\/\/vimeo.com\/488582559\/171b640ae0\">Partie\u00a04 \u2013 Application and Removal of a Cervical Collar in Supine Position<\/a><\/li>\n\n\n\n<li><a href=\"https:\/\/vimeo.com\/488581867\/2ba2ed4635\">Partie\u00a05 \u2013 Application and removal of a Cervical Collar in Sitting Position (Hospital Bed)<\/a><\/li>\n\n\n\n<li><a href=\"https:\/\/vimeo.com\/488581996\/3cd9aaa95d\">Partie\u00a06 \u2013 Application and removal of a Cervical Collar in Sitting Position (In Chair)<\/a><\/li>\n<\/ul>\n\n\n\n<h3 class=\"wp-block-heading\">Neuror\u00e9seau<\/h3>\n\n\n\n<ul class=\"wp-block-list\">\n<li><a href=\"https:\/\/criticalcareontario.ca\/wp-content\/uploads\/2020\/10\/Newsletter-Spring-2020-draft-Final-PDF.pdf\">Printemps\u00a02020, volume\u00a04, num\u00e9ro\u00a01<\/a> (en anglais seulement)<\/li>\n\n\n\n<li><a href=\"https:\/\/criticalcareontario.ca\/wp-content\/uploads\/2020\/10\/Newsletter-Winter-2019.pdf\">Hiver\u00a02019, volume\u00a03, num\u00e9ro\u00a03<\/a> (en anglais seulement)<\/li>\n\n\n\n<li><a href=\"https:\/\/criticalcareontario.ca\/wp-content\/uploads\/2020\/10\/Outreacher-newsletter-summer-2019-FINAL.pdf\">\u00c9t\u00e9\u00a02019, volume\u00a03, num\u00e9ro\u00a02<\/a> (en anglais seulement)<\/li>\n<\/ul>\n\n\n\n<h2 class=\"wp-block-heading\">Liens connexes<\/h2>\n\n\n\n<ul class=\"wp-block-list\">\n<li><a href=\"https:\/\/www.braintumour.ca\/fr\/\" target=\"_blank\" rel=\"noopener noreferrer\">Fondation canadienne des tumeurs c\u00e9r\u00e9brales<\/a><\/li>\n\n\n\n<li><a href=\"https:\/\/sciontario.org\/\" target=\"_blank\" rel=\"noopener noreferrer\">L\u00e9sions m\u00e9dullaires Ontario<\/a><\/li>\n\n\n\n<li><a href=\"https:\/\/www.criticall.org\/?culture=fr-CA\" target=\"_blank\" rel=\"noopener noreferrer\">CritiCall<\/a><\/li>\n\n\n\n<li><a href=\"https:\/\/criticalcareontario.ca\/fr\/\" target=\"_blank\" rel=\"noopener\">Services ontariens des soins aux malades en phase critique<\/a><\/li>\n\n\n\n<li><a href=\"https:\/\/www.cann.ca\/\" target=\"_blank\" rel=\"noopener noreferrer\">Association canadienne des infirmi\u00e8res et infirmiers en neurosciences<\/a><\/li>\n<\/ul>\n\n\n\n<h2 class=\"wp-block-heading\">Coordonn\u00e9es<\/h2>\n\n\n\n<p><strong>L\u2019H\u00f4pital d\u2019Ottawa<\/strong><\/p>\n\n\n\n<p>Programme de sensibilisation en neurochirurgie<br>1053, avenue Carling, pi\u00e8ce D732<br>Ottawa, Ontario &nbsp;K1Y 4E9<\/p>\n\n\n\n<p>T\u00e9l\u00e9phone&nbsp;: <strong>613-798-5555, poste 10934<\/strong><br>Courriel&nbsp;: <a href=\"mailto:dhughes@lho.ca\">dhughes@lho.ca<\/a><\/p>\n","protected":false},"excerpt":{"rendered":"<p>Vue d&rsquo;ensemble L\u2019H\u00f4pital d\u2019Ottawa est membre du R\u00e9seau de formation et de sensibilisation en neurochirurgie, qui est dirig\u00e9 par les Services ontariens des soins aux malades en phase critique. Le r\u00e9seau a \u00e9t\u00e9 cr\u00e9\u00e9 afin de soutenir la gestion et la prestation des soins aux patients en neurochirurgie et d\u2019am\u00e9liorer les comp\u00e9tences neurochirurgicales des infirmi\u00e8res [&hellip;]<\/p>\n","protected":false},"author":25,"featured_media":0,"parent":7866,"menu_order":19,"comment_status":"closed","ping_status":"closed","template":"","meta":{"_acf_changed":false,"_mc_calendar":[],"footnotes":""},"class_list":["post-13331","page","type-page","status-publish","hentry"],"acf":[],"wps_subtitle":"","_links":{"self":[{"href":"https:\/\/www.ottawahospital.on.ca\/fr\/wp-json\/wp\/v2\/pages\/13331","targetHints":{"allow":["GET"]}}],"collection":[{"href":"https:\/\/www.ottawahospital.on.ca\/fr\/wp-json\/wp\/v2\/pages"}],"about":[{"href":"https:\/\/www.ottawahospital.on.ca\/fr\/wp-json\/wp\/v2\/types\/page"}],"author":[{"embeddable":true,"href":"https:\/\/www.ottawahospital.on.ca\/fr\/wp-json\/wp\/v2\/users\/25"}],"replies":[{"embeddable":true,"href":"https:\/\/www.ottawahospital.on.ca\/fr\/wp-json\/wp\/v2\/comments?post=13331"}],"version-history":[{"count":0,"href":"https:\/\/www.ottawahospital.on.ca\/fr\/wp-json\/wp\/v2\/pages\/13331\/revisions"}],"up":[{"embeddable":true,"href":"https:\/\/www.ottawahospital.on.ca\/fr\/wp-json\/wp\/v2\/pages\/7866"}],"wp:attachment":[{"href":"https:\/\/www.ottawahospital.on.ca\/fr\/wp-json\/wp\/v2\/media?parent=13331"}],"curies":[{"name":"wp","href":"https:\/\/api.w.org\/{rel}","templated":true}]}}