{"id":13320,"date":"2016-12-05T14:27:50","date_gmt":"2016-12-05T19:27:50","guid":{"rendered":"http:\/\/52.229.122.34\/fr\/?page_id=13320"},"modified":"2020-12-21T14:42:36","modified_gmt":"2020-12-21T19:42:36","slug":"laire-dobservation-neurosciences","status":"publish","type":"page","link":"https:\/\/www.ottawahospital.on.ca\/fr\/services-cliniques\/deptpgrmcs\/programmes\/laire-dobservation-neurosciences\/","title":{"rendered":"L\u2019Aire d\u2019observation \u2013 Neurosciences"},"content":{"rendered":"<h2>Vue d&rsquo;ensemble<\/h2>\n<p>L\u2019Aire d\u2019observation \u2013 Neurosciences est une unit\u00e9 de soins de 12\u00a0lits. On y accueille les patients qui ont des probl\u00e8mes neurologiques et n\u00e9cessitent une surveillance plus intensive que celle disponible dans les autres unit\u00e9s de neurosciences.<\/p>\n<p><strong>Heures de visite\u00a0:<\/strong> Les patients dans cette unit\u00e9 peuvent vivre des moments stressants. Les visites de leurs proches sont donc importantes pour favoriser leur bien-\u00eatre. Il est toutefois aussi essentiel qu\u2019ils puissent se reposer pour gu\u00e9rir, en particulier ceux qui ont subi une blessure au cerveau. Nous vous demandons donc de respecter les heures de visite. Pour prot\u00e9ger la vie priv\u00e9e des patients, nous vous demandons aussi de ne pas venir pendant un changement de quarts de travail et en dehors des heures de visite.<\/p>\n<p>Vous \u00eates les bienvenus entre\u00a0:<\/p>\n<p>10\u00a0h et 13\u00a0h\u00a030<br \/>\n15\u00a0h et 18\u00a0h<br \/>\n20\u00a0h et 21\u00a0h\u00a030<\/p>\n<p>En respectant ces heures, vous aidez les infirmi\u00e8res et les m\u00e9decins \u00e0 r\u00e9pondre aux besoins des patients t\u00f4t le matin, \u00e0 faire une bonne \u00e9valuation de leur \u00e9tat et \u00e0 leur donner des soins. Nous autorisons seulement deux visiteurs \u00e0 la fois au chevet d\u2019un patient. Les autres peuvent patienter dans la salle d\u2019attente. Soyez bref pour laisser la place \u00e0 ceux qui attendent. Nous vous demandons de ne pas attendre \u00e0 l\u2019ext\u00e9rieur de la chambre d\u2019un patient.<\/p>\n<p><strong>Visite d\u2019un enfant :<\/strong> Ce n\u2019est pas toujours une bonne id\u00e9e d\u2019amener un enfant \u00e0 l\u2019h\u00f4pital, car le milieu peut facilement l\u2019effrayer. Discutez-en d\u2019abord avec une infirmi\u00e8re. Notre personnel fait son possible pour garder l\u2019unit\u00e9 propre, mais les enfants courent plus de risques d\u2019\u00eatre infect\u00e9s par les bact\u00e9ries qui se trouvent souvent dans un h\u00f4pital<\/p>\n<p><strong>Fleurs, ballons et produits\u00a0parfum\u00e9s :<\/strong> Nous n\u2019autorisons pas les gens \u00e0 apporter des fleurs ou des ballons, ni \u00e0 porter de la poudre pour b\u00e9b\u00e9 ou des produits parfum\u00e9s dans notre unit\u00e9 parce que des employ\u00e9s et des patients peuvent y \u00eatre allergiques. Nous pourrons demander aux visiteurs qui portent du parfum de quitter.<\/p>\n<p><strong>Personne-ressource\u00a0: <\/strong>Notre objectif est de donner les meilleurs soins \u00e0 nos patients. Les appels t\u00e9l\u00e9phoniques nombreux au cours d\u2019une journ\u00e9e peuvent nous emp\u00eacher d\u2019atteindre cet objectif. C\u2019est pourquoi nous vous demandons de d\u00e9signer un membre de la famille comme personne-ressource. Nous nous assurerons alors de tenir cette personne bien inform\u00e9e de l\u2019\u00e9tat de sant\u00e9 du patient, de fa\u00e7on \u00e0 ce qu\u2019elle puisse ensuite informer tous les proches (qui n\u2019auront donc pas \u00e0 appeler \u00e0 l\u2019h\u00f4pital).<\/p>\n<p><strong>T\u00e9l\u00e9phone du patient\u00a0: <\/strong>Si vous appelez \u00e0 l\u2019Aire d\u2019observation, nous pourrons brancher le t\u00e9l\u00e9phone au chevet du membre de votre famille et ainsi lui transf\u00e9rer votre appel.<\/p>\n<h2>Pour nous joindre<\/h2>\n<p>Num\u00e9ro : 613-798-5555, poste 15491<\/p>\n","protected":false},"excerpt":{"rendered":"<p>Vue d&rsquo;ensemble L\u2019Aire d\u2019observation \u2013 Neurosciences est une unit\u00e9 de soins de 12\u00a0lits. On y accueille les patients qui ont des probl\u00e8mes neurologiques et n\u00e9cessitent une surveillance plus intensive que celle disponible dans les autres unit\u00e9s de neurosciences. Heures de visite\u00a0: Les patients dans cette unit\u00e9 peuvent vivre des moments stressants. Les visites de leurs [&hellip;]<\/p>\n","protected":false},"author":25,"featured_media":0,"parent":7866,"menu_order":17,"comment_status":"closed","ping_status":"closed","template":"","meta":{"_acf_changed":false,"_mc_calendar":[],"footnotes":""},"class_list":["post-13320","page","type-page","status-publish","hentry"],"acf":[],"wps_subtitle":"","_links":{"self":[{"href":"https:\/\/www.ottawahospital.on.ca\/fr\/wp-json\/wp\/v2\/pages\/13320","targetHints":{"allow":["GET"]}}],"collection":[{"href":"https:\/\/www.ottawahospital.on.ca\/fr\/wp-json\/wp\/v2\/pages"}],"about":[{"href":"https:\/\/www.ottawahospital.on.ca\/fr\/wp-json\/wp\/v2\/types\/page"}],"author":[{"embeddable":true,"href":"https:\/\/www.ottawahospital.on.ca\/fr\/wp-json\/wp\/v2\/users\/25"}],"replies":[{"embeddable":true,"href":"https:\/\/www.ottawahospital.on.ca\/fr\/wp-json\/wp\/v2\/comments?post=13320"}],"version-history":[{"count":0,"href":"https:\/\/www.ottawahospital.on.ca\/fr\/wp-json\/wp\/v2\/pages\/13320\/revisions"}],"up":[{"embeddable":true,"href":"https:\/\/www.ottawahospital.on.ca\/fr\/wp-json\/wp\/v2\/pages\/7866"}],"wp:attachment":[{"href":"https:\/\/www.ottawahospital.on.ca\/fr\/wp-json\/wp\/v2\/media?parent=13320"}],"curies":[{"name":"wp","href":"https:\/\/api.w.org\/{rel}","templated":true}]}}