{"id":13293,"date":"2016-12-05T14:01:07","date_gmt":"2016-12-05T19:01:07","guid":{"rendered":"http:\/\/52.229.122.34\/fr\/?page_id=13293"},"modified":"2016-12-06T15:08:00","modified_gmt":"2016-12-06T20:08:00","slug":"notre-equipe","status":"publish","type":"page","link":"https:\/\/www.ottawahospital.on.ca\/fr\/services-cliniques\/deptpgrmcs\/programmes\/dons-de-rein\/notre-equipe\/","title":{"rendered":"Notre \u00e9quipe"},"content":{"rendered":"<p>Directeur m\u00e9dical, Clinique de transplantation r\u00e9nale : D<sup>r<\/sup> Gregory Knoll<br \/>\nDirecteur des interventions chirurgicales : D<sup>r<\/sup> John Mahoney<\/p>\n<h2>L\u2019\u00e9quipe du Programme de dons d\u2019organes de personnes vivantes<\/h2>\n<p><strong>N\u00e9phrologues des donneurs\u00a0<\/strong><br \/>\nD<sup>re<\/sup>\u00a0Ann Bugeja<br \/>\nD<sup>r<\/sup>\u00a0Kevin Burns<\/p>\n<p><strong>Urologues\/chirurgiens<\/strong><br \/>\nD<sup>r<\/sup>\u00a0Brian Blew<br \/>\nD<sup>r<\/sup>\u00a0John Mahoney<br \/>\nD<sup>r<\/sup>\u00a0Jeff Warren<\/p>\n<p><strong>Psychiatres sp\u00e9cialis\u00e9s en don d\u2019organe<\/strong><br \/>\nD<sup>r<\/sup>\u00a0Jean Yves Gosselin<br \/>\nD<sup>r<\/sup>\u00a0Doug Green<\/p>\n<p><strong>Travailleuse sociale sp\u00e9cialis\u00e9e en don d\u2019organe<\/strong><br \/>\nErin Ahearn<\/p>\n<p><strong>Coordonnatrice des dons de rein de personnes vivantes<\/strong><br \/>\nMary Rada, IA<br \/>\nCampus Riverside de L\u2019H\u00f4pital d\u2019Ottawa, 5<sup>e<\/sup>\u00a0\u00e9tage<br \/>\n1967, promenade Riverside<br \/>\nOttawa ON K1H 7W9<br \/>\nT\u00e9l\u00e9phone\u00a0: 613-738-8400, poste\u00a082778<br \/>\nT\u00e9l\u00e9copieur\u00a0: 613-738-8489<\/p>\n<h2>Ressources compl\u00e9mentaires<\/h2>\n<p>Site Web du R\u00e9seau Trillium pour le don de vie\u00a0:<br \/>\n<a href=\"https:\/\/www.giftoflife.on.ca\" target=\"_blank\">www.giftoflife.on.ca<\/a><\/p>\n<p>Site Web de La Fondation canadienne du rein\u00a0:<br \/>\n<a href=\"https:\/\/www.kidney.ca\" target=\"_blank\">www.kidney.ca<\/a><\/p>\n","protected":false},"excerpt":{"rendered":"<p>Directeur m\u00e9dical, Clinique de transplantation r\u00e9nale : Dr Gregory Knoll Directeur des interventions chirurgicales : Dr John Mahoney L\u2019\u00e9quipe du Programme de dons d\u2019organes de personnes vivantes N\u00e9phrologues des donneurs\u00a0 Dre\u00a0Ann Bugeja Dr\u00a0Kevin Burns Urologues\/chirurgiens Dr\u00a0Brian Blew Dr\u00a0John Mahoney Dr\u00a0Jeff Warren Psychiatres sp\u00e9cialis\u00e9s en don d\u2019organe Dr\u00a0Jean Yves Gosselin Dr\u00a0Doug Green Travailleuse sociale sp\u00e9cialis\u00e9e en [&hellip;]<\/p>\n","protected":false},"author":25,"featured_media":0,"parent":12780,"menu_order":10,"comment_status":"closed","ping_status":"closed","template":"","meta":{"_acf_changed":false,"_mc_calendar":[],"footnotes":""},"class_list":["post-13293","page","type-page","status-publish","hentry"],"acf":[],"wps_subtitle":"","_links":{"self":[{"href":"https:\/\/www.ottawahospital.on.ca\/fr\/wp-json\/wp\/v2\/pages\/13293","targetHints":{"allow":["GET"]}}],"collection":[{"href":"https:\/\/www.ottawahospital.on.ca\/fr\/wp-json\/wp\/v2\/pages"}],"about":[{"href":"https:\/\/www.ottawahospital.on.ca\/fr\/wp-json\/wp\/v2\/types\/page"}],"author":[{"embeddable":true,"href":"https:\/\/www.ottawahospital.on.ca\/fr\/wp-json\/wp\/v2\/users\/25"}],"replies":[{"embeddable":true,"href":"https:\/\/www.ottawahospital.on.ca\/fr\/wp-json\/wp\/v2\/comments?post=13293"}],"version-history":[{"count":0,"href":"https:\/\/www.ottawahospital.on.ca\/fr\/wp-json\/wp\/v2\/pages\/13293\/revisions"}],"up":[{"embeddable":true,"href":"https:\/\/www.ottawahospital.on.ca\/fr\/wp-json\/wp\/v2\/pages\/12780"}],"wp:attachment":[{"href":"https:\/\/www.ottawahospital.on.ca\/fr\/wp-json\/wp\/v2\/media?parent=13293"}],"curies":[{"name":"wp","href":"https:\/\/api.w.org\/{rel}","templated":true}]}}