{"id":13287,"date":"2016-12-05T13:58:49","date_gmt":"2016-12-05T18:58:49","guid":{"rendered":"http:\/\/52.229.122.34\/fr\/?page_id=13287"},"modified":"2016-12-05T13:59:18","modified_gmt":"2016-12-05T18:59:18","slug":"foire-aux-questions","status":"publish","type":"page","link":"https:\/\/www.ottawahospital.on.ca\/fr\/services-cliniques\/deptpgrmcs\/programmes\/dons-de-rein\/foire-aux-questions\/","title":{"rendered":"Foire aux questions"},"content":{"rendered":"<h2>Foire aux questions<\/h2>\n<p><strong>Qui peut subir une n\u00e9phrectomie par laparoscopie?<\/strong><br \/>\nPlus de\u00a090\u00a0% des donneurs peuvent subir une n\u00e9phrectomie par laparoscopie. Cette op\u00e9ration se pratique dans la plupart des centres de transplantation. Elle sera expliqu\u00e9e au donneur au cours du processus d\u2019\u00e9valuation. Le donneur doit savoir que, pendant l\u2019op\u00e9ration, il existe une faible possibilit\u00e9 que le chirurgien doive pratiquer une n\u00e9phrectomie ouverte plut\u00f4t qu\u2019une op\u00e9ration par laparoscopie afin de pouvoir retirer le rein en toute s\u00e9curit\u00e9.<\/p>\n<p><strong>Pourquoi pr\u00e9l\u00e8ve-t-ton g\u00e9n\u00e9ralement le rein gauche?<\/strong><br \/>\nPour les deux types de n\u00e9phrectomie, c\u2019est g\u00e9n\u00e9ralement le rein gauche que l\u2019on choisit. En g\u00e9n\u00e9ral, ses vaisseaux sanguins sont plus longs, et il est plus facile d\u2019acc\u00e8s. Le rein droit se trouve parfois obstru\u00e9 par le foie, ce qui le rend difficile \u00e0 pr\u00e9lever. Dans certains cas, si c\u2019est \u00e0 l\u2019avantage du donneur et du receveur, l\u2019\u00e9quipe chirurgicale peut d\u00e9cider de pr\u00e9lever le rein droit pour la transplantation.<\/p>\n<p><strong>Les reins non fonctionnels du receveur sont\u2011ils retir\u00e9s?<\/strong><br \/>\nNon, \u00e0 moins que cela ne soit n\u00e9cessaire pour assurer la sant\u00e9 du receveur. Il n\u2019est pas facile d\u2019atteindre les reins non fonctionnels. Cela n\u00e9cessite g\u00e9n\u00e9ralement une op\u00e9ration plus longue ou, parfois, une autre op\u00e9ration pour le receveur. Le nouveau rein est plac\u00e9 dans le bas du ventre, sur le c\u00f4t\u00e9.<\/p>\n<p><strong>Combien de temps l\u2019\u00e9valuation dure-t-elle?<\/strong><br \/>\nLa dur\u00e9e de l\u2019\u00e9valuation est variable. Elle d\u00e9pend de votre disponibilit\u00e9, de votre m\u00e9decin de famille et de la n\u00e9cessit\u00e9 de pratiquer d\u2019autres analyses et examens. L\u2019\u00e9valuation dure en moyenne trois \u00e0 six mois.<\/p>\n<p><strong>Que se passe-t-il si je change d\u2019avis?<\/strong><br \/>\nIl se peut que votre niveau d\u2019anxi\u00e9t\u00e9 augmente \u00e0 mesure que vous approchez de la fin de l\u2019\u00e9valuation. C\u2019est normal. Si vous avez des doutes \u00e0 propos du don d\u2019organe, veuillez en faire part \u00e0 la coordonnatrice des dons de rein de personnes vivantes. Nous vous soutiendrons dans votre d\u00e9cision et nous pourrions vous proposer l\u2019aide d\u2019une travailleuse sociale ou des services psychiatriques, au besoin. Si vous d\u00e9cidez de ne pas donner votre rein, nous respecterons votre vie priv\u00e9e en tout temps. L\u2019\u00e9quipe des dons de rein de personnes vivantes dira que vous ne pouvez pas donner de rein pour le moment pour des raisons de sant\u00e9. C\u2019est vous qui d\u00e9ciderez de fournir ou non de plus amples renseignements. Vous pouvez changer d\u2019avis en tout temps, m\u00eame le jour de l\u2019op\u00e9ration.<\/p>\n<p><strong>Que se passe-t-il si je tombe enceinte apr\u00e8s avoir donn\u00e9 un rein?<\/strong><br \/>\nLes femmes en \u00e2ge de procr\u00e9er qui donnent un rein peuvent mener des grossesses \u00e0 terme. Nous vous recommandons d\u2019attendre au moins six mois apr\u00e8s le don de rein avant de devenir enceinte. Si vous pr\u00e9voyez une grossesse apr\u00e8s le don d\u2019organe, parlez-en au n\u00e9phrologue sp\u00e9cialiste en transplantation.<\/p>\n<p><strong>Quand l\u2019op\u00e9ration aura-t-elle lieu?<\/strong><br \/>\nLe moment de l\u2019op\u00e9ration d\u00e9pendra des besoins du receveur. S\u2019il est en dialyse, l\u2019op\u00e9ration pourrait avoir lieu d\u00e8s la fin de l\u2019\u00e9valuation. Si le receveur est suivi \u00e0 la Clinique d\u2019insuffisance r\u00e9nale progressive, le moment de l\u2019op\u00e9ration d\u00e9pendra du degr\u00e9 de fonctionnement du rein. Parfois, la fonction r\u00e9nale peut se d\u00e9t\u00e9riorer rapidement, alors que dans d\u2019autres cas, il peut s\u2019\u00e9couler des mois ou des ann\u00e9es avant que le receveur ait besoin de la transplantation. Nous essaierons de vous avertir le plus t\u00f4t possible de la date de la transplantation.<\/p>\n<div class=\"text-center\" style=\" padding: 10px; background-color: #D6E0EC;\">\n<p><strong>Nous vous remercions de l\u2019int\u00e9r\u00eat que vous portez au don de rein de personnes vivantes. Si vous d\u00e9cidez d\u2019entamer le processus d\u2019\u00e9valuation, informez la coordonnatrice des dons de rein de personnes vivantes. Si nous n\u2019avons pas de vos nouvelles, nous consid\u00e9rerons que vous avez chang\u00e9 d\u2019id\u00e9e.<\/strong><\/p>\n<p><strong>Coordonnatrice des dons de rein de personnes vivantes\u00a0: 613-738-8400, poste\u00a082778<\/strong><\/p>\n<\/div>\n","protected":false},"excerpt":{"rendered":"<p>Foire aux questions Qui peut subir une n\u00e9phrectomie par laparoscopie? Plus de\u00a090\u00a0% des donneurs peuvent subir une n\u00e9phrectomie par laparoscopie. Cette op\u00e9ration se pratique dans la plupart des centres de transplantation. Elle sera expliqu\u00e9e au donneur au cours du processus d\u2019\u00e9valuation. Le donneur doit savoir que, pendant l\u2019op\u00e9ration, il existe une faible possibilit\u00e9 que le [&hellip;]<\/p>\n","protected":false},"author":25,"featured_media":0,"parent":12780,"menu_order":9,"comment_status":"closed","ping_status":"closed","template":"","meta":{"_acf_changed":false,"_mc_calendar":[],"footnotes":""},"class_list":["post-13287","page","type-page","status-publish","hentry"],"acf":[],"wps_subtitle":"","_links":{"self":[{"href":"https:\/\/www.ottawahospital.on.ca\/fr\/wp-json\/wp\/v2\/pages\/13287","targetHints":{"allow":["GET"]}}],"collection":[{"href":"https:\/\/www.ottawahospital.on.ca\/fr\/wp-json\/wp\/v2\/pages"}],"about":[{"href":"https:\/\/www.ottawahospital.on.ca\/fr\/wp-json\/wp\/v2\/types\/page"}],"author":[{"embeddable":true,"href":"https:\/\/www.ottawahospital.on.ca\/fr\/wp-json\/wp\/v2\/users\/25"}],"replies":[{"embeddable":true,"href":"https:\/\/www.ottawahospital.on.ca\/fr\/wp-json\/wp\/v2\/comments?post=13287"}],"version-history":[{"count":0,"href":"https:\/\/www.ottawahospital.on.ca\/fr\/wp-json\/wp\/v2\/pages\/13287\/revisions"}],"up":[{"embeddable":true,"href":"https:\/\/www.ottawahospital.on.ca\/fr\/wp-json\/wp\/v2\/pages\/12780"}],"wp:attachment":[{"href":"https:\/\/www.ottawahospital.on.ca\/fr\/wp-json\/wp\/v2\/media?parent=13287"}],"curies":[{"name":"wp","href":"https:\/\/api.w.org\/{rel}","templated":true}]}}