{"id":13279,"date":"2016-12-05T13:55:58","date_gmt":"2016-12-05T18:55:58","guid":{"rendered":"http:\/\/52.229.122.34\/fr\/?page_id=13279"},"modified":"2017-07-28T15:44:52","modified_gmt":"2017-07-28T19:44:52","slug":"statistiques","status":"publish","type":"page","link":"https:\/\/www.ottawahospital.on.ca\/fr\/services-cliniques\/deptpgrmcs\/programmes\/dons-de-rein\/statistiques\/","title":{"rendered":"Statistiques de dons de rein"},"content":{"rendered":"<p>Le tableau ci-dessous montre le nombre de transplantations de rein provenant de donneurs vivants pratiqu\u00e9es au Canada, en Ontario et \u00e0 Ottawa entre\u00a02002\u00a0et\u00a02009. Il montre \u00e0 quel point le nombre de transplantations d\u2019organes de personnes vivantes a augment\u00e9 au fil des ans.<\/p>\n<div class=\"table-responsive text-center\">\n<table class=\"table\" style=\"width: 643px;\">\n<tbody>\n<tr style=\"background-color: #d6e0ec;\">\n<td style=\"background-color: #d6e0ec;\"><\/td>\n<td style=\"width: 72px;\"><strong>2002<\/strong><\/td>\n<td style=\"width: 72px;\"><strong>2003<\/strong><\/td>\n<td style=\"width: 72px;\"><strong>2004<\/strong><\/td>\n<td style=\"width: 72px;\"><strong>2005<\/strong><\/td>\n<td style=\"width: 72px;\"><strong>2006<\/strong><\/td>\n<td style=\"width: 72px;\"><strong>2007<\/strong><\/td>\n<td style=\"width: 72px;\"><strong>2008<\/strong><\/td>\n<td style=\"width: 59px;\"><strong>2009<\/strong><\/td>\n<\/tr>\n<tr>\n<td style=\"background-color: #d6e0ec;\"><strong>Canada<\/strong><\/td>\n<td style=\"width: 72px;\">399<\/td>\n<td style=\"width: 72px;\">400<\/td>\n<td style=\"width: 72px;\">416<\/td>\n<td style=\"width: 72px;\">440<\/td>\n<td style=\"width: 72px;\">487<\/td>\n<td style=\"width: 72px;\">483<\/td>\n<td style=\"width: 72px;\">478<\/td>\n<td style=\"width: 59px;\">N\/A<\/td>\n<\/tr>\n<tr>\n<td style=\"background-color: #d6e0ec;\"><strong>Ontario<\/strong><\/td>\n<td style=\"width: 72px;\">161<\/td>\n<td style=\"width: 72px;\">162<\/td>\n<td style=\"width: 72px;\">174<\/td>\n<td style=\"width: 72px;\">201<\/td>\n<td style=\"width: 72px;\">222<\/td>\n<td style=\"width: 72px;\">207<\/td>\n<td style=\"width: 72px;\">220<\/td>\n<td style=\"width: 59px;\">231<\/td>\n<\/tr>\n<tr>\n<td style=\"background-color: #d6e0ec;\"><strong>Ottawa<\/strong><\/td>\n<td style=\"width: 72px;\">15<\/td>\n<td style=\"width: 72px;\">22<\/td>\n<td style=\"width: 72px;\">23<\/td>\n<td style=\"width: 72px;\">35<\/td>\n<td style=\"width: 72px;\">40<\/td>\n<td style=\"width: 72px;\">38<\/td>\n<td style=\"width: 72px;\">39<\/td>\n<td style=\"width: 59px;\">40<\/td>\n<\/tr>\n<\/tbody>\n<\/table>\n<\/div>\n<p>&nbsp;<\/p>\n<p>Le tableau ci-dessous pr\u00e9sente le taux de survie du patient et du rein des personnes ayant eu une transplantation entre\u00a02000 et\u00a02006. Le United Network of Organ Sharing (UNOS) r\u00e9glemente les dons d\u2019organes aux \u00c9tats-Unis.<\/p>\n<div class=\"table-responsive text-center\">\n<table class=\"table\" style=\"width: 649px;\">\n<tbody>\n<tr style=\"background-color: #d6e0ec;\">\n<td style=\"width: 162px;\" rowspan=\"2\"><\/td>\n<td style=\"width: 255px;\" colspan=\"2\">\n<p class=\"text-center\"><strong>Ottawa<\/strong><\/p>\n<\/td>\n<td style=\"width: 232px; background-color: #d6e0ec;\" colspan=\"2\">\n<p class=\"text-center\"><strong>UNOS<\/strong><\/p>\n<\/td>\n<\/tr>\n<tr style=\"background-color: #d6e0ec;\">\n<td style=\"width: 137px;\">\n<p class=\"text-center\"><strong>Apr\u00e8s 1\u00a0an<\/strong><\/p>\n<\/td>\n<td style=\"width: 118px;\">\n<p class=\"text-center\"><strong>Apr\u00e8s 5 ans<\/strong><\/p>\n<\/td>\n<td style=\"width: 124px;\">\n<p class=\"text-center\"><strong>Apr\u00e8s 1\u00a0an<\/strong><\/p>\n<\/td>\n<td><strong>Apr\u00e8s 5 an<\/strong>s<\/td>\n<\/tr>\n<tr>\n<td style=\"background-color: #d6e0ec;\">\n<p class=\"text-center\"><strong>Taux de survie<br \/>\ndu patient<\/strong><\/p>\n<\/td>\n<td style=\"width: 137px;\">\n<p class=\"text-center\"><strong>97.7 %<\/strong><\/p>\n<\/td>\n<td style=\"width: 118px;\">\n<p class=\"text-center\"><strong>88.5 %<\/strong><\/p>\n<\/td>\n<td style=\"width: 124px;\">\n<p class=\"text-center\"><strong>97.9 %<\/strong><\/p>\n<\/td>\n<td style=\"width: 108px;\">\n<p class=\"text-center\"><strong>90.2 %<\/strong><\/p>\n<\/td>\n<\/tr>\n<tr>\n<td style=\"background-color: #d6e0ec;\">\n<p class=\"text-center\"><strong>Taux de survie du rein transplant\u00e9<\/strong><\/p>\n<\/td>\n<td style=\"width: 137px;\">\n<p class=\"text-center\"><strong>93.6 %<\/strong><\/p>\n<\/td>\n<td style=\"width: 118px;\">\n<p class=\"text-center\"><strong>80.1 %<\/strong><\/p>\n<\/td>\n<td style=\"width: 124px;\">\n<p class=\"text-center\"><strong>95.1 %<\/strong><\/p>\n<\/td>\n<td style=\"width: 108px;\">\n<p class=\"text-center\"><strong>79.7 %<\/strong><\/p>\n<\/td>\n<\/tr>\n<\/tbody>\n<\/table>\n<\/div>\n<ul>\n<li>Donn\u00e9es de l\u2019UNOS consult\u00e9es sur le site Web de l\u2019UNOS (<a href=\"https:\/\/www.unos.org\/\" target=\"_blank\">https:\/\/www.unos.org\/<\/a>) le\u00a022\u00a0juin\u00a02007<\/li>\n<li>Les donn\u00e9es pour Ottawa regroupent les premi\u00e8res transplantations et les transplantations subs\u00e9quentes<\/li>\n<li>Le taux de survie du rein transplant\u00e9 tient compte des patients qui sont morts m\u00eame si le rein fonctionnait (n=32), ainsi que des patients dont l\u2019insuffisance r\u00e9nale s\u2019est manifest\u00e9e de nouveau et qui ont d\u00fb reprendre la dialyse<\/li>\n<li>Donn\u00e9es provenant de la totalit\u00e9 des\u00a0395\u00a0patients ayant re\u00e7u une transplantation entre janvier\u00a02000 et d\u00e9cembre\u00a02006. Le dernier suivi remonte au 22\u00a0juin\u00a02007.<\/li>\n<li>L\u2019\u00e9tat de tous les patients a \u00e9t\u00e9 v\u00e9rifi\u00e9 le\u00a022\u00a0juin\u00a02007 par le D<sup>r<\/sup>\u00a0Knoll.<\/li>\n<\/ul>\n","protected":false},"excerpt":{"rendered":"<p>Le tableau ci-dessous montre le nombre de transplantations de rein provenant de donneurs vivants pratiqu\u00e9es au Canada, en Ontario et \u00e0 Ottawa entre\u00a02002\u00a0et\u00a02009. Il montre \u00e0 quel point le nombre de transplantations d\u2019organes de personnes vivantes a augment\u00e9 au fil des ans. 2002 2003 2004 2005 2006 2007 2008 2009 Canada 399 400 416 440 [&hellip;]<\/p>\n","protected":false},"author":25,"featured_media":0,"parent":12780,"menu_order":8,"comment_status":"closed","ping_status":"closed","template":"","meta":{"_acf_changed":false,"_mc_calendar":[],"footnotes":""},"class_list":["post-13279","page","type-page","status-publish","hentry"],"acf":[],"wps_subtitle":"","_links":{"self":[{"href":"https:\/\/www.ottawahospital.on.ca\/fr\/wp-json\/wp\/v2\/pages\/13279","targetHints":{"allow":["GET"]}}],"collection":[{"href":"https:\/\/www.ottawahospital.on.ca\/fr\/wp-json\/wp\/v2\/pages"}],"about":[{"href":"https:\/\/www.ottawahospital.on.ca\/fr\/wp-json\/wp\/v2\/types\/page"}],"author":[{"embeddable":true,"href":"https:\/\/www.ottawahospital.on.ca\/fr\/wp-json\/wp\/v2\/users\/25"}],"replies":[{"embeddable":true,"href":"https:\/\/www.ottawahospital.on.ca\/fr\/wp-json\/wp\/v2\/comments?post=13279"}],"version-history":[{"count":0,"href":"https:\/\/www.ottawahospital.on.ca\/fr\/wp-json\/wp\/v2\/pages\/13279\/revisions"}],"up":[{"embeddable":true,"href":"https:\/\/www.ottawahospital.on.ca\/fr\/wp-json\/wp\/v2\/pages\/12780"}],"wp:attachment":[{"href":"https:\/\/www.ottawahospital.on.ca\/fr\/wp-json\/wp\/v2\/media?parent=13279"}],"curies":[{"name":"wp","href":"https:\/\/api.w.org\/{rel}","templated":true}]}}